{"id":5217,"date":"2024-04-23T21:16:31","date_gmt":"2024-04-23T18:16:31","guid":{"rendered":"https:\/\/oyprojects.com\/ozumanatolia\/"},"modified":"2024-04-24T00:20:08","modified_gmt":"2024-04-23T21:20:08","slug":"ozumanatolia","status":"publish","type":"page","link":"https:\/\/oyprojects.com\/tr\/ozumanatolia\/","title":{"rendered":"OZUManatolia"},"content":{"rendered":"\t\t<div data-elementor-type=\"wp-page\" data-elementor-id=\"5217\" class=\"elementor elementor-5217 elementor-5199\">\n\t\t\t\t\t\t<section class=\"elementor-section elementor-top-section elementor-element elementor-element-4a6de59 elementor-section-height-min-height elementor-section-boxed elementor-section-height-default elementor-section-items-middle\" data-id=\"4a6de59\" data-element_type=\"section\" data-settings=\"{&quot;background_background&quot;:&quot;classic&quot;}\">\n\t\t\t\t\t\t<div class=\"elementor-container elementor-column-gap-default\">\n\t\t\t\t\t<div class=\"elementor-column elementor-col-100 elementor-top-column elementor-element elementor-element-4005ce9\" data-id=\"4005ce9\" data-element_type=\"column\">\n\t\t\t<div class=\"elementor-widget-wrap elementor-element-populated\">\n\t\t\t\t\t\t<div class=\"elementor-element elementor-element-7f4432e elementor-widget elementor-widget-heading\" data-id=\"7f4432e\" data-element_type=\"widget\" data-widget_type=\"heading.default\">\n\t\t\t\t<div class=\"elementor-widget-container\">\n\t\t\t<h1 class=\"elementor-heading-title elementor-size-default\">\u00d6Z\u00dcManatolia'n\u0131n Hikayesi<\/h1>\t\t<\/div>\n\t\t\t\t<\/div>\n\t\t\t\t<div class=\"elementor-element elementor-element-522552d elementor-widget elementor-widget-breadcrumbs\" data-id=\"522552d\" data-element_type=\"widget\" data-widget_type=\"breadcrumbs.default\">\n\t\t\t\t<div class=\"elementor-widget-container\">\n\t\t\t<div id=\"breadcrumbs\"><span><span><a href=\"https:\/\/oyprojects.com\/tr\/\">Home<\/a><\/span><\/span><\/div>\t\t<\/div>\n\t\t\t\t<\/div>\n\t\t\t\t\t<\/div>\n\t\t<\/div>\n\t\t\t\t\t<\/div>\n\t\t<\/section>\n\t\t\t\t<section class=\"elementor-section elementor-top-section elementor-element elementor-element-0ce041a elementor-section-boxed elementor-section-height-default elementor-section-height-default\" data-id=\"0ce041a\" data-element_type=\"section\">\n\t\t\t\t\t\t<div class=\"elementor-container elementor-column-gap-default\">\n\t\t\t\t\t<div class=\"elementor-column elementor-col-50 elementor-top-column elementor-element elementor-element-bc5377f\" data-id=\"bc5377f\" data-element_type=\"column\">\n\t\t\t<div class=\"elementor-widget-wrap elementor-element-populated\">\n\t\t\t\t\t\t<div class=\"elementor-element elementor-element-70ad15f elementor-widget__width-initial elementor-widget elementor-widget-image\" data-id=\"70ad15f\" data-element_type=\"widget\" data-widget_type=\"image.default\">\n\t\t\t\t<div class=\"elementor-widget-container\">\n\t\t\t\t\t\t\t\t\t\t\t\t\t<img fetchpriority=\"high\" decoding=\"async\" width=\"1024\" height=\"575\" src=\"https:\/\/oyprojects.com\/wp-content\/uploads\/2024\/04\/ozumanatolia1.jpg\" class=\"attachment-full size-full wp-image-5202\" alt=\"\" srcset=\"https:\/\/oyprojects.com\/wp-content\/uploads\/2024\/04\/ozumanatolia1.jpg 1024w, https:\/\/oyprojects.com\/wp-content\/uploads\/2024\/04\/ozumanatolia1-300x168.jpg 300w, https:\/\/oyprojects.com\/wp-content\/uploads\/2024\/04\/ozumanatolia1-768x431.jpg 768w\" sizes=\"(max-width: 1024px) 100vw, 1024px\" \/>\t\t\t\t\t\t\t\t\t\t\t\t\t<\/div>\n\t\t\t\t<\/div>\n\t\t\t\t<div class=\"elementor-element elementor-element-be30271 elementor-widget elementor-widget-text-editor\" data-id=\"be30271\" data-element_type=\"widget\" data-widget_type=\"text-editor.default\">\n\t\t\t\t<div class=\"elementor-widget-container\">\n\t\t\t\t\t\t\t<p>Ailemizin Urfa \u0130li Bu\u011fday Tarlalar\u0131<\/p>\n\t\t\t\t\t\t<\/div>\n\t\t\t\t<\/div>\n\t\t\t\t\t<\/div>\n\t\t<\/div>\n\t\t\t\t<div class=\"elementor-column elementor-col-50 elementor-top-column elementor-element elementor-element-662ba4d\" data-id=\"662ba4d\" data-element_type=\"column\">\n\t\t\t<div class=\"elementor-widget-wrap elementor-element-populated\">\n\t\t\t\t\t\t<div class=\"elementor-element elementor-element-26c9e92 elementor-widget__width-initial elementor-widget elementor-widget-image\" data-id=\"26c9e92\" data-element_type=\"widget\" data-widget_type=\"image.default\">\n\t\t\t\t<div class=\"elementor-widget-container\">\n\t\t\t\t\t\t\t\t\t\t\t\t\t<img decoding=\"async\" width=\"1024\" height=\"575\" src=\"https:\/\/oyprojects.com\/wp-content\/uploads\/2024\/04\/Dikim-icin-depolamanin-hazirlanmasi.jpg\" class=\"attachment-full size-full wp-image-5269\" alt=\"\" srcset=\"https:\/\/oyprojects.com\/wp-content\/uploads\/2024\/04\/Dikim-icin-depolamanin-hazirlanmasi.jpg 1024w, https:\/\/oyprojects.com\/wp-content\/uploads\/2024\/04\/Dikim-icin-depolamanin-hazirlanmasi-300x168.jpg 300w, https:\/\/oyprojects.com\/wp-content\/uploads\/2024\/04\/Dikim-icin-depolamanin-hazirlanmasi-768x431.jpg 768w\" sizes=\"(max-width: 1024px) 100vw, 1024px\" \/>\t\t\t\t\t\t\t\t\t\t\t\t\t<\/div>\n\t\t\t\t<\/div>\n\t\t\t\t<div class=\"elementor-element elementor-element-5943ad2 elementor-widget elementor-widget-text-editor\" data-id=\"5943ad2\" data-element_type=\"widget\" data-widget_type=\"text-editor.default\">\n\t\t\t\t<div class=\"elementor-widget-container\">\n\t\t\t\t\t\t\t<p><span style=\"vertical-align: inherit;\"><span style=\"vertical-align: inherit;\">Dikim i\u00e7in depolaman\u0131n haz\u0131rlanmas\u0131<\/span><\/span><\/p>\t\t\t\t\t\t<\/div>\n\t\t\t\t<\/div>\n\t\t\t\t\t<\/div>\n\t\t<\/div>\n\t\t\t\t\t<\/div>\n\t\t<\/section>\n\t\t\t\t<section class=\"elementor-section elementor-top-section elementor-element elementor-element-7ec5790 elementor-section-boxed elementor-section-height-default elementor-section-height-default\" data-id=\"7ec5790\" data-element_type=\"section\">\n\t\t\t\t\t\t<div class=\"elementor-container elementor-column-gap-default\">\n\t\t\t\t\t<div class=\"elementor-column elementor-col-100 elementor-top-column elementor-element elementor-element-a281fb1\" data-id=\"a281fb1\" data-element_type=\"column\">\n\t\t\t<div class=\"elementor-widget-wrap elementor-element-populated\">\n\t\t\t\t\t\t<div class=\"elementor-element elementor-element-f4ddd66 elementor-widget elementor-widget-text-editor\" data-id=\"f4ddd66\" data-element_type=\"widget\" data-widget_type=\"text-editor.default\">\n\t\t\t\t<div class=\"elementor-widget-container\">\n\t\t\t\t\t\t\t<p>\u00d6Z\u00dcManatolia\u00ae&#8217;y\u0131 hasret felsefesiyle yaratt\u0131k\u2026 Ge\u00e7mi\u015fte do\u011fal ya\u015fama \u00f6zlemimiz, bizi modern ya\u015fam anlay\u0131\u015f\u0131na meydan okuyup tasar\u0131mlar\u0131m\u0131za yans\u0131tmaya, \u00f6zg\u00fcn tasar\u0131ml\u0131 \u00fcr\u00fcnlerle daha sa\u011fl\u0131kl\u0131 ya\u015fam tercihlerini te\u015fvik etmeye y\u00f6neltti.<\/p><p>\u015eirket kurucusu O.Y. diyor; \u201cGe\u00e7mi\u015fe bak\u0131n; her \u015feyin do\u011fal oldu\u011fu, sa\u011fl\u0131kl\u0131 oldu\u011fu ve bunu geri getirmeyi arzulad\u0131\u011f\u0131m zamanlara. Eskiden daha az se\u00e7enek olabilirdi ama se\u00e7imler ger\u00e7ekti ve saft\u0131, sa\u011fl\u0131k getirdi ve ger\u00e7ek zenginlik de buydu. B\u00fcy\u00fckannem ve b\u00fcy\u00fckbabam\u0131 k\u0131skan\u0131yorum, onlar \u015fansl\u0131 olanlard\u0131! Benim ge\u00e7mi\u015fim Akdeniz&#8217;in lale imaj\u0131 T\u00fcrkiye&#8217;den; hepimizin ihtiya\u00e7 duydu\u011fu ve \u00f6zledi\u011fim \u015fifa hazinesi do\u011fal tarlalar\u0131yla bana ilham veren bir yer&#8230;&#8221;<\/p><p>Anadolu medeniyetlerin be\u015fi\u011fidir, T\u00fcrkiye co\u011frafi olarak d\u00fcnya hazinesi \u00fczerinde yer alan, Bat\u0131&#8217;y\u0131 Do\u011fu&#8217;ya bir k\u00f6pr\u00fc gibi ba\u011flayan bir \u00fclkedir.<\/p><p>Bu topraklarda ya\u015fam\u0131\u015f kadim medeniyetler hepimizin zenginli\u011fidir. S\u00fcmerler, Hititler, Asurlular, Urartular\u2026 Arkeolojik kal\u0131nt\u0131lar, mozaikler bu g\u00fcn i\u00e7in her \u015fey a\u00e7\u0131s\u0131ndan paha bi\u00e7ilemez bir ilham kayna\u011f\u0131d\u0131r.<\/p><p>\u00dc\u00e7 deniz ve d\u00f6rt mevsimle \u00e7evrili olan \u00fclkede, Akdeniz \u0130klimi, bu zenginle\u015ftirici topraklarda do\u011fal hasad\u0131n bereketini ve verimlili\u011fini besliyor. \u00dclkenin bat\u0131s\u0131 2000 y\u0131l \u00f6ncesinden insanl\u0131k miras\u0131 olan ZEYT\u0130N a\u011fa\u00e7lar\u0131n\u0131 ta\u015f\u0131yor. \u00dclkenin do\u011fusu, antik \u00e7a\u011flardan beri BU\u011eDAY deposu olan, g\u00fcn\u00fcm\u00fczden 12.000 y\u0131l \u00f6ncesine kadar uzand\u0131\u011f\u0131 kan\u0131tlanm\u0131\u015f olan Urfa&#8217;daki G\u00f6beklitepe, insanl\u0131k tarihini de\u011fi\u015ftirecek ve yeniden yazacak d\u00fcnyan\u0131n en eski kal\u0131nt\u0131lar\u0131d\u0131r.<\/p><p>O.Y. Han\u0131m&#8217;\u0131n aile k\u00f6kleri Urfa&#8217;ya dayanmaktad\u0131r ve Osmanl\u0131 \u0130mparatorlu\u011fu Ar\u015fivleri&#8217;nde resmi olarak 650 y\u0131l \u00f6ncesine kadar uzanan sayg\u0131n bir soy a\u011fac\u0131 ve O.Y. 14. ku\u015fakt\u0131r. www.hacikamiller.com Aile miras\u0131 topraklar y\u0131llard\u0131r hasat veriyor ve biz de bunlar\u0131 payla\u015f\u0131p kendi markalar\u0131m\u0131z alt\u0131nda sunmaya karar verdik.<\/p><p>Ergenlik \u00e7a\u011f\u0131ndan beri bir Akdeniz k\u0131z\u0131 olarak sa\u011fl\u0131kl\u0131 ya\u015fam tarz\u0131n\u0131 se\u00e7en O.Y. En son trendleri bulma ve takip etme konusunda \u00f6nc\u00fc olmu\u015ftur. Sonunda sa\u011fl\u0131kl\u0131 olman\u0131n ve sa\u011fl\u0131kl\u0131 ya\u015faman\u0131n tarifinin daha ileri gitmedi\u011fi, ge\u00e7mi\u015fe d\u00f6nece\u011fimiz sonucuna vard\u0131. Ge\u00e7mi\u015f; Sa\u011fl\u0131kl\u0131 olman\u0131n ve sa\u011fl\u0131kl\u0131 ya\u015faman\u0131n tek tarifinin Organik ve Do\u011fal oldu\u011fu yer.<\/p><p>Bu ger\u00e7ekler O.Y.&#8217;yi motive etti. Bereketli Anadolu topraklar\u0131n\u0131n hazinesi \u00fcr\u00fcn \u00e7e\u015fitleriyle Organik&amp;Do\u011fal ya\u015fam tarz\u0131n\u0131 hayata ge\u00e7irmek ve kendi markam\u0131z \u201c\u00d6Z\u00dcManatolia\u00ae\u201dy\u0131 do\u011furmak\u2026\u00a0<\/p>\t\t\t\t\t\t<\/div>\n\t\t\t\t<\/div>\n\t\t\t\t\t<\/div>\n\t\t<\/div>\n\t\t\t\t\t<\/div>\n\t\t<\/section>\n\t\t\t\t<section class=\"elementor-section elementor-top-section elementor-element elementor-element-6b71140 elementor-section-boxed elementor-section-height-default elementor-section-height-default\" data-id=\"6b71140\" data-element_type=\"section\">\n\t\t\t\t\t\t<div class=\"elementor-container elementor-column-gap-default\">\n\t\t\t\t\t<div class=\"elementor-column elementor-col-100 elementor-top-column elementor-element elementor-element-c5b1288\" data-id=\"c5b1288\" data-element_type=\"column\">\n\t\t\t<div class=\"elementor-widget-wrap elementor-element-populated\">\n\t\t\t\t\t\t<div class=\"elementor-element elementor-element-d589ea7 elementor-widget elementor-widget-image\" data-id=\"d589ea7\" data-element_type=\"widget\" data-widget_type=\"image.default\">\n\t\t\t\t<div class=\"elementor-widget-container\">\n\t\t\t\t\t\t\t\t\t\t\t\t\t<img decoding=\"async\" src=\"https:\/\/oyprojects.com\/wp-content\/uploads\/2024\/04\/dogus-.jpeg\" title=\"dogus-\" alt=\"dogus-\" loading=\"lazy\" \/>\t\t\t\t\t\t\t\t\t\t\t\t\t<\/div>\n\t\t\t\t<\/div>\n\t\t\t\t<div class=\"elementor-element elementor-element-25f5d08 elementor-widget elementor-widget-text-editor\" data-id=\"25f5d08\" data-element_type=\"widget\" data-widget_type=\"text-editor.default\">\n\t\t\t\t<div class=\"elementor-widget-container\">\n\t\t\t\t\t\t\tDO\u011eU\u015e Gazetesi Yay\u0131nlanma Tarihi: 18 Ocak 1972\n\n\t\t\t\t\t\t<\/div>\n\t\t\t\t<\/div>\n\t\t\t\t\t<\/div>\n\t\t<\/div>\n\t\t\t\t\t<\/div>\n\t\t<\/section>\n\t\t\t\t<section class=\"elementor-section elementor-top-section elementor-element elementor-element-e8dce92 elementor-section-boxed elementor-section-height-default elementor-section-height-default\" data-id=\"e8dce92\" data-element_type=\"section\">\n\t\t\t\t\t\t<div class=\"elementor-container elementor-column-gap-default\">\n\t\t\t\t\t<div class=\"elementor-column elementor-col-100 elementor-top-column elementor-element elementor-element-0031b88\" data-id=\"0031b88\" data-element_type=\"column\">\n\t\t\t<div class=\"elementor-widget-wrap elementor-element-populated\">\n\t\t\t\t\t\t<div class=\"elementor-element elementor-element-50cae71 elementor-widget elementor-widget-text-editor\" data-id=\"50cae71\" data-element_type=\"widget\" data-widget_type=\"text-editor.default\">\n\t\t\t\t<div class=\"elementor-widget-container\">\n\t\t\t\t\t\t\tHasat topraklar\u0131m\u0131z, kurucumuz O.Y. Han\u0131m&#8217;\u0131n sevgili dedesi merhum Osman \u00c7ADIRCI Bey&#8217;den, do\u011fdu\u011fu \u015fehir Urfa&#8217;ya ve b\u00f6lgesine bir\u00e7ok y\u00f6nden faydal\u0131 olmu\u015f sayg\u0131n giri\u015fimci ve bilge i\u015f adam\u0131&#8217;ndan mirast\u0131r. \n\nHepsini geli\u015ftirmi\u015f, binlerce ki\u015fiye istihdam sa\u011flam\u0131\u015f, son nefesine kadar herkese yard\u0131m etmi\u015fti.\t\t\t\t\t\t<\/div>\n\t\t\t\t<\/div>\n\t\t\t\t\t<\/div>\n\t\t<\/div>\n\t\t\t\t\t<\/div>\n\t\t<\/section>\n\t\t\t\t<\/div>\n\t\t","protected":false},"excerpt":{"rendered":"<p>\u00d6Z\u00dcManatolia&#8217;n\u0131n Hikayesi Ailemizin Urfa \u0130li Bu\u011fday Tarlalar\u0131 Dikim i\u00e7in depolaman\u0131n haz\u0131rlanmas\u0131 \u00d6Z\u00dcManatolia\u00ae&#8217;y\u0131 hasret felsefesiyle yaratt\u0131k\u2026 Ge\u00e7mi\u015fte do\u011fal ya\u015fama \u00f6zlemimiz, bizi modern ya\u015fam anlay\u0131\u015f\u0131na meydan okuyup tasar\u0131mlar\u0131m\u0131za yans\u0131tmaya, \u00f6zg\u00fcn tasar\u0131ml\u0131 \u00fcr\u00fcnlerle daha sa\u011fl\u0131kl\u0131 ya\u015fam tercihlerini te\u015fvik etmeye y\u00f6neltti. \u015eirket kurucusu O.Y. diyor; \u201cGe\u00e7mi\u015fe bak\u0131n; her \u015feyin do\u011fal oldu\u011fu, sa\u011fl\u0131kl\u0131 oldu\u011fu ve bunu geri getirmeyi arzulad\u0131\u011f\u0131m zamanlara. [&hellip;]<\/p>\n","protected":false},"author":1,"featured_media":0,"parent":0,"menu_order":0,"comment_status":"closed","ping_status":"closed","template":"elementor_header_footer","meta":{"footnotes":""},"yoast_head":"<!-- This site is optimized with the Yoast SEO plugin v22.5 - https:\/\/yoast.com\/wordpress\/plugins\/seo\/ -->\n<title>OZUManatolia - OYPROJECTS<\/title>\n<meta name=\"robots\" content=\"index, follow, max-snippet:-1, max-image-preview:large, max-video-preview:-1\" \/>\n<link rel=\"canonical\" href=\"https:\/\/oyprojects.com\/tr\/ozumanatolia\/\" \/>\n<meta property=\"og:locale\" content=\"tr_TR\" \/>\n<meta property=\"og:type\" content=\"article\" \/>\n<meta property=\"og:title\" content=\"OZUManatolia - OYPROJECTS\" \/>\n<meta property=\"og:description\" content=\"\u00d6Z\u00dcManatolia&#8217;n\u0131n Hikayesi Ailemizin Urfa \u0130li Bu\u011fday Tarlalar\u0131 Dikim i\u00e7in depolaman\u0131n haz\u0131rlanmas\u0131 \u00d6Z\u00dcManatolia\u00ae&#8217;y\u0131 hasret felsefesiyle yaratt\u0131k\u2026 Ge\u00e7mi\u015fte do\u011fal ya\u015fama \u00f6zlemimiz, bizi modern ya\u015fam anlay\u0131\u015f\u0131na meydan okuyup tasar\u0131mlar\u0131m\u0131za yans\u0131tmaya, \u00f6zg\u00fcn tasar\u0131ml\u0131 \u00fcr\u00fcnlerle daha sa\u011fl\u0131kl\u0131 ya\u015fam tercihlerini te\u015fvik etmeye y\u00f6neltti. \u015eirket kurucusu O.Y. diyor; \u201cGe\u00e7mi\u015fe bak\u0131n; her \u015feyin do\u011fal oldu\u011fu, sa\u011fl\u0131kl\u0131 oldu\u011fu ve bunu geri getirmeyi arzulad\u0131\u011f\u0131m zamanlara. [&hellip;]\" \/>\n<meta property=\"og:url\" content=\"https:\/\/oyprojects.com\/tr\/ozumanatolia\/\" \/>\n<meta property=\"og:site_name\" content=\"OYPROJECTS\" \/>\n<meta property=\"article:modified_time\" content=\"2024-04-23T21:20:08+00:00\" \/>\n<meta property=\"og:image\" content=\"https:\/\/oyprojects.com\/wp-content\/uploads\/2024\/04\/ozumanatolia1.jpg\" \/>\n<meta name=\"twitter:card\" content=\"summary_large_image\" \/>\n<meta name=\"twitter:label1\" content=\"Tahmini okuma s\u00fcresi\" \/>\n\t<meta name=\"twitter:data1\" content=\"3 dakika\" \/>\n<script type=\"application\/ld+json\" class=\"yoast-schema-graph\">{\"@context\":\"https:\/\/schema.org\",\"@graph\":[{\"@type\":\"WebPage\",\"@id\":\"https:\/\/oyprojects.com\/tr\/ozumanatolia\/\",\"url\":\"https:\/\/oyprojects.com\/tr\/ozumanatolia\/\",\"name\":\"OZUManatolia - OYPROJECTS\",\"isPartOf\":{\"@id\":\"https:\/\/oyprojects.com\/tr\/#website\"},\"primaryImageOfPage\":{\"@id\":\"https:\/\/oyprojects.com\/tr\/ozumanatolia\/#primaryimage\"},\"image\":{\"@id\":\"https:\/\/oyprojects.com\/tr\/ozumanatolia\/#primaryimage\"},\"thumbnailUrl\":\"https:\/\/oyprojects.com\/wp-content\/uploads\/2024\/04\/ozumanatolia1.jpg\",\"datePublished\":\"2024-04-23T18:16:31+00:00\",\"dateModified\":\"2024-04-23T21:20:08+00:00\",\"breadcrumb\":{\"@id\":\"https:\/\/oyprojects.com\/tr\/ozumanatolia\/#breadcrumb\"},\"inLanguage\":\"tr\",\"potentialAction\":[{\"@type\":\"ReadAction\",\"target\":[\"https:\/\/oyprojects.com\/tr\/ozumanatolia\/\"]}]},{\"@type\":\"ImageObject\",\"inLanguage\":\"tr\",\"@id\":\"https:\/\/oyprojects.com\/tr\/ozumanatolia\/#primaryimage\",\"url\":\"https:\/\/oyprojects.com\/wp-content\/uploads\/2024\/04\/ozumanatolia1.jpg\",\"contentUrl\":\"https:\/\/oyprojects.com\/wp-content\/uploads\/2024\/04\/ozumanatolia1.jpg\"},{\"@type\":\"BreadcrumbList\",\"@id\":\"https:\/\/oyprojects.com\/tr\/ozumanatolia\/#breadcrumb\",\"itemListElement\":[{\"@type\":\"ListItem\",\"position\":1,\"name\":\"Home\",\"item\":\"https:\/\/oyprojects.com\/tr\/\"},{\"@type\":\"ListItem\",\"position\":2,\"name\":\"OZUManatolia\"}]},{\"@type\":\"WebSite\",\"@id\":\"https:\/\/oyprojects.com\/tr\/#website\",\"url\":\"https:\/\/oyprojects.com\/tr\/\",\"name\":\"OYPROJECTS\",\"description\":\"Interior Design &amp; International Trade\",\"publisher\":{\"@id\":\"https:\/\/oyprojects.com\/tr\/#organization\"},\"potentialAction\":[{\"@type\":\"SearchAction\",\"target\":{\"@type\":\"EntryPoint\",\"urlTemplate\":\"https:\/\/oyprojects.com\/tr\/?s={search_term_string}\"},\"query-input\":\"required name=search_term_string\"}],\"inLanguage\":\"tr\"},{\"@type\":\"Organization\",\"@id\":\"https:\/\/oyprojects.com\/tr\/#organization\",\"name\":\"OY PROJECTS\u00ae\",\"url\":\"https:\/\/oyprojects.com\/tr\/\",\"logo\":{\"@type\":\"ImageObject\",\"inLanguage\":\"tr\",\"@id\":\"https:\/\/oyprojects.com\/tr\/#\/schema\/logo\/image\/\",\"url\":\"https:\/\/oyprojects.com\/wp-content\/uploads\/2021\/06\/oyprojects-logo-EN.png\",\"contentUrl\":\"https:\/\/oyprojects.com\/wp-content\/uploads\/2021\/06\/oyprojects-logo-EN.png\",\"width\":1264,\"height\":346,\"caption\":\"OY PROJECTS\u00ae\"},\"image\":{\"@id\":\"https:\/\/oyprojects.com\/tr\/#\/schema\/logo\/image\/\"}}]}<\/script>\n<!-- \/ Yoast SEO plugin. -->","yoast_head_json":{"title":"OZUManatolia - OYPROJECTS","robots":{"index":"index","follow":"follow","max-snippet":"max-snippet:-1","max-image-preview":"max-image-preview:large","max-video-preview":"max-video-preview:-1"},"canonical":"https:\/\/oyprojects.com\/tr\/ozumanatolia\/","og_locale":"tr_TR","og_type":"article","og_title":"OZUManatolia - OYPROJECTS","og_description":"\u00d6Z\u00dcManatolia&#8217;n\u0131n Hikayesi Ailemizin Urfa \u0130li Bu\u011fday Tarlalar\u0131 Dikim i\u00e7in depolaman\u0131n haz\u0131rlanmas\u0131 \u00d6Z\u00dcManatolia\u00ae&#8217;y\u0131 hasret felsefesiyle yaratt\u0131k\u2026 Ge\u00e7mi\u015fte do\u011fal ya\u015fama \u00f6zlemimiz, bizi modern ya\u015fam anlay\u0131\u015f\u0131na meydan okuyup tasar\u0131mlar\u0131m\u0131za yans\u0131tmaya, \u00f6zg\u00fcn tasar\u0131ml\u0131 \u00fcr\u00fcnlerle daha sa\u011fl\u0131kl\u0131 ya\u015fam tercihlerini te\u015fvik etmeye y\u00f6neltti. \u015eirket kurucusu O.Y. diyor; \u201cGe\u00e7mi\u015fe bak\u0131n; her \u015feyin do\u011fal oldu\u011fu, sa\u011fl\u0131kl\u0131 oldu\u011fu ve bunu geri getirmeyi arzulad\u0131\u011f\u0131m zamanlara. [&hellip;]","og_url":"https:\/\/oyprojects.com\/tr\/ozumanatolia\/","og_site_name":"OYPROJECTS","article_modified_time":"2024-04-23T21:20:08+00:00","og_image":[{"url":"https:\/\/oyprojects.com\/wp-content\/uploads\/2024\/04\/ozumanatolia1.jpg"}],"twitter_card":"summary_large_image","twitter_misc":{"Tahmini okuma s\u00fcresi":"3 dakika"},"schema":{"@context":"https:\/\/schema.org","@graph":[{"@type":"WebPage","@id":"https:\/\/oyprojects.com\/tr\/ozumanatolia\/","url":"https:\/\/oyprojects.com\/tr\/ozumanatolia\/","name":"OZUManatolia - OYPROJECTS","isPartOf":{"@id":"https:\/\/oyprojects.com\/tr\/#website"},"primaryImageOfPage":{"@id":"https:\/\/oyprojects.com\/tr\/ozumanatolia\/#primaryimage"},"image":{"@id":"https:\/\/oyprojects.com\/tr\/ozumanatolia\/#primaryimage"},"thumbnailUrl":"https:\/\/oyprojects.com\/wp-content\/uploads\/2024\/04\/ozumanatolia1.jpg","datePublished":"2024-04-23T18:16:31+00:00","dateModified":"2024-04-23T21:20:08+00:00","breadcrumb":{"@id":"https:\/\/oyprojects.com\/tr\/ozumanatolia\/#breadcrumb"},"inLanguage":"tr","potentialAction":[{"@type":"ReadAction","target":["https:\/\/oyprojects.com\/tr\/ozumanatolia\/"]}]},{"@type":"ImageObject","inLanguage":"tr","@id":"https:\/\/oyprojects.com\/tr\/ozumanatolia\/#primaryimage","url":"https:\/\/oyprojects.com\/wp-content\/uploads\/2024\/04\/ozumanatolia1.jpg","contentUrl":"https:\/\/oyprojects.com\/wp-content\/uploads\/2024\/04\/ozumanatolia1.jpg"},{"@type":"BreadcrumbList","@id":"https:\/\/oyprojects.com\/tr\/ozumanatolia\/#breadcrumb","itemListElement":[{"@type":"ListItem","position":1,"name":"Home","item":"https:\/\/oyprojects.com\/tr\/"},{"@type":"ListItem","position":2,"name":"OZUManatolia"}]},{"@type":"WebSite","@id":"https:\/\/oyprojects.com\/tr\/#website","url":"https:\/\/oyprojects.com\/tr\/","name":"OYPROJECTS","description":"Interior Design &amp; International Trade","publisher":{"@id":"https:\/\/oyprojects.com\/tr\/#organization"},"potentialAction":[{"@type":"SearchAction","target":{"@type":"EntryPoint","urlTemplate":"https:\/\/oyprojects.com\/tr\/?s={search_term_string}"},"query-input":"required name=search_term_string"}],"inLanguage":"tr"},{"@type":"Organization","@id":"https:\/\/oyprojects.com\/tr\/#organization","name":"OY PROJECTS\u00ae","url":"https:\/\/oyprojects.com\/tr\/","logo":{"@type":"ImageObject","inLanguage":"tr","@id":"https:\/\/oyprojects.com\/tr\/#\/schema\/logo\/image\/","url":"https:\/\/oyprojects.com\/wp-content\/uploads\/2021\/06\/oyprojects-logo-EN.png","contentUrl":"https:\/\/oyprojects.com\/wp-content\/uploads\/2021\/06\/oyprojects-logo-EN.png","width":1264,"height":346,"caption":"OY PROJECTS\u00ae"},"image":{"@id":"https:\/\/oyprojects.com\/tr\/#\/schema\/logo\/image\/"}}]}},"_links":{"self":[{"href":"https:\/\/oyprojects.com\/tr\/wp-json\/wp\/v2\/pages\/5217"}],"collection":[{"href":"https:\/\/oyprojects.com\/tr\/wp-json\/wp\/v2\/pages"}],"about":[{"href":"https:\/\/oyprojects.com\/tr\/wp-json\/wp\/v2\/types\/page"}],"author":[{"embeddable":true,"href":"https:\/\/oyprojects.com\/tr\/wp-json\/wp\/v2\/users\/1"}],"replies":[{"embeddable":true,"href":"https:\/\/oyprojects.com\/tr\/wp-json\/wp\/v2\/comments?post=5217"}],"version-history":[{"count":28,"href":"https:\/\/oyprojects.com\/tr\/wp-json\/wp\/v2\/pages\/5217\/revisions"}],"predecessor-version":[{"id":5274,"href":"https:\/\/oyprojects.com\/tr\/wp-json\/wp\/v2\/pages\/5217\/revisions\/5274"}],"wp:attachment":[{"href":"https:\/\/oyprojects.com\/tr\/wp-json\/wp\/v2\/media?parent=5217"}],"curies":[{"name":"wp","href":"https:\/\/api.w.org\/{rel}","templated":true}]}}