{"id":4217,"date":"2021-07-01T12:00:14","date_gmt":"2021-07-01T09:00:14","guid":{"rendered":"https:\/\/oyprojects.com\/kaynaklar-ve-malzemeler\/"},"modified":"2024-04-17T21:33:33","modified_gmt":"2024-04-17T18:33:33","slug":"kaynaklar-ve-malzemeler","status":"publish","type":"page","link":"https:\/\/oyprojects.com\/tr\/kaynaklar-ve-malzemeler\/","title":{"rendered":"Kaynaklar ve Malzemeler"},"content":{"rendered":"\t\t<div data-elementor-type=\"wp-page\" data-elementor-id=\"4217\" class=\"elementor elementor-4217 elementor-3735\">\n\t\t\t\t\t\t<section class=\"elementor-section elementor-top-section elementor-element elementor-element-69e6edc7 elementor-section-height-min-height elementor-section-boxed elementor-section-height-default elementor-section-items-middle\" data-id=\"69e6edc7\" data-element_type=\"section\" data-settings=\"{&quot;background_background&quot;:&quot;classic&quot;}\">\n\t\t\t\t\t\t<div class=\"elementor-container elementor-column-gap-default\">\n\t\t\t\t\t<div class=\"elementor-column elementor-col-100 elementor-top-column elementor-element elementor-element-7de0e98d\" data-id=\"7de0e98d\" data-element_type=\"column\">\n\t\t\t<div class=\"elementor-widget-wrap elementor-element-populated\">\n\t\t\t\t\t\t<div class=\"elementor-element elementor-element-4807e3a elementor-widget elementor-widget-heading\" data-id=\"4807e3a\" data-element_type=\"widget\" data-widget_type=\"heading.default\">\n\t\t\t\t<div class=\"elementor-widget-container\">\n\t\t\t<h1 class=\"elementor-heading-title elementor-size-default\">KAYNAKLAR &amp; MALZEMELER<\/h1>\t\t<\/div>\n\t\t\t\t<\/div>\n\t\t\t\t<div class=\"elementor-element elementor-element-d9c80de elementor-widget elementor-widget-global elementor-global-5081 elementor-widget-breadcrumbs\" data-id=\"d9c80de\" data-element_type=\"widget\" data-widget_type=\"breadcrumbs.default\">\n\t\t\t\t<div class=\"elementor-widget-container\">\n\t\t\t<p id=\"breadcrumbs\"><span><span><a href=\"https:\/\/oyprojects.com\/tr\/\">Home<\/a><\/span><\/span><\/p>\t\t<\/div>\n\t\t\t\t<\/div>\n\t\t\t\t\t<\/div>\n\t\t<\/div>\n\t\t\t\t\t<\/div>\n\t\t<\/section>\n\t\t\t\t<section class=\"elementor-section elementor-top-section elementor-element elementor-element-4df4f80 elementor-section-boxed elementor-section-height-default elementor-section-height-default\" data-id=\"4df4f80\" data-element_type=\"section\" data-settings=\"{&quot;background_background&quot;:&quot;classic&quot;}\">\n\t\t\t\t\t\t<div class=\"elementor-container elementor-column-gap-default\">\n\t\t\t\t\t<div class=\"elementor-column elementor-col-50 elementor-top-column elementor-element elementor-element-f68196e\" data-id=\"f68196e\" data-element_type=\"column\">\n\t\t\t<div class=\"elementor-widget-wrap elementor-element-populated\">\n\t\t\t\t\t\t<div class=\"elementor-element elementor-element-ea45dd1 elementor-widget elementor-widget-image\" data-id=\"ea45dd1\" data-element_type=\"widget\" data-widget_type=\"image.default\">\n\t\t\t\t<div class=\"elementor-widget-container\">\n\t\t\t\t\t\t\t\t\t\t\t\t\t<img fetchpriority=\"high\" decoding=\"async\" width=\"800\" height=\"600\" src=\"https:\/\/oyprojects.com\/wp-content\/uploads\/2021\/06\/oyprojects-01-1024x768.jpg\" class=\"attachment-large size-large wp-image-2531\" alt=\"\" srcset=\"https:\/\/oyprojects.com\/wp-content\/uploads\/2021\/06\/oyprojects-01-1024x768.jpg 1024w, https:\/\/oyprojects.com\/wp-content\/uploads\/2021\/06\/oyprojects-01-300x225.jpg 300w, https:\/\/oyprojects.com\/wp-content\/uploads\/2021\/06\/oyprojects-01-768x576.jpg 768w, https:\/\/oyprojects.com\/wp-content\/uploads\/2021\/06\/oyprojects-01-1536x1152.jpg 1536w, https:\/\/oyprojects.com\/wp-content\/uploads\/2021\/06\/oyprojects-01-2048x1536.jpg 2048w\" sizes=\"(max-width: 800px) 100vw, 800px\" \/>\t\t\t\t\t\t\t\t\t\t\t\t\t<\/div>\n\t\t\t\t<\/div>\n\t\t\t\t\t<\/div>\n\t\t<\/div>\n\t\t\t\t<div class=\"elementor-column elementor-col-50 elementor-top-column elementor-element elementor-element-63c479f\" data-id=\"63c479f\" data-element_type=\"column\">\n\t\t\t<div class=\"elementor-widget-wrap elementor-element-populated\">\n\t\t\t\t\t\t<div class=\"elementor-element elementor-element-b57f41f elementor-widget elementor-widget-text-editor\" data-id=\"b57f41f\" data-element_type=\"widget\" data-widget_type=\"text-editor.default\">\n\t\t\t\t<div class=\"elementor-widget-container\">\n\t\t\t\t\t\t\t<div>\n<p>MARKALARIMIZ i\u00e7in kendi KOLEKS\u0130YONLARIMIZI \u00fcretmemizin yan\u0131 s\u0131ra d\u00fcnyan\u0131n d\u00f6rt bir yan\u0131ndan ni\u015f segment malzemelerin distrib\u00fct\u00f6rl\u00fcklerine sahip oldu\u011fumuz gibi;<\/p>\n<p><span class=\"bumpedfont15\"><span lang=\"EN-GB\">\u00d6Z\u00dcManatolia <\/span><\/span><\/p>\n<p><span class=\"bumpedfont15\"><span lang=\"EN-GB\">the<\/span><\/span>ONLYNATURAL<\/p>\n<p>Organik Bitkisel Renklendirme, Do\u011fal Elyaf ve El Dokumas\u0131 zenginli\u011fimizdir.<\/p>\n<p>D\u00f6\u015femelik Kuma\u015flar<\/p>\n<p>Duvar Ka\u011f\u0131tlar\u0131<\/p>\n<p>Mozaik Fayans<\/p>\n<p>Mermer<\/p>\n<p>Aksesuarlar<\/p>\n<\/div>\n\t\t\t\t\t\t<\/div>\n\t\t\t\t<\/div>\n\t\t\t\t\t<\/div>\n\t\t<\/div>\n\t\t\t\t\t<\/div>\n\t\t<\/section>\n\t\t\t\t<\/div>\n\t\t","protected":false},"excerpt":{"rendered":"<p>KAYNAKLAR &amp; MALZEMELER MARKALARIMIZ i\u00e7in kendi KOLEKS\u0130YONLARIMIZI \u00fcretmemizin yan\u0131 s\u0131ra d\u00fcnyan\u0131n d\u00f6rt bir yan\u0131ndan ni\u015f segment malzemelerin distrib\u00fct\u00f6rl\u00fcklerine sahip oldu\u011fumuz gibi; \u00d6Z\u00dcManatolia theONLYNATURAL Organik Bitkisel Renklendirme, Do\u011fal Elyaf ve El Dokumas\u0131 zenginli\u011fimizdir. D\u00f6\u015femelik Kuma\u015flar Duvar Ka\u011f\u0131tlar\u0131 Mozaik Fayans Mermer Aksesuarlar<\/p>\n","protected":false},"author":1,"featured_media":0,"parent":0,"menu_order":0,"comment_status":"closed","ping_status":"closed","template":"","meta":{"footnotes":""},"yoast_head":"<!-- This site is optimized with the Yoast SEO plugin v22.5 - https:\/\/yoast.com\/wordpress\/plugins\/seo\/ -->\n<title>Kaynaklar ve Malzemeler - OYPROJECTS<\/title>\n<meta name=\"robots\" content=\"index, follow, max-snippet:-1, max-image-preview:large, max-video-preview:-1\" \/>\n<link rel=\"canonical\" href=\"https:\/\/oyprojects.com\/tr\/kaynaklar-ve-malzemeler\/\" \/>\n<meta property=\"og:locale\" content=\"tr_TR\" \/>\n<meta property=\"og:type\" content=\"article\" \/>\n<meta property=\"og:title\" content=\"Kaynaklar ve Malzemeler - OYPROJECTS\" \/>\n<meta property=\"og:description\" content=\"KAYNAKLAR &amp; MALZEMELER MARKALARIMIZ i\u00e7in kendi KOLEKS\u0130YONLARIMIZI \u00fcretmemizin yan\u0131 s\u0131ra d\u00fcnyan\u0131n d\u00f6rt bir yan\u0131ndan ni\u015f segment malzemelerin distrib\u00fct\u00f6rl\u00fcklerine sahip oldu\u011fumuz gibi; \u00d6Z\u00dcManatolia theONLYNATURAL Organik Bitkisel Renklendirme, Do\u011fal Elyaf ve El Dokumas\u0131 zenginli\u011fimizdir. D\u00f6\u015femelik Kuma\u015flar Duvar Ka\u011f\u0131tlar\u0131 Mozaik Fayans Mermer Aksesuarlar\" \/>\n<meta property=\"og:url\" content=\"https:\/\/oyprojects.com\/tr\/kaynaklar-ve-malzemeler\/\" \/>\n<meta property=\"og:site_name\" content=\"OYPROJECTS\" \/>\n<meta property=\"article:modified_time\" content=\"2024-04-17T18:33:33+00:00\" \/>\n<meta property=\"og:image\" content=\"https:\/\/oyprojects.com\/wp-content\/uploads\/2021\/06\/oyprojects-01-1024x768.jpg\" \/>\n<meta name=\"twitter:card\" content=\"summary_large_image\" \/>\n<meta name=\"twitter:label1\" content=\"Tahmini okuma s\u00fcresi\" \/>\n\t<meta name=\"twitter:data1\" content=\"1 dakika\" \/>\n<script type=\"application\/ld+json\" class=\"yoast-schema-graph\">{\"@context\":\"https:\/\/schema.org\",\"@graph\":[{\"@type\":\"WebPage\",\"@id\":\"https:\/\/oyprojects.com\/tr\/kaynaklar-ve-malzemeler\/\",\"url\":\"https:\/\/oyprojects.com\/tr\/kaynaklar-ve-malzemeler\/\",\"name\":\"Kaynaklar ve Malzemeler - OYPROJECTS\",\"isPartOf\":{\"@id\":\"https:\/\/oyprojects.com\/tr\/#website\"},\"primaryImageOfPage\":{\"@id\":\"https:\/\/oyprojects.com\/tr\/kaynaklar-ve-malzemeler\/#primaryimage\"},\"image\":{\"@id\":\"https:\/\/oyprojects.com\/tr\/kaynaklar-ve-malzemeler\/#primaryimage\"},\"thumbnailUrl\":\"https:\/\/oyprojects.com\/wp-content\/uploads\/2021\/06\/oyprojects-01-1024x768.jpg\",\"datePublished\":\"2021-07-01T09:00:14+00:00\",\"dateModified\":\"2024-04-17T18:33:33+00:00\",\"breadcrumb\":{\"@id\":\"https:\/\/oyprojects.com\/tr\/kaynaklar-ve-malzemeler\/#breadcrumb\"},\"inLanguage\":\"tr\",\"potentialAction\":[{\"@type\":\"ReadAction\",\"target\":[\"https:\/\/oyprojects.com\/tr\/kaynaklar-ve-malzemeler\/\"]}]},{\"@type\":\"ImageObject\",\"inLanguage\":\"tr\",\"@id\":\"https:\/\/oyprojects.com\/tr\/kaynaklar-ve-malzemeler\/#primaryimage\",\"url\":\"https:\/\/oyprojects.com\/wp-content\/uploads\/2021\/06\/oyprojects-01-1024x768.jpg\",\"contentUrl\":\"https:\/\/oyprojects.com\/wp-content\/uploads\/2021\/06\/oyprojects-01-1024x768.jpg\"},{\"@type\":\"BreadcrumbList\",\"@id\":\"https:\/\/oyprojects.com\/tr\/kaynaklar-ve-malzemeler\/#breadcrumb\",\"itemListElement\":[{\"@type\":\"ListItem\",\"position\":1,\"name\":\"Home\",\"item\":\"https:\/\/oyprojects.com\/tr\/\"},{\"@type\":\"ListItem\",\"position\":2,\"name\":\"Kaynaklar ve Malzemeler\"}]},{\"@type\":\"WebSite\",\"@id\":\"https:\/\/oyprojects.com\/tr\/#website\",\"url\":\"https:\/\/oyprojects.com\/tr\/\",\"name\":\"OYPROJECTS\",\"description\":\"Interior Design &amp; International Trade\",\"publisher\":{\"@id\":\"https:\/\/oyprojects.com\/tr\/#organization\"},\"potentialAction\":[{\"@type\":\"SearchAction\",\"target\":{\"@type\":\"EntryPoint\",\"urlTemplate\":\"https:\/\/oyprojects.com\/tr\/?s={search_term_string}\"},\"query-input\":\"required name=search_term_string\"}],\"inLanguage\":\"tr\"},{\"@type\":\"Organization\",\"@id\":\"https:\/\/oyprojects.com\/tr\/#organization\",\"name\":\"OY PROJECTS\u00ae\",\"url\":\"https:\/\/oyprojects.com\/tr\/\",\"logo\":{\"@type\":\"ImageObject\",\"inLanguage\":\"tr\",\"@id\":\"https:\/\/oyprojects.com\/tr\/#\/schema\/logo\/image\/\",\"url\":\"https:\/\/oyprojects.com\/wp-content\/uploads\/2021\/06\/oyprojects-logo-EN.png\",\"contentUrl\":\"https:\/\/oyprojects.com\/wp-content\/uploads\/2021\/06\/oyprojects-logo-EN.png\",\"width\":1264,\"height\":346,\"caption\":\"OY PROJECTS\u00ae\"},\"image\":{\"@id\":\"https:\/\/oyprojects.com\/tr\/#\/schema\/logo\/image\/\"}}]}<\/script>\n<!-- \/ Yoast SEO plugin. -->","yoast_head_json":{"title":"Kaynaklar ve Malzemeler - OYPROJECTS","robots":{"index":"index","follow":"follow","max-snippet":"max-snippet:-1","max-image-preview":"max-image-preview:large","max-video-preview":"max-video-preview:-1"},"canonical":"https:\/\/oyprojects.com\/tr\/kaynaklar-ve-malzemeler\/","og_locale":"tr_TR","og_type":"article","og_title":"Kaynaklar ve Malzemeler - OYPROJECTS","og_description":"KAYNAKLAR &amp; MALZEMELER MARKALARIMIZ i\u00e7in kendi KOLEKS\u0130YONLARIMIZI \u00fcretmemizin yan\u0131 s\u0131ra d\u00fcnyan\u0131n d\u00f6rt bir yan\u0131ndan ni\u015f segment malzemelerin distrib\u00fct\u00f6rl\u00fcklerine sahip oldu\u011fumuz gibi; \u00d6Z\u00dcManatolia theONLYNATURAL Organik Bitkisel Renklendirme, Do\u011fal Elyaf ve El Dokumas\u0131 zenginli\u011fimizdir. D\u00f6\u015femelik Kuma\u015flar Duvar Ka\u011f\u0131tlar\u0131 Mozaik Fayans Mermer Aksesuarlar","og_url":"https:\/\/oyprojects.com\/tr\/kaynaklar-ve-malzemeler\/","og_site_name":"OYPROJECTS","article_modified_time":"2024-04-17T18:33:33+00:00","og_image":[{"url":"https:\/\/oyprojects.com\/wp-content\/uploads\/2021\/06\/oyprojects-01-1024x768.jpg"}],"twitter_card":"summary_large_image","twitter_misc":{"Tahmini okuma s\u00fcresi":"1 dakika"},"schema":{"@context":"https:\/\/schema.org","@graph":[{"@type":"WebPage","@id":"https:\/\/oyprojects.com\/tr\/kaynaklar-ve-malzemeler\/","url":"https:\/\/oyprojects.com\/tr\/kaynaklar-ve-malzemeler\/","name":"Kaynaklar ve Malzemeler - OYPROJECTS","isPartOf":{"@id":"https:\/\/oyprojects.com\/tr\/#website"},"primaryImageOfPage":{"@id":"https:\/\/oyprojects.com\/tr\/kaynaklar-ve-malzemeler\/#primaryimage"},"image":{"@id":"https:\/\/oyprojects.com\/tr\/kaynaklar-ve-malzemeler\/#primaryimage"},"thumbnailUrl":"https:\/\/oyprojects.com\/wp-content\/uploads\/2021\/06\/oyprojects-01-1024x768.jpg","datePublished":"2021-07-01T09:00:14+00:00","dateModified":"2024-04-17T18:33:33+00:00","breadcrumb":{"@id":"https:\/\/oyprojects.com\/tr\/kaynaklar-ve-malzemeler\/#breadcrumb"},"inLanguage":"tr","potentialAction":[{"@type":"ReadAction","target":["https:\/\/oyprojects.com\/tr\/kaynaklar-ve-malzemeler\/"]}]},{"@type":"ImageObject","inLanguage":"tr","@id":"https:\/\/oyprojects.com\/tr\/kaynaklar-ve-malzemeler\/#primaryimage","url":"https:\/\/oyprojects.com\/wp-content\/uploads\/2021\/06\/oyprojects-01-1024x768.jpg","contentUrl":"https:\/\/oyprojects.com\/wp-content\/uploads\/2021\/06\/oyprojects-01-1024x768.jpg"},{"@type":"BreadcrumbList","@id":"https:\/\/oyprojects.com\/tr\/kaynaklar-ve-malzemeler\/#breadcrumb","itemListElement":[{"@type":"ListItem","position":1,"name":"Home","item":"https:\/\/oyprojects.com\/tr\/"},{"@type":"ListItem","position":2,"name":"Kaynaklar ve Malzemeler"}]},{"@type":"WebSite","@id":"https:\/\/oyprojects.com\/tr\/#website","url":"https:\/\/oyprojects.com\/tr\/","name":"OYPROJECTS","description":"Interior Design &amp; International Trade","publisher":{"@id":"https:\/\/oyprojects.com\/tr\/#organization"},"potentialAction":[{"@type":"SearchAction","target":{"@type":"EntryPoint","urlTemplate":"https:\/\/oyprojects.com\/tr\/?s={search_term_string}"},"query-input":"required name=search_term_string"}],"inLanguage":"tr"},{"@type":"Organization","@id":"https:\/\/oyprojects.com\/tr\/#organization","name":"OY PROJECTS\u00ae","url":"https:\/\/oyprojects.com\/tr\/","logo":{"@type":"ImageObject","inLanguage":"tr","@id":"https:\/\/oyprojects.com\/tr\/#\/schema\/logo\/image\/","url":"https:\/\/oyprojects.com\/wp-content\/uploads\/2021\/06\/oyprojects-logo-EN.png","contentUrl":"https:\/\/oyprojects.com\/wp-content\/uploads\/2021\/06\/oyprojects-logo-EN.png","width":1264,"height":346,"caption":"OY PROJECTS\u00ae"},"image":{"@id":"https:\/\/oyprojects.com\/tr\/#\/schema\/logo\/image\/"}}]}},"_links":{"self":[{"href":"https:\/\/oyprojects.com\/tr\/wp-json\/wp\/v2\/pages\/4217"}],"collection":[{"href":"https:\/\/oyprojects.com\/tr\/wp-json\/wp\/v2\/pages"}],"about":[{"href":"https:\/\/oyprojects.com\/tr\/wp-json\/wp\/v2\/types\/page"}],"author":[{"embeddable":true,"href":"https:\/\/oyprojects.com\/tr\/wp-json\/wp\/v2\/users\/1"}],"replies":[{"embeddable":true,"href":"https:\/\/oyprojects.com\/tr\/wp-json\/wp\/v2\/comments?post=4217"}],"version-history":[{"count":0,"href":"https:\/\/oyprojects.com\/tr\/wp-json\/wp\/v2\/pages\/4217\/revisions"}],"wp:attachment":[{"href":"https:\/\/oyprojects.com\/tr\/wp-json\/wp\/v2\/media?parent=4217"}],"curies":[{"name":"wp","href":"https:\/\/api.w.org\/{rel}","templated":true}]}}