{"id":4215,"date":"2021-07-01T11:57:41","date_gmt":"2021-07-01T08:57:41","guid":{"rendered":"https:\/\/oyprojects.com\/yetkin\/"},"modified":"2024-04-23T23:53:03","modified_gmt":"2024-04-23T20:53:03","slug":"yetkin","status":"publish","type":"page","link":"https:\/\/oyprojects.com\/tr\/yetkin\/","title":{"rendered":"YETK\u0130N"},"content":{"rendered":"\t\t<div data-elementor-type=\"wp-page\" data-elementor-id=\"4215\" class=\"elementor elementor-4215 elementor-3747\">\n\t\t\t\t\t\t<section class=\"elementor-section elementor-top-section elementor-element elementor-element-69e6edc7 elementor-section-height-min-height elementor-section-boxed elementor-section-height-default elementor-section-items-middle\" data-id=\"69e6edc7\" data-element_type=\"section\" data-settings=\"{&quot;background_background&quot;:&quot;classic&quot;}\">\n\t\t\t\t\t\t<div class=\"elementor-container elementor-column-gap-default\">\n\t\t\t\t\t<div class=\"elementor-column elementor-col-100 elementor-top-column elementor-element elementor-element-7de0e98d\" data-id=\"7de0e98d\" data-element_type=\"column\">\n\t\t\t<div class=\"elementor-widget-wrap elementor-element-populated\">\n\t\t\t\t\t\t<div class=\"elementor-element elementor-element-4807e3a elementor-widget elementor-widget-heading\" data-id=\"4807e3a\" data-element_type=\"widget\" data-widget_type=\"heading.default\">\n\t\t\t\t<div class=\"elementor-widget-container\">\n\t\t\t<h1 class=\"elementor-heading-title elementor-size-default\">YETK\u0130N GRUP<\/h1>\t\t<\/div>\n\t\t\t\t<\/div>\n\t\t\t\t<div class=\"elementor-element elementor-element-b2a2fcb elementor-widget elementor-widget-global elementor-global-5081 elementor-widget-breadcrumbs\" data-id=\"b2a2fcb\" data-element_type=\"widget\" data-widget_type=\"breadcrumbs.default\">\n\t\t\t\t<div class=\"elementor-widget-container\">\n\t\t\t<p id=\"breadcrumbs\"><span><span><a href=\"https:\/\/oyprojects.com\/tr\/\">Home<\/a><\/span><\/span><\/p>\t\t<\/div>\n\t\t\t\t<\/div>\n\t\t\t\t\t<\/div>\n\t\t<\/div>\n\t\t\t\t\t<\/div>\n\t\t<\/section>\n\t\t\t\t<section class=\"elementor-section elementor-top-section elementor-element elementor-element-8748d90 elementor-section-boxed elementor-section-height-default elementor-section-height-default\" data-id=\"8748d90\" data-element_type=\"section\" data-settings=\"{&quot;background_background&quot;:&quot;classic&quot;}\">\n\t\t\t\t\t\t<div class=\"elementor-container elementor-column-gap-default\">\n\t\t\t\t\t<div class=\"elementor-column elementor-col-50 elementor-top-column elementor-element elementor-element-50ef80a\" data-id=\"50ef80a\" data-element_type=\"column\">\n\t\t\t<div class=\"elementor-widget-wrap elementor-element-populated\">\n\t\t\t\t\t\t<div class=\"elementor-element elementor-element-d799fdc elementor-widget elementor-widget-image\" data-id=\"d799fdc\" data-element_type=\"widget\" data-widget_type=\"image.default\">\n\t\t\t\t<div class=\"elementor-widget-container\">\n\t\t\t\t\t\t\t\t\t\t\t\t\t<img fetchpriority=\"high\" decoding=\"async\" width=\"800\" height=\"453\" src=\"https:\/\/oyprojects.com\/wp-content\/uploads\/2021\/06\/oyprojects-72-repsentatives-scaled-1024x580.jpg\" class=\"attachment-large size-large wp-image-2628\" alt=\"\" srcset=\"https:\/\/oyprojects.com\/wp-content\/uploads\/2021\/06\/oyprojects-72-repsentatives-scaled-1024x580.jpg 1024w, https:\/\/oyprojects.com\/wp-content\/uploads\/2021\/06\/oyprojects-72-repsentatives-scaled-300x170.jpg 300w, https:\/\/oyprojects.com\/wp-content\/uploads\/2021\/06\/oyprojects-72-repsentatives-scaled-768x435.jpg 768w, https:\/\/oyprojects.com\/wp-content\/uploads\/2021\/06\/oyprojects-72-repsentatives-scaled-1536x870.jpg 1536w, https:\/\/oyprojects.com\/wp-content\/uploads\/2021\/06\/oyprojects-72-repsentatives-scaled-2048x1160.jpg 2048w\" sizes=\"(max-width: 800px) 100vw, 800px\" \/>\t\t\t\t\t\t\t\t\t\t\t\t\t<\/div>\n\t\t\t\t<\/div>\n\t\t\t\t\t<\/div>\n\t\t<\/div>\n\t\t\t\t<div class=\"elementor-column elementor-col-50 elementor-top-column elementor-element elementor-element-0e4127b\" data-id=\"0e4127b\" data-element_type=\"column\">\n\t\t\t<div class=\"elementor-widget-wrap elementor-element-populated\">\n\t\t\t\t\t\t<div class=\"elementor-element elementor-element-6d4effe elementor-widget elementor-widget-text-editor\" data-id=\"6d4effe\" data-element_type=\"widget\" data-widget_type=\"text-editor.default\">\n\t\t\t\t<div class=\"elementor-widget-container\">\n\t\t\t\t\t\t\t<ul><li>YETK\u0130N \u0130n\u015faat ve Ticaret A.\u015e.,<\/li><\/ul><p><a style=\"font-family: var( --e-global-typography-text-font-family ), Sans-serif;\" href=\"http:\/\/www.yetkin-ltd.com.tr\/\">www.yetkin-ltd.com.tr<\/a><\/p><p>70&#8217;lerin ba\u015f\u0131nda kurulmu\u015f bir aile \u015firketidir. \u015eirket, 80&#8217;li y\u0131llar\u0131n sonlar\u0131na kadar \u0130stanbul&#8217;un nezih semtlerinde 15 konut in\u015fa etmi\u015ftir.<\/p><p>1980&#8217;ler, T\u00fcrkiye&#8217;nin ani bir s\u0131\u00e7ramayla sanayii ve \u00fcretim alan\u0131nda geli\u015ferek y\u00fckselmeye ba\u015flad\u0131\u011f\u0131 y\u0131llard\u0131r. 1986 y\u0131l\u0131na gelindi\u011finde, \u015firket CEO&#8217;su Sn. Abdulkadir Yetkin, uzun g\u00f6zlemleri sonucu \u015firketin y\u00f6n\u00fcn\u00fc de\u011fi\u015ftirmeye, d\u00fcnya \u00e7ap\u0131nda \u00f6zel end\u00fcstriyel ya\u011flay\u0131c\u0131 markalar\u0131n\u0131n Yetkili Tek M\u00fcmessilliklerini alarak, \u015firketin art\u0131k end\u00fcstri sekt\u00f6r\u00fcne katk\u0131da bulunmas\u0131n\u0131 sa\u011flatm\u0131\u015ft\u0131r.<\/p><p>YETK\u0130N END\u00dcSTR\u0130YEL YA\u011eLAYICILAR GRUBU, o tarihten bu yana d\u00fcnyan\u0131n \u00f6nde gelen bir\u00e7ok end\u00fcstriyel ya\u011f markas\u0131n\u0131n T\u00fcrkiye, T\u00fcrki Cumhuriyetler ve \u0130ran b\u00f6lgeleri i\u00e7in yetkili tek\u00a0 distrib\u00fct\u00f6rl\u00fc\u011f\u00fcn\u00fc y\u00fcr\u00fctmektedir.<\/p><p>Di\u011fer geleneksel petrol t\u00fcrevi madeni ya\u011flarla mukayese edilemeyecek, y\u00fcksek performans ve standarttaki bu \u00f6zel maksatl\u0131 ya\u011flar, uzun Ar-Ge \u00e7al\u0131\u015fmalar ile teknolojik form\u00fcllerle laboratuvar ortam\u0131nda geli\u015ftirilmi\u015f olup, \u00fcr\u00fcn i\u00e7erikleri devaml\u0131 g\u00fcncellenmektedir.<\/p><p>Bu ya\u011flar process (y\u00f6ntem) \u00fcretimler i\u00e7in zorunlu ihtiya\u00e7 oldu\u011fu gibi, \u00fcretilmi\u015f \u00fcr\u00fcn\u00fcn garanti kapsam\u0131n\u0131 ve goodfinish (iyi \u00fcr\u00fcn biti\u015f) kalitesini sa\u011flatan, konvey\u00f6r, CNC&#8217;lerde \u00f6zel olarak kullan\u0131lan ve genel prensipte makinelerin a\u015f\u0131nmalar\u0131n\u0131 engelleyerek, dayan\u0131kl\u0131l\u0131\u011f\u0131n\u0131 artt\u0131r\u0131p, makine \u00f6mr\u00fcn\u00fc uzatan, ayr\u0131ca en \u00f6nemlisi h\u0131zl\u0131, sa\u011fl\u0131kl\u0131 ve g\u00fcvenli i\u015f\u00e7ili\u011fe sunarak \u00fcr\u00fcnlerimizle m\u00fc\u015fterilerimize maddi manevi kazan\u00e7 sa\u011flatarak sanayii sekt\u00f6r\u00fcne katk\u0131da bulunmaktay\u0131z.<\/p><p>Pazara; B\u00f6lge M\u00fcd\u00fcrl\u00fcklerimiz, B\u00f6lge Distrib\u00fct\u00f6rlerimiz ve Sat\u0131c\u0131 A\u011f\u0131m\u0131z arac\u0131l\u0131\u011f\u0131yla hizmet vermekteyiz. Ayr\u0131ca, \u00f6zel teknik e\u011fitimli Sat\u0131\u015f ve Pazarlama Ekibimiz ile sad\u0131k m\u00fc\u015fterilerimiz olan binlerce fabrikaya sat\u0131\u015f yapmaktay\u0131z.<\/p><p>Demir, \u00e7elik, metal, \u00e7imento, maden, tekstil ve g\u0131da a\u011f\u0131rl\u0131k verdi\u011fimiz sekt\u00f6rler olup, profesyonel makine m\u00fchendislerimizden olu\u015fan Pro Sale Support (Sat\u0131\u015f Sonras\u0131 Destek) ekiplerimizle Teknik Servis hizmeti vermekteyiz.<\/p><p>ROCOL, \u00f6zel end\u00fcstriyel ekipman, sarf malzemeleri ve ilgili hizmet i\u015fletmelerinin d\u00fcnyan\u0131n \u00f6nde gelen \u00e7e\u015fitlendirilmi\u015f \u00fcreticilerinden biri olan ve \u00e7ok uluslu bir ABD&#8217;li 150 varl\u0131k \u015firketi olan ITW&#8217;nin bir par\u00e7as\u0131d\u0131r. ROCOL, teknik olarak geli\u015fmi\u015f end\u00fcstriyel ya\u011flay\u0131c\u0131lar ve d\u00fcnya \u00e7ap\u0131ndaki end\u00fcstrilere hat i\u015faretleme sistemleri geli\u015ftirir, \u00fcretir ve pazarlar.<\/p><p>ROCOL, 1986 y\u0131l\u0131ndan bu yana Yetkin A.\u015e.&#8217;nin temel dire\u011fi olmaktad\u0131r.<\/p><ul><li><span style=\"font-family: var( --e-global-typography-text-font-family ), Sans-serif; font-size: var( --e-global-typography-text-font-size );\">YETK\u0130N Temsilcilik ve Pazarlama LTD.<\/span><\/li><\/ul><p><a style=\"font-size: var( --e-global-typography-text-font-size ); font-family: var( --e-global-typography-text-font-family ), Sans-serif;\" href=\"http:\/\/www.yetkin-ltd.com.tr\/\">www.yetkin-ltd.com.tr<\/a><\/p><p>1997 y\u0131l\u0131nda \u201cYETK\u0130N END\u00dcSTR\u0130YEL YA\u011eLAR GRUBU\u201dnun faaliyet alanlar\u0131n\u0131 tamamlamak amac\u0131yla kurulmu\u015f olan Yetkin A.\u015e.&#8217;nin karde\u015f \u015firketidir.<\/p><p>YETK\u0130N A.\u015e. ve YETK\u0130N LTD., \u0130stanbul \u00dcmraniye&#8217;de Genel M\u00fcd\u00fcrl\u00fck, \u00dcretim &#8211; Harmanlama &#8211; Paketleme Tesisi ve Depo olarak ayn\u0131 tesiste, \u00f6zverili \u00e7al\u0131\u015fanlar\u0131 ile faaliyet g\u00f6stermektedir. Vizyon ve misyonumuz, d\u00fcnyadaki h\u0131zl\u0131 teknolojik geli\u015fmeleri takip ederek, firmam\u0131z\u0131 tatmin edecek ve gurur duyduracak yeni \u00f6nc\u00fc markalar\u0131n distrib\u00fct\u00f6rl\u00fcklerini b\u00fcnyemize katarak, T\u00fcrkiye&#8217;yi ve b\u00f6lgesini g\u00fcncellemeye devam ettirmek ve \u00fclkemizi kalk\u0131nd\u0131rmakt\u0131r.<\/p><p>\u201cYETK\u0130N END\u00dcSTR\u0130YEL YA\u011eLAR GRUBU\u201d <br \/><a style=\"font-family: var( --e-global-typography-text-font-family ), Sans-serif; font-size: var( --e-global-typography-text-font-size );\" href=\"http:\/\/www.yetkin-ltd.com.tr\/\">www.yetkin-ltd.com.tr<\/a><\/p>\t\t\t\t\t\t<\/div>\n\t\t\t\t<\/div>\n\t\t\t\t\t<\/div>\n\t\t<\/div>\n\t\t\t\t\t<\/div>\n\t\t<\/section>\n\t\t\t\t<\/div>\n\t\t","protected":false},"excerpt":{"rendered":"<p>YETK\u0130N GRUP YETK\u0130N \u0130n\u015faat ve Ticaret A.\u015e., www.yetkin-ltd.com.tr 70&#8217;lerin ba\u015f\u0131nda kurulmu\u015f bir aile \u015firketidir. \u015eirket, 80&#8217;li y\u0131llar\u0131n sonlar\u0131na kadar \u0130stanbul&#8217;un nezih semtlerinde 15 konut in\u015fa etmi\u015ftir. 1980&#8217;ler, T\u00fcrkiye&#8217;nin ani bir s\u0131\u00e7ramayla sanayii ve \u00fcretim alan\u0131nda geli\u015ferek y\u00fckselmeye ba\u015flad\u0131\u011f\u0131 y\u0131llard\u0131r. 1986 y\u0131l\u0131na gelindi\u011finde, \u015firket CEO&#8217;su Sn. Abdulkadir Yetkin, uzun g\u00f6zlemleri sonucu \u015firketin y\u00f6n\u00fcn\u00fc de\u011fi\u015ftirmeye, d\u00fcnya \u00e7ap\u0131nda [&hellip;]<\/p>\n","protected":false},"author":1,"featured_media":0,"parent":0,"menu_order":0,"comment_status":"closed","ping_status":"closed","template":"","meta":{"footnotes":""},"yoast_head":"<!-- This site is optimized with the Yoast SEO plugin v22.5 - https:\/\/yoast.com\/wordpress\/plugins\/seo\/ -->\n<title>YETK\u0130N - OYPROJECTS<\/title>\n<meta name=\"robots\" content=\"noindex, nofollow\" \/>\n<meta property=\"og:locale\" content=\"tr_TR\" \/>\n<meta property=\"og:type\" content=\"article\" \/>\n<meta property=\"og:title\" content=\"YETK\u0130N - OYPROJECTS\" \/>\n<meta property=\"og:description\" content=\"YETK\u0130N GRUP YETK\u0130N \u0130n\u015faat ve Ticaret A.\u015e., www.yetkin-ltd.com.tr 70&#8217;lerin ba\u015f\u0131nda kurulmu\u015f bir aile \u015firketidir. \u015eirket, 80&#8217;li y\u0131llar\u0131n sonlar\u0131na kadar \u0130stanbul&#8217;un nezih semtlerinde 15 konut in\u015fa etmi\u015ftir. 1980&#8217;ler, T\u00fcrkiye&#8217;nin ani bir s\u0131\u00e7ramayla sanayii ve \u00fcretim alan\u0131nda geli\u015ferek y\u00fckselmeye ba\u015flad\u0131\u011f\u0131 y\u0131llard\u0131r. 1986 y\u0131l\u0131na gelindi\u011finde, \u015firket CEO&#8217;su Sn. Abdulkadir Yetkin, uzun g\u00f6zlemleri sonucu \u015firketin y\u00f6n\u00fcn\u00fc de\u011fi\u015ftirmeye, d\u00fcnya \u00e7ap\u0131nda [&hellip;]\" \/>\n<meta property=\"og:url\" content=\"https:\/\/oyprojects.com\/tr\/yetkin\/\" \/>\n<meta property=\"og:site_name\" content=\"OYPROJECTS\" \/>\n<meta property=\"article:modified_time\" content=\"2024-04-23T20:53:03+00:00\" \/>\n<meta property=\"og:image\" content=\"https:\/\/oyprojects.com\/wp-content\/uploads\/2021\/06\/oyprojects-72-repsentatives-scaled-1024x580.jpg\" \/>\n<meta name=\"twitter:card\" content=\"summary_large_image\" \/>\n<meta name=\"twitter:label1\" content=\"Tahmini okuma s\u00fcresi\" \/>\n\t<meta name=\"twitter:data1\" content=\"2 dakika\" \/>\n<script type=\"application\/ld+json\" class=\"yoast-schema-graph\">{\"@context\":\"https:\/\/schema.org\",\"@graph\":[{\"@type\":\"WebPage\",\"@id\":\"https:\/\/oyprojects.com\/tr\/yetkin\/\",\"url\":\"https:\/\/oyprojects.com\/tr\/yetkin\/\",\"name\":\"YETK\u0130N - OYPROJECTS\",\"isPartOf\":{\"@id\":\"https:\/\/oyprojects.com\/tr\/#website\"},\"primaryImageOfPage\":{\"@id\":\"https:\/\/oyprojects.com\/tr\/yetkin\/#primaryimage\"},\"image\":{\"@id\":\"https:\/\/oyprojects.com\/tr\/yetkin\/#primaryimage\"},\"thumbnailUrl\":\"https:\/\/oyprojects.com\/wp-content\/uploads\/2021\/06\/oyprojects-72-repsentatives-scaled-1024x580.jpg\",\"datePublished\":\"2021-07-01T08:57:41+00:00\",\"dateModified\":\"2024-04-23T20:53:03+00:00\",\"breadcrumb\":{\"@id\":\"https:\/\/oyprojects.com\/tr\/yetkin\/#breadcrumb\"},\"inLanguage\":\"tr\",\"potentialAction\":[{\"@type\":\"ReadAction\",\"target\":[\"https:\/\/oyprojects.com\/tr\/yetkin\/\"]}]},{\"@type\":\"ImageObject\",\"inLanguage\":\"tr\",\"@id\":\"https:\/\/oyprojects.com\/tr\/yetkin\/#primaryimage\",\"url\":\"https:\/\/oyprojects.com\/wp-content\/uploads\/2021\/06\/oyprojects-72-repsentatives-scaled-1024x580.jpg\",\"contentUrl\":\"https:\/\/oyprojects.com\/wp-content\/uploads\/2021\/06\/oyprojects-72-repsentatives-scaled-1024x580.jpg\"},{\"@type\":\"BreadcrumbList\",\"@id\":\"https:\/\/oyprojects.com\/tr\/yetkin\/#breadcrumb\",\"itemListElement\":[{\"@type\":\"ListItem\",\"position\":1,\"name\":\"Home\",\"item\":\"https:\/\/oyprojects.com\/tr\/\"},{\"@type\":\"ListItem\",\"position\":2,\"name\":\"YETK\u0130N\"}]},{\"@type\":\"WebSite\",\"@id\":\"https:\/\/oyprojects.com\/tr\/#website\",\"url\":\"https:\/\/oyprojects.com\/tr\/\",\"name\":\"OYPROJECTS\",\"description\":\"Interior Design &amp; International Trade\",\"publisher\":{\"@id\":\"https:\/\/oyprojects.com\/tr\/#organization\"},\"potentialAction\":[{\"@type\":\"SearchAction\",\"target\":{\"@type\":\"EntryPoint\",\"urlTemplate\":\"https:\/\/oyprojects.com\/tr\/?s={search_term_string}\"},\"query-input\":\"required name=search_term_string\"}],\"inLanguage\":\"tr\"},{\"@type\":\"Organization\",\"@id\":\"https:\/\/oyprojects.com\/tr\/#organization\",\"name\":\"OY PROJECTS\u00ae\",\"url\":\"https:\/\/oyprojects.com\/tr\/\",\"logo\":{\"@type\":\"ImageObject\",\"inLanguage\":\"tr\",\"@id\":\"https:\/\/oyprojects.com\/tr\/#\/schema\/logo\/image\/\",\"url\":\"https:\/\/oyprojects.com\/wp-content\/uploads\/2021\/06\/oyprojects-logo-EN.png\",\"contentUrl\":\"https:\/\/oyprojects.com\/wp-content\/uploads\/2021\/06\/oyprojects-logo-EN.png\",\"width\":1264,\"height\":346,\"caption\":\"OY PROJECTS\u00ae\"},\"image\":{\"@id\":\"https:\/\/oyprojects.com\/tr\/#\/schema\/logo\/image\/\"}}]}<\/script>\n<!-- \/ Yoast SEO plugin. -->","yoast_head_json":{"title":"YETK\u0130N - OYPROJECTS","robots":{"index":"noindex","follow":"nofollow"},"og_locale":"tr_TR","og_type":"article","og_title":"YETK\u0130N - OYPROJECTS","og_description":"YETK\u0130N GRUP YETK\u0130N \u0130n\u015faat ve Ticaret A.\u015e., www.yetkin-ltd.com.tr 70&#8217;lerin ba\u015f\u0131nda kurulmu\u015f bir aile \u015firketidir. \u015eirket, 80&#8217;li y\u0131llar\u0131n sonlar\u0131na kadar \u0130stanbul&#8217;un nezih semtlerinde 15 konut in\u015fa etmi\u015ftir. 1980&#8217;ler, T\u00fcrkiye&#8217;nin ani bir s\u0131\u00e7ramayla sanayii ve \u00fcretim alan\u0131nda geli\u015ferek y\u00fckselmeye ba\u015flad\u0131\u011f\u0131 y\u0131llard\u0131r. 1986 y\u0131l\u0131na gelindi\u011finde, \u015firket CEO&#8217;su Sn. Abdulkadir Yetkin, uzun g\u00f6zlemleri sonucu \u015firketin y\u00f6n\u00fcn\u00fc de\u011fi\u015ftirmeye, d\u00fcnya \u00e7ap\u0131nda [&hellip;]","og_url":"https:\/\/oyprojects.com\/tr\/yetkin\/","og_site_name":"OYPROJECTS","article_modified_time":"2024-04-23T20:53:03+00:00","og_image":[{"url":"https:\/\/oyprojects.com\/wp-content\/uploads\/2021\/06\/oyprojects-72-repsentatives-scaled-1024x580.jpg"}],"twitter_card":"summary_large_image","twitter_misc":{"Tahmini okuma s\u00fcresi":"2 dakika"},"schema":{"@context":"https:\/\/schema.org","@graph":[{"@type":"WebPage","@id":"https:\/\/oyprojects.com\/tr\/yetkin\/","url":"https:\/\/oyprojects.com\/tr\/yetkin\/","name":"YETK\u0130N - OYPROJECTS","isPartOf":{"@id":"https:\/\/oyprojects.com\/tr\/#website"},"primaryImageOfPage":{"@id":"https:\/\/oyprojects.com\/tr\/yetkin\/#primaryimage"},"image":{"@id":"https:\/\/oyprojects.com\/tr\/yetkin\/#primaryimage"},"thumbnailUrl":"https:\/\/oyprojects.com\/wp-content\/uploads\/2021\/06\/oyprojects-72-repsentatives-scaled-1024x580.jpg","datePublished":"2021-07-01T08:57:41+00:00","dateModified":"2024-04-23T20:53:03+00:00","breadcrumb":{"@id":"https:\/\/oyprojects.com\/tr\/yetkin\/#breadcrumb"},"inLanguage":"tr","potentialAction":[{"@type":"ReadAction","target":["https:\/\/oyprojects.com\/tr\/yetkin\/"]}]},{"@type":"ImageObject","inLanguage":"tr","@id":"https:\/\/oyprojects.com\/tr\/yetkin\/#primaryimage","url":"https:\/\/oyprojects.com\/wp-content\/uploads\/2021\/06\/oyprojects-72-repsentatives-scaled-1024x580.jpg","contentUrl":"https:\/\/oyprojects.com\/wp-content\/uploads\/2021\/06\/oyprojects-72-repsentatives-scaled-1024x580.jpg"},{"@type":"BreadcrumbList","@id":"https:\/\/oyprojects.com\/tr\/yetkin\/#breadcrumb","itemListElement":[{"@type":"ListItem","position":1,"name":"Home","item":"https:\/\/oyprojects.com\/tr\/"},{"@type":"ListItem","position":2,"name":"YETK\u0130N"}]},{"@type":"WebSite","@id":"https:\/\/oyprojects.com\/tr\/#website","url":"https:\/\/oyprojects.com\/tr\/","name":"OYPROJECTS","description":"Interior Design &amp; International Trade","publisher":{"@id":"https:\/\/oyprojects.com\/tr\/#organization"},"potentialAction":[{"@type":"SearchAction","target":{"@type":"EntryPoint","urlTemplate":"https:\/\/oyprojects.com\/tr\/?s={search_term_string}"},"query-input":"required name=search_term_string"}],"inLanguage":"tr"},{"@type":"Organization","@id":"https:\/\/oyprojects.com\/tr\/#organization","name":"OY PROJECTS\u00ae","url":"https:\/\/oyprojects.com\/tr\/","logo":{"@type":"ImageObject","inLanguage":"tr","@id":"https:\/\/oyprojects.com\/tr\/#\/schema\/logo\/image\/","url":"https:\/\/oyprojects.com\/wp-content\/uploads\/2021\/06\/oyprojects-logo-EN.png","contentUrl":"https:\/\/oyprojects.com\/wp-content\/uploads\/2021\/06\/oyprojects-logo-EN.png","width":1264,"height":346,"caption":"OY PROJECTS\u00ae"},"image":{"@id":"https:\/\/oyprojects.com\/tr\/#\/schema\/logo\/image\/"}}]}},"_links":{"self":[{"href":"https:\/\/oyprojects.com\/tr\/wp-json\/wp\/v2\/pages\/4215"}],"collection":[{"href":"https:\/\/oyprojects.com\/tr\/wp-json\/wp\/v2\/pages"}],"about":[{"href":"https:\/\/oyprojects.com\/tr\/wp-json\/wp\/v2\/types\/page"}],"author":[{"embeddable":true,"href":"https:\/\/oyprojects.com\/tr\/wp-json\/wp\/v2\/users\/1"}],"replies":[{"embeddable":true,"href":"https:\/\/oyprojects.com\/tr\/wp-json\/wp\/v2\/comments?post=4215"}],"version-history":[{"count":1,"href":"https:\/\/oyprojects.com\/tr\/wp-json\/wp\/v2\/pages\/4215\/revisions"}],"predecessor-version":[{"id":5248,"href":"https:\/\/oyprojects.com\/tr\/wp-json\/wp\/v2\/pages\/4215\/revisions\/5248"}],"wp:attachment":[{"href":"https:\/\/oyprojects.com\/tr\/wp-json\/wp\/v2\/media?parent=4215"}],"curies":[{"name":"wp","href":"https:\/\/api.w.org\/{rel}","templated":true}]}}