{"id":4112,"date":"2021-06-30T21:40:45","date_gmt":"2021-06-30T18:40:45","guid":{"rendered":"https:\/\/oyprojects.com\/misyonumuz\/"},"modified":"2024-04-17T21:35:19","modified_gmt":"2024-04-17T18:35:19","slug":"misyonumuz","status":"publish","type":"page","link":"https:\/\/oyprojects.com\/tr\/misyonumuz\/","title":{"rendered":"Misyonumuz"},"content":{"rendered":"\t\t<div data-elementor-type=\"wp-page\" data-elementor-id=\"4112\" class=\"elementor elementor-4112 elementor-785\">\n\t\t\t\t\t\t<section class=\"elementor-section elementor-top-section elementor-element elementor-element-140fd7b elementor-section-height-min-height elementor-section-boxed elementor-section-height-default elementor-section-items-middle\" data-id=\"140fd7b\" data-element_type=\"section\" data-settings=\"{&quot;background_background&quot;:&quot;classic&quot;}\">\n\t\t\t\t\t\t<div class=\"elementor-container elementor-column-gap-default\">\n\t\t\t\t\t<div class=\"elementor-column elementor-col-100 elementor-top-column elementor-element elementor-element-821f59a\" data-id=\"821f59a\" data-element_type=\"column\">\n\t\t\t<div class=\"elementor-widget-wrap elementor-element-populated\">\n\t\t\t\t\t\t<div class=\"elementor-element elementor-element-00e1732 elementor-widget elementor-widget-heading\" data-id=\"00e1732\" data-element_type=\"widget\" data-widget_type=\"heading.default\">\n\t\t\t\t<div class=\"elementor-widget-container\">\n\t\t\t<h1 class=\"elementor-heading-title elementor-size-default\">M\u0130SYONUMUZ<\/h1>\t\t<\/div>\n\t\t\t\t<\/div>\n\t\t\t\t<div class=\"elementor-element elementor-element-e401d2a elementor-widget elementor-widget-global elementor-global-5081 elementor-widget-breadcrumbs\" data-id=\"e401d2a\" data-element_type=\"widget\" data-widget_type=\"breadcrumbs.default\">\n\t\t\t\t<div class=\"elementor-widget-container\">\n\t\t\t<p id=\"breadcrumbs\"><span><span><a href=\"https:\/\/oyprojects.com\/tr\/\">Home<\/a><\/span><\/span><\/p>\t\t<\/div>\n\t\t\t\t<\/div>\n\t\t\t\t\t<\/div>\n\t\t<\/div>\n\t\t\t\t\t<\/div>\n\t\t<\/section>\n\t\t\t\t<section class=\"elementor-section elementor-top-section elementor-element elementor-element-e8d5d4f elementor-section-boxed elementor-section-height-default elementor-section-height-default\" data-id=\"e8d5d4f\" data-element_type=\"section\" data-settings=\"{&quot;background_background&quot;:&quot;classic&quot;}\">\n\t\t\t\t\t\t<div class=\"elementor-container elementor-column-gap-default\">\n\t\t\t\t\t<div class=\"elementor-column elementor-col-50 elementor-top-column elementor-element elementor-element-e5ac9ad\" data-id=\"e5ac9ad\" data-element_type=\"column\">\n\t\t\t<div class=\"elementor-widget-wrap elementor-element-populated\">\n\t\t\t\t\t\t<div class=\"elementor-element elementor-element-cc7b520 elementor-widget elementor-widget-image\" data-id=\"cc7b520\" data-element_type=\"widget\" data-widget_type=\"image.default\">\n\t\t\t\t<div class=\"elementor-widget-container\">\n\t\t\t\t\t\t\t\t\t\t\t\t\t<img fetchpriority=\"high\" decoding=\"async\" width=\"800\" height=\"450\" src=\"https:\/\/oyprojects.com\/wp-content\/uploads\/2022\/02\/oy-projects-4-1024x576.jpg\" class=\"attachment-large size-large wp-image-5020\" alt=\"\" srcset=\"https:\/\/oyprojects.com\/wp-content\/uploads\/2022\/02\/oy-projects-4-1024x576.jpg 1024w, https:\/\/oyprojects.com\/wp-content\/uploads\/2022\/02\/oy-projects-4-300x169.jpg 300w, https:\/\/oyprojects.com\/wp-content\/uploads\/2022\/02\/oy-projects-4-768x432.jpg 768w, https:\/\/oyprojects.com\/wp-content\/uploads\/2022\/02\/oy-projects-4-1536x864.jpg 1536w, https:\/\/oyprojects.com\/wp-content\/uploads\/2022\/02\/oy-projects-4-2048x1152.jpg 2048w\" sizes=\"(max-width: 800px) 100vw, 800px\" \/>\t\t\t\t\t\t\t\t\t\t\t\t\t<\/div>\n\t\t\t\t<\/div>\n\t\t\t\t\t<\/div>\n\t\t<\/div>\n\t\t\t\t<div class=\"elementor-column elementor-col-50 elementor-top-column elementor-element elementor-element-62170ad\" data-id=\"62170ad\" data-element_type=\"column\">\n\t\t\t<div class=\"elementor-widget-wrap elementor-element-populated\">\n\t\t\t\t\t\t<div class=\"elementor-element elementor-element-9f4ec0a elementor-widget elementor-widget-text-editor\" data-id=\"9f4ec0a\" data-element_type=\"widget\" data-widget_type=\"text-editor.default\">\n\t\t\t\t<div class=\"elementor-widget-container\">\n\t\t\t\t\t\t\t<p>Misyonumuz, \u00e7evre dostu t\u00fcketim bi\u00e7imleri i\u00e7in sorumluluk uyand\u0131rmak, zehirli at\u0131k ve toksi\u011fi yava\u015flatmakt\u0131r. Etik olman\u0131n kazan-kazan oldu\u011funa inan\u0131yoruz.<\/p><p>Bu vizyonla, s\u00fcrd\u00fcr\u00fclebilir her tasar\u0131m\u0131n merkezinde olmay\u0131, kullan\u0131c\u0131 ve t\u00fcketicilerimiz i\u00e7in sa\u011fl\u0131k ve esenlik getirecek, benzersiz deneyimleri tasar\u0131mlar\u0131m\u0131zla yaratmay\u0131 hedefliyoruz. Sa\u011fl\u0131kl\u0131 bir ya\u015fam alan\u0131 ve habitat\u0131n olu\u015fmas\u0131 i\u00e7in eko sistemi olu\u015fturan t\u00fcm unsurlar\u0131n uyum i\u00e7inde bir araya geldi\u011fine inan\u0131yoruz.<\/p><p>Ya\u015fad\u0131\u011f\u0131m\u0131z mekanlar\u0131 tasarlarken, kullan\u0131lacak malzemeleri se\u00e7erken, tasar\u0131mlar\u0131m\u0131z\u0131 uygularken bu uyumu temel alarak sorumlu bir tasar\u0131mc\u0131, \u00fcretici olarak hareket etmemiz gerekti\u011fini biliyoruz. Tasar\u0131mlar\u0131m\u0131z\u0131 ve uygulamalar\u0131m\u0131z\u0131 bu ilkeler \u00fczerine geli\u015ftiriyoruz. Bizimle ayn\u0131 bak\u0131\u015f a\u00e7\u0131s\u0131na sahip zihniyettekilerle i\u015fbirli\u011fi yap\u0131yoruz.<\/p>\t\t\t\t\t\t<\/div>\n\t\t\t\t<\/div>\n\t\t\t\t\t<\/div>\n\t\t<\/div>\n\t\t\t\t\t<\/div>\n\t\t<\/section>\n\t\t\t\t<\/div>\n\t\t","protected":false},"excerpt":{"rendered":"<p>M\u0130SYONUMUZ Misyonumuz, \u00e7evre dostu t\u00fcketim bi\u00e7imleri i\u00e7in sorumluluk uyand\u0131rmak, zehirli at\u0131k ve toksi\u011fi yava\u015flatmakt\u0131r. Etik olman\u0131n kazan-kazan oldu\u011funa inan\u0131yoruz. Bu vizyonla, s\u00fcrd\u00fcr\u00fclebilir her tasar\u0131m\u0131n merkezinde olmay\u0131, kullan\u0131c\u0131 ve t\u00fcketicilerimiz i\u00e7in sa\u011fl\u0131k ve esenlik getirecek, benzersiz deneyimleri tasar\u0131mlar\u0131m\u0131zla yaratmay\u0131 hedefliyoruz. Sa\u011fl\u0131kl\u0131 bir ya\u015fam alan\u0131 ve habitat\u0131n olu\u015fmas\u0131 i\u00e7in eko sistemi olu\u015fturan t\u00fcm unsurlar\u0131n uyum i\u00e7inde bir [&hellip;]<\/p>\n","protected":false},"author":1,"featured_media":0,"parent":0,"menu_order":0,"comment_status":"closed","ping_status":"closed","template":"","meta":{"footnotes":""},"yoast_head":"<!-- This site is optimized with the Yoast SEO plugin v22.5 - https:\/\/yoast.com\/wordpress\/plugins\/seo\/ -->\n<title>Misyonumuz - OYPROJECTS<\/title>\n<meta name=\"robots\" content=\"index, follow, max-snippet:-1, max-image-preview:large, max-video-preview:-1\" \/>\n<link rel=\"canonical\" href=\"https:\/\/oyprojects.com\/tr\/misyonumuz\/\" \/>\n<meta property=\"og:locale\" content=\"tr_TR\" \/>\n<meta property=\"og:type\" content=\"article\" \/>\n<meta property=\"og:title\" content=\"Misyonumuz - OYPROJECTS\" \/>\n<meta property=\"og:description\" content=\"M\u0130SYONUMUZ Misyonumuz, \u00e7evre dostu t\u00fcketim bi\u00e7imleri i\u00e7in sorumluluk uyand\u0131rmak, zehirli at\u0131k ve toksi\u011fi yava\u015flatmakt\u0131r. Etik olman\u0131n kazan-kazan oldu\u011funa inan\u0131yoruz. Bu vizyonla, s\u00fcrd\u00fcr\u00fclebilir her tasar\u0131m\u0131n merkezinde olmay\u0131, kullan\u0131c\u0131 ve t\u00fcketicilerimiz i\u00e7in sa\u011fl\u0131k ve esenlik getirecek, benzersiz deneyimleri tasar\u0131mlar\u0131m\u0131zla yaratmay\u0131 hedefliyoruz. Sa\u011fl\u0131kl\u0131 bir ya\u015fam alan\u0131 ve habitat\u0131n olu\u015fmas\u0131 i\u00e7in eko sistemi olu\u015fturan t\u00fcm unsurlar\u0131n uyum i\u00e7inde bir [&hellip;]\" \/>\n<meta property=\"og:url\" content=\"https:\/\/oyprojects.com\/tr\/misyonumuz\/\" \/>\n<meta property=\"og:site_name\" content=\"OYPROJECTS\" \/>\n<meta property=\"article:modified_time\" content=\"2024-04-17T18:35:19+00:00\" \/>\n<meta property=\"og:image\" content=\"https:\/\/oyprojects.com\/wp-content\/uploads\/2022\/02\/oy-projects-4-1024x576.jpg\" \/>\n<meta name=\"twitter:card\" content=\"summary_large_image\" \/>\n<meta name=\"twitter:label1\" content=\"Tahmini okuma s\u00fcresi\" \/>\n\t<meta name=\"twitter:data1\" content=\"1 dakika\" \/>\n<script type=\"application\/ld+json\" class=\"yoast-schema-graph\">{\"@context\":\"https:\/\/schema.org\",\"@graph\":[{\"@type\":\"WebPage\",\"@id\":\"https:\/\/oyprojects.com\/tr\/misyonumuz\/\",\"url\":\"https:\/\/oyprojects.com\/tr\/misyonumuz\/\",\"name\":\"Misyonumuz - OYPROJECTS\",\"isPartOf\":{\"@id\":\"https:\/\/oyprojects.com\/tr\/#website\"},\"primaryImageOfPage\":{\"@id\":\"https:\/\/oyprojects.com\/tr\/misyonumuz\/#primaryimage\"},\"image\":{\"@id\":\"https:\/\/oyprojects.com\/tr\/misyonumuz\/#primaryimage\"},\"thumbnailUrl\":\"https:\/\/oyprojects.com\/wp-content\/uploads\/2022\/02\/oy-projects-4-1024x576.jpg\",\"datePublished\":\"2021-06-30T18:40:45+00:00\",\"dateModified\":\"2024-04-17T18:35:19+00:00\",\"breadcrumb\":{\"@id\":\"https:\/\/oyprojects.com\/tr\/misyonumuz\/#breadcrumb\"},\"inLanguage\":\"tr\",\"potentialAction\":[{\"@type\":\"ReadAction\",\"target\":[\"https:\/\/oyprojects.com\/tr\/misyonumuz\/\"]}]},{\"@type\":\"ImageObject\",\"inLanguage\":\"tr\",\"@id\":\"https:\/\/oyprojects.com\/tr\/misyonumuz\/#primaryimage\",\"url\":\"https:\/\/oyprojects.com\/wp-content\/uploads\/2022\/02\/oy-projects-4-1024x576.jpg\",\"contentUrl\":\"https:\/\/oyprojects.com\/wp-content\/uploads\/2022\/02\/oy-projects-4-1024x576.jpg\"},{\"@type\":\"BreadcrumbList\",\"@id\":\"https:\/\/oyprojects.com\/tr\/misyonumuz\/#breadcrumb\",\"itemListElement\":[{\"@type\":\"ListItem\",\"position\":1,\"name\":\"Home\",\"item\":\"https:\/\/oyprojects.com\/tr\/\"},{\"@type\":\"ListItem\",\"position\":2,\"name\":\"Misyonumuz\"}]},{\"@type\":\"WebSite\",\"@id\":\"https:\/\/oyprojects.com\/tr\/#website\",\"url\":\"https:\/\/oyprojects.com\/tr\/\",\"name\":\"OYPROJECTS\",\"description\":\"Interior Design &amp; International Trade\",\"publisher\":{\"@id\":\"https:\/\/oyprojects.com\/tr\/#organization\"},\"potentialAction\":[{\"@type\":\"SearchAction\",\"target\":{\"@type\":\"EntryPoint\",\"urlTemplate\":\"https:\/\/oyprojects.com\/tr\/?s={search_term_string}\"},\"query-input\":\"required name=search_term_string\"}],\"inLanguage\":\"tr\"},{\"@type\":\"Organization\",\"@id\":\"https:\/\/oyprojects.com\/tr\/#organization\",\"name\":\"OY PROJECTS\u00ae\",\"url\":\"https:\/\/oyprojects.com\/tr\/\",\"logo\":{\"@type\":\"ImageObject\",\"inLanguage\":\"tr\",\"@id\":\"https:\/\/oyprojects.com\/tr\/#\/schema\/logo\/image\/\",\"url\":\"https:\/\/oyprojects.com\/wp-content\/uploads\/2021\/06\/oyprojects-logo-EN.png\",\"contentUrl\":\"https:\/\/oyprojects.com\/wp-content\/uploads\/2021\/06\/oyprojects-logo-EN.png\",\"width\":1264,\"height\":346,\"caption\":\"OY PROJECTS\u00ae\"},\"image\":{\"@id\":\"https:\/\/oyprojects.com\/tr\/#\/schema\/logo\/image\/\"}}]}<\/script>\n<!-- \/ Yoast SEO plugin. -->","yoast_head_json":{"title":"Misyonumuz - OYPROJECTS","robots":{"index":"index","follow":"follow","max-snippet":"max-snippet:-1","max-image-preview":"max-image-preview:large","max-video-preview":"max-video-preview:-1"},"canonical":"https:\/\/oyprojects.com\/tr\/misyonumuz\/","og_locale":"tr_TR","og_type":"article","og_title":"Misyonumuz - OYPROJECTS","og_description":"M\u0130SYONUMUZ Misyonumuz, \u00e7evre dostu t\u00fcketim bi\u00e7imleri i\u00e7in sorumluluk uyand\u0131rmak, zehirli at\u0131k ve toksi\u011fi yava\u015flatmakt\u0131r. Etik olman\u0131n kazan-kazan oldu\u011funa inan\u0131yoruz. Bu vizyonla, s\u00fcrd\u00fcr\u00fclebilir her tasar\u0131m\u0131n merkezinde olmay\u0131, kullan\u0131c\u0131 ve t\u00fcketicilerimiz i\u00e7in sa\u011fl\u0131k ve esenlik getirecek, benzersiz deneyimleri tasar\u0131mlar\u0131m\u0131zla yaratmay\u0131 hedefliyoruz. Sa\u011fl\u0131kl\u0131 bir ya\u015fam alan\u0131 ve habitat\u0131n olu\u015fmas\u0131 i\u00e7in eko sistemi olu\u015fturan t\u00fcm unsurlar\u0131n uyum i\u00e7inde bir [&hellip;]","og_url":"https:\/\/oyprojects.com\/tr\/misyonumuz\/","og_site_name":"OYPROJECTS","article_modified_time":"2024-04-17T18:35:19+00:00","og_image":[{"url":"https:\/\/oyprojects.com\/wp-content\/uploads\/2022\/02\/oy-projects-4-1024x576.jpg"}],"twitter_card":"summary_large_image","twitter_misc":{"Tahmini okuma s\u00fcresi":"1 dakika"},"schema":{"@context":"https:\/\/schema.org","@graph":[{"@type":"WebPage","@id":"https:\/\/oyprojects.com\/tr\/misyonumuz\/","url":"https:\/\/oyprojects.com\/tr\/misyonumuz\/","name":"Misyonumuz - OYPROJECTS","isPartOf":{"@id":"https:\/\/oyprojects.com\/tr\/#website"},"primaryImageOfPage":{"@id":"https:\/\/oyprojects.com\/tr\/misyonumuz\/#primaryimage"},"image":{"@id":"https:\/\/oyprojects.com\/tr\/misyonumuz\/#primaryimage"},"thumbnailUrl":"https:\/\/oyprojects.com\/wp-content\/uploads\/2022\/02\/oy-projects-4-1024x576.jpg","datePublished":"2021-06-30T18:40:45+00:00","dateModified":"2024-04-17T18:35:19+00:00","breadcrumb":{"@id":"https:\/\/oyprojects.com\/tr\/misyonumuz\/#breadcrumb"},"inLanguage":"tr","potentialAction":[{"@type":"ReadAction","target":["https:\/\/oyprojects.com\/tr\/misyonumuz\/"]}]},{"@type":"ImageObject","inLanguage":"tr","@id":"https:\/\/oyprojects.com\/tr\/misyonumuz\/#primaryimage","url":"https:\/\/oyprojects.com\/wp-content\/uploads\/2022\/02\/oy-projects-4-1024x576.jpg","contentUrl":"https:\/\/oyprojects.com\/wp-content\/uploads\/2022\/02\/oy-projects-4-1024x576.jpg"},{"@type":"BreadcrumbList","@id":"https:\/\/oyprojects.com\/tr\/misyonumuz\/#breadcrumb","itemListElement":[{"@type":"ListItem","position":1,"name":"Home","item":"https:\/\/oyprojects.com\/tr\/"},{"@type":"ListItem","position":2,"name":"Misyonumuz"}]},{"@type":"WebSite","@id":"https:\/\/oyprojects.com\/tr\/#website","url":"https:\/\/oyprojects.com\/tr\/","name":"OYPROJECTS","description":"Interior Design &amp; International Trade","publisher":{"@id":"https:\/\/oyprojects.com\/tr\/#organization"},"potentialAction":[{"@type":"SearchAction","target":{"@type":"EntryPoint","urlTemplate":"https:\/\/oyprojects.com\/tr\/?s={search_term_string}"},"query-input":"required name=search_term_string"}],"inLanguage":"tr"},{"@type":"Organization","@id":"https:\/\/oyprojects.com\/tr\/#organization","name":"OY PROJECTS\u00ae","url":"https:\/\/oyprojects.com\/tr\/","logo":{"@type":"ImageObject","inLanguage":"tr","@id":"https:\/\/oyprojects.com\/tr\/#\/schema\/logo\/image\/","url":"https:\/\/oyprojects.com\/wp-content\/uploads\/2021\/06\/oyprojects-logo-EN.png","contentUrl":"https:\/\/oyprojects.com\/wp-content\/uploads\/2021\/06\/oyprojects-logo-EN.png","width":1264,"height":346,"caption":"OY PROJECTS\u00ae"},"image":{"@id":"https:\/\/oyprojects.com\/tr\/#\/schema\/logo\/image\/"}}]}},"_links":{"self":[{"href":"https:\/\/oyprojects.com\/tr\/wp-json\/wp\/v2\/pages\/4112"}],"collection":[{"href":"https:\/\/oyprojects.com\/tr\/wp-json\/wp\/v2\/pages"}],"about":[{"href":"https:\/\/oyprojects.com\/tr\/wp-json\/wp\/v2\/types\/page"}],"author":[{"embeddable":true,"href":"https:\/\/oyprojects.com\/tr\/wp-json\/wp\/v2\/users\/1"}],"replies":[{"embeddable":true,"href":"https:\/\/oyprojects.com\/tr\/wp-json\/wp\/v2\/comments?post=4112"}],"version-history":[{"count":0,"href":"https:\/\/oyprojects.com\/tr\/wp-json\/wp\/v2\/pages\/4112\/revisions"}],"wp:attachment":[{"href":"https:\/\/oyprojects.com\/tr\/wp-json\/wp\/v2\/media?parent=4112"}],"curies":[{"name":"wp","href":"https:\/\/api.w.org\/{rel}","templated":true}]}}