{"id":4108,"date":"2021-06-30T21:39:26","date_gmt":"2021-06-30T18:39:26","guid":{"rendered":"https:\/\/oyprojects.com\/kurucumuz\/"},"modified":"2024-04-17T21:35:34","modified_gmt":"2024-04-17T18:35:34","slug":"kurucumuz","status":"publish","type":"page","link":"https:\/\/oyprojects.com\/tr\/kurucumuz\/","title":{"rendered":"Kurucumuz"},"content":{"rendered":"\t\t<div data-elementor-type=\"wp-page\" data-elementor-id=\"4108\" class=\"elementor elementor-4108 elementor-790\">\n\t\t\t\t\t\t<section class=\"elementor-section elementor-top-section elementor-element elementor-element-140fd7b elementor-section-height-min-height elementor-section-boxed elementor-section-height-default elementor-section-items-middle\" data-id=\"140fd7b\" data-element_type=\"section\" data-settings=\"{&quot;background_background&quot;:&quot;classic&quot;}\">\n\t\t\t\t\t\t<div class=\"elementor-container elementor-column-gap-default\">\n\t\t\t\t\t<div class=\"elementor-column elementor-col-100 elementor-top-column elementor-element elementor-element-821f59a\" data-id=\"821f59a\" data-element_type=\"column\">\n\t\t\t<div class=\"elementor-widget-wrap elementor-element-populated\">\n\t\t\t\t\t\t<div class=\"elementor-element elementor-element-00e1732 elementor-widget elementor-widget-heading\" data-id=\"00e1732\" data-element_type=\"widget\" data-widget_type=\"heading.default\">\n\t\t\t\t<div class=\"elementor-widget-container\">\n\t\t\t<h1 class=\"elementor-heading-title elementor-size-default\">KURUCUMUZ<\/h1>\t\t<\/div>\n\t\t\t\t<\/div>\n\t\t\t\t<div class=\"elementor-element elementor-element-7844476 elementor-widget elementor-widget-global elementor-global-5081 elementor-widget-breadcrumbs\" data-id=\"7844476\" data-element_type=\"widget\" data-widget_type=\"breadcrumbs.default\">\n\t\t\t\t<div class=\"elementor-widget-container\">\n\t\t\t<p id=\"breadcrumbs\"><span><span><a href=\"https:\/\/oyprojects.com\/tr\/\">Home<\/a><\/span><\/span><\/p>\t\t<\/div>\n\t\t\t\t<\/div>\n\t\t\t\t\t<\/div>\n\t\t<\/div>\n\t\t\t\t\t<\/div>\n\t\t<\/section>\n\t\t\t\t<section class=\"elementor-section elementor-top-section elementor-element elementor-element-4e7f8df elementor-section-boxed elementor-section-height-default elementor-section-height-default\" data-id=\"4e7f8df\" data-element_type=\"section\" data-settings=\"{&quot;background_background&quot;:&quot;classic&quot;}\">\n\t\t\t\t\t\t<div class=\"elementor-container elementor-column-gap-default\">\n\t\t\t\t\t<div class=\"elementor-column elementor-col-50 elementor-top-column elementor-element elementor-element-ae2cce9\" data-id=\"ae2cce9\" data-element_type=\"column\">\n\t\t\t<div class=\"elementor-widget-wrap elementor-element-populated\">\n\t\t\t\t\t\t<div class=\"elementor-element elementor-element-cc7b520 elementor-widget elementor-widget-image\" data-id=\"cc7b520\" data-element_type=\"widget\" data-widget_type=\"image.default\">\n\t\t\t\t<div class=\"elementor-widget-container\">\n\t\t\t\t\t\t\t\t\t\t\t\t\t<img decoding=\"async\" width=\"164\" height=\"300\" src=\"https:\/\/oyprojects.com\/wp-content\/uploads\/2021\/06\/ozlem-yetkin-01-1.jpg\" class=\"attachment-large size-large wp-image-2544\" alt=\"\u00d6zlem Yetkin\" \/>\t\t\t\t\t\t\t\t\t\t\t\t\t<\/div>\n\t\t\t\t<\/div>\n\t\t\t\t\t<\/div>\n\t\t<\/div>\n\t\t\t\t<div class=\"elementor-column elementor-col-50 elementor-top-column elementor-element elementor-element-2f172a1\" data-id=\"2f172a1\" data-element_type=\"column\">\n\t\t\t<div class=\"elementor-widget-wrap elementor-element-populated\">\n\t\t\t\t\t\t<div class=\"elementor-element elementor-element-16901a3 elementor-widget elementor-widget-text-editor\" data-id=\"16901a3\" data-element_type=\"widget\" data-widget_type=\"text-editor.default\">\n\t\t\t\t<div class=\"elementor-widget-container\">\n\t\t\t\t\t\t\t<p>OY PROJECTS\u00ae kurucusu Sn. \u00d6zlem Yetkin (d. 1972 ), \u0130ngiltere&#8217;de Londra&#8217;n\u0131n en iyi uluslararas\u0131 \u00fcniversitelerinden biri olan ve G\u00fczel Sanatlar alan\u0131nda prestijli &#8220;The American Intercontinental University, Regents College&#8221;da, B\u00f6l\u00fcm Ba\u015fkan\u0131 Anthony Feldman\u2019\u0131n Dan\u0131\u015fmanl\u0131\u011f\u0131 ve Mentorlu\u011fu alt\u0131nda \u00fcniversite e\u011fitimini tamamlam\u0131\u015ft\u0131r. \u0130\u00e7 Mimarl\u0131k ve G\u00fczel Sanatlar alan\u0131nda Lisans ve Uluslararas\u0131 \u0130\u015fletme ve Y\u00f6netim alan\u0131nda \u00e7ift Ana Dal bitirmi\u015ftir.<\/p><p>1991-2007 y\u0131llar\u0131 aras\u0131nda d\u00f6n\u00fc\u015f\u00fcml\u00fc olarak Londra&#8217;da ya\u015fayan \u00d6zlem Yetkin, sanat tarihi ve mimarl\u0131k tarihinden derinden ilham alm\u0131\u015f ve zengin detaylara hayran olup tarihin zarafetine \u00f6zlem duymaktad\u0131r.\u00a0 \u00a0 \u00a0 \u00a0 Uzun y\u0131llar T\u00fcrkiye&#8217;de aile \u015firketinde \u00e7al\u0131\u015ft\u0131ktan sonra ara vermek isteyip, 2018 y\u0131l\u0131 itibariyle ABD&#8217;ye ta\u015f\u0131n\u0131p, bir y\u0131l Manhattan, New York&#8217;ta ve daha sonra Miami\u2019ye iki \u00fclke aras\u0131nda bir hayat kurmak i\u00e7in yerle\u015fmi\u015ftir. T\u00fcm bu uluslararas\u0131 tecr\u00fcbelerin \u0131\u015f\u0131\u011f\u0131nda, tarihin zengin detaylar\u0131na, zarafetine ve as\u0131l \u00f6z\u00fcne \u00f6zlem duydu\u011funu anlayarak, bu avantajlar\u0131 aile k\u00f6klerinin Urfa, T\u00fcrkiye\u2019den olu\u015fu ile harmanlayarak, kendisini yans\u0131tabilecek markalar\u0131n\u0131 kurmaya karar vermi\u015ftir.<\/p><p>Anadolu&#8217;nun k\u00fclt\u00fcrlerin mozai\u011fi ve medeniyetlerin be\u015fi\u011fi olu\u015funa g\u00fcvenerek, co\u011frafi ve k\u00fclt\u00fcrel bir k\u00f6pr\u00fc olarak Bat\u0131&#8217;y\u0131 Do\u011fu&#8217;ya ba\u011flayan, Akdeniz&#8217;in lalesi T\u00fcrkiye, \u00d6zlem Yetkin\u2019in hazinesi olup, hayali t\u00fcm bunlar\u0131 esinlendirecek i\u015flere imza atmakt\u0131r.<\/p>\t\t\t\t\t\t<\/div>\n\t\t\t\t<\/div>\n\t\t\t\t\t<\/div>\n\t\t<\/div>\n\t\t\t\t\t<\/div>\n\t\t<\/section>\n\t\t\t\t<\/div>\n\t\t","protected":false},"excerpt":{"rendered":"<p>KURUCUMUZ OY PROJECTS\u00ae kurucusu Sn. \u00d6zlem Yetkin (d. 1972 ), \u0130ngiltere&#8217;de Londra&#8217;n\u0131n en iyi uluslararas\u0131 \u00fcniversitelerinden biri olan ve G\u00fczel Sanatlar alan\u0131nda prestijli &#8220;The American Intercontinental University, Regents College&#8221;da, B\u00f6l\u00fcm Ba\u015fkan\u0131 Anthony Feldman\u2019\u0131n Dan\u0131\u015fmanl\u0131\u011f\u0131 ve Mentorlu\u011fu alt\u0131nda \u00fcniversite e\u011fitimini tamamlam\u0131\u015ft\u0131r. \u0130\u00e7 Mimarl\u0131k ve G\u00fczel Sanatlar alan\u0131nda Lisans ve Uluslararas\u0131 \u0130\u015fletme ve Y\u00f6netim alan\u0131nda \u00e7ift Ana [&hellip;]<\/p>\n","protected":false},"author":1,"featured_media":0,"parent":0,"menu_order":0,"comment_status":"closed","ping_status":"closed","template":"","meta":{"footnotes":""},"yoast_head":"<!-- This site is optimized with the Yoast SEO plugin v22.5 - https:\/\/yoast.com\/wordpress\/plugins\/seo\/ -->\n<title>Kurucumuz - OYPROJECTS<\/title>\n<meta name=\"robots\" content=\"noindex, nofollow\" \/>\n<meta property=\"og:locale\" content=\"tr_TR\" \/>\n<meta property=\"og:type\" content=\"article\" \/>\n<meta property=\"og:title\" content=\"Kurucumuz - OYPROJECTS\" \/>\n<meta property=\"og:description\" content=\"KURUCUMUZ OY PROJECTS\u00ae kurucusu Sn. \u00d6zlem Yetkin (d. 1972 ), \u0130ngiltere&#8217;de Londra&#8217;n\u0131n en iyi uluslararas\u0131 \u00fcniversitelerinden biri olan ve G\u00fczel Sanatlar alan\u0131nda prestijli &#8220;The American Intercontinental University, Regents College&#8221;da, B\u00f6l\u00fcm Ba\u015fkan\u0131 Anthony Feldman\u2019\u0131n Dan\u0131\u015fmanl\u0131\u011f\u0131 ve Mentorlu\u011fu alt\u0131nda \u00fcniversite e\u011fitimini tamamlam\u0131\u015ft\u0131r. \u0130\u00e7 Mimarl\u0131k ve G\u00fczel Sanatlar alan\u0131nda Lisans ve Uluslararas\u0131 \u0130\u015fletme ve Y\u00f6netim alan\u0131nda \u00e7ift Ana [&hellip;]\" \/>\n<meta property=\"og:url\" content=\"https:\/\/oyprojects.com\/tr\/kurucumuz\/\" \/>\n<meta property=\"og:site_name\" content=\"OYPROJECTS\" \/>\n<meta property=\"article:modified_time\" content=\"2024-04-17T18:35:34+00:00\" \/>\n<meta property=\"og:image\" content=\"https:\/\/oyprojects.com\/wp-content\/uploads\/2021\/06\/ozlem-yetkin-01-1.jpg\" \/>\n<meta name=\"twitter:card\" content=\"summary_large_image\" \/>\n<meta name=\"twitter:label1\" content=\"Tahmini okuma s\u00fcresi\" \/>\n\t<meta name=\"twitter:data1\" content=\"1 dakika\" \/>\n<script type=\"application\/ld+json\" class=\"yoast-schema-graph\">{\"@context\":\"https:\/\/schema.org\",\"@graph\":[{\"@type\":\"WebPage\",\"@id\":\"https:\/\/oyprojects.com\/tr\/kurucumuz\/\",\"url\":\"https:\/\/oyprojects.com\/tr\/kurucumuz\/\",\"name\":\"Kurucumuz - OYPROJECTS\",\"isPartOf\":{\"@id\":\"https:\/\/oyprojects.com\/tr\/#website\"},\"primaryImageOfPage\":{\"@id\":\"https:\/\/oyprojects.com\/tr\/kurucumuz\/#primaryimage\"},\"image\":{\"@id\":\"https:\/\/oyprojects.com\/tr\/kurucumuz\/#primaryimage\"},\"thumbnailUrl\":\"https:\/\/oyprojects.com\/wp-content\/uploads\/2021\/06\/ozlem-yetkin-01-1.jpg\",\"datePublished\":\"2021-06-30T18:39:26+00:00\",\"dateModified\":\"2024-04-17T18:35:34+00:00\",\"breadcrumb\":{\"@id\":\"https:\/\/oyprojects.com\/tr\/kurucumuz\/#breadcrumb\"},\"inLanguage\":\"tr\",\"potentialAction\":[{\"@type\":\"ReadAction\",\"target\":[\"https:\/\/oyprojects.com\/tr\/kurucumuz\/\"]}]},{\"@type\":\"ImageObject\",\"inLanguage\":\"tr\",\"@id\":\"https:\/\/oyprojects.com\/tr\/kurucumuz\/#primaryimage\",\"url\":\"https:\/\/oyprojects.com\/wp-content\/uploads\/2021\/06\/ozlem-yetkin-01-1.jpg\",\"contentUrl\":\"https:\/\/oyprojects.com\/wp-content\/uploads\/2021\/06\/ozlem-yetkin-01-1.jpg\"},{\"@type\":\"BreadcrumbList\",\"@id\":\"https:\/\/oyprojects.com\/tr\/kurucumuz\/#breadcrumb\",\"itemListElement\":[{\"@type\":\"ListItem\",\"position\":1,\"name\":\"Home\",\"item\":\"https:\/\/oyprojects.com\/tr\/\"},{\"@type\":\"ListItem\",\"position\":2,\"name\":\"Kurucumuz\"}]},{\"@type\":\"WebSite\",\"@id\":\"https:\/\/oyprojects.com\/tr\/#website\",\"url\":\"https:\/\/oyprojects.com\/tr\/\",\"name\":\"OYPROJECTS\",\"description\":\"Interior Design &amp; International Trade\",\"publisher\":{\"@id\":\"https:\/\/oyprojects.com\/tr\/#organization\"},\"potentialAction\":[{\"@type\":\"SearchAction\",\"target\":{\"@type\":\"EntryPoint\",\"urlTemplate\":\"https:\/\/oyprojects.com\/tr\/?s={search_term_string}\"},\"query-input\":\"required name=search_term_string\"}],\"inLanguage\":\"tr\"},{\"@type\":\"Organization\",\"@id\":\"https:\/\/oyprojects.com\/tr\/#organization\",\"name\":\"OY PROJECTS\u00ae\",\"url\":\"https:\/\/oyprojects.com\/tr\/\",\"logo\":{\"@type\":\"ImageObject\",\"inLanguage\":\"tr\",\"@id\":\"https:\/\/oyprojects.com\/tr\/#\/schema\/logo\/image\/\",\"url\":\"https:\/\/oyprojects.com\/wp-content\/uploads\/2021\/06\/oyprojects-logo-EN.png\",\"contentUrl\":\"https:\/\/oyprojects.com\/wp-content\/uploads\/2021\/06\/oyprojects-logo-EN.png\",\"width\":1264,\"height\":346,\"caption\":\"OY PROJECTS\u00ae\"},\"image\":{\"@id\":\"https:\/\/oyprojects.com\/tr\/#\/schema\/logo\/image\/\"}}]}<\/script>\n<!-- \/ Yoast SEO plugin. -->","yoast_head_json":{"title":"Kurucumuz - OYPROJECTS","robots":{"index":"noindex","follow":"nofollow"},"og_locale":"tr_TR","og_type":"article","og_title":"Kurucumuz - OYPROJECTS","og_description":"KURUCUMUZ OY PROJECTS\u00ae kurucusu Sn. \u00d6zlem Yetkin (d. 1972 ), \u0130ngiltere&#8217;de Londra&#8217;n\u0131n en iyi uluslararas\u0131 \u00fcniversitelerinden biri olan ve G\u00fczel Sanatlar alan\u0131nda prestijli &#8220;The American Intercontinental University, Regents College&#8221;da, B\u00f6l\u00fcm Ba\u015fkan\u0131 Anthony Feldman\u2019\u0131n Dan\u0131\u015fmanl\u0131\u011f\u0131 ve Mentorlu\u011fu alt\u0131nda \u00fcniversite e\u011fitimini tamamlam\u0131\u015ft\u0131r. \u0130\u00e7 Mimarl\u0131k ve G\u00fczel Sanatlar alan\u0131nda Lisans ve Uluslararas\u0131 \u0130\u015fletme ve Y\u00f6netim alan\u0131nda \u00e7ift Ana [&hellip;]","og_url":"https:\/\/oyprojects.com\/tr\/kurucumuz\/","og_site_name":"OYPROJECTS","article_modified_time":"2024-04-17T18:35:34+00:00","og_image":[{"url":"https:\/\/oyprojects.com\/wp-content\/uploads\/2021\/06\/ozlem-yetkin-01-1.jpg"}],"twitter_card":"summary_large_image","twitter_misc":{"Tahmini okuma s\u00fcresi":"1 dakika"},"schema":{"@context":"https:\/\/schema.org","@graph":[{"@type":"WebPage","@id":"https:\/\/oyprojects.com\/tr\/kurucumuz\/","url":"https:\/\/oyprojects.com\/tr\/kurucumuz\/","name":"Kurucumuz - OYPROJECTS","isPartOf":{"@id":"https:\/\/oyprojects.com\/tr\/#website"},"primaryImageOfPage":{"@id":"https:\/\/oyprojects.com\/tr\/kurucumuz\/#primaryimage"},"image":{"@id":"https:\/\/oyprojects.com\/tr\/kurucumuz\/#primaryimage"},"thumbnailUrl":"https:\/\/oyprojects.com\/wp-content\/uploads\/2021\/06\/ozlem-yetkin-01-1.jpg","datePublished":"2021-06-30T18:39:26+00:00","dateModified":"2024-04-17T18:35:34+00:00","breadcrumb":{"@id":"https:\/\/oyprojects.com\/tr\/kurucumuz\/#breadcrumb"},"inLanguage":"tr","potentialAction":[{"@type":"ReadAction","target":["https:\/\/oyprojects.com\/tr\/kurucumuz\/"]}]},{"@type":"ImageObject","inLanguage":"tr","@id":"https:\/\/oyprojects.com\/tr\/kurucumuz\/#primaryimage","url":"https:\/\/oyprojects.com\/wp-content\/uploads\/2021\/06\/ozlem-yetkin-01-1.jpg","contentUrl":"https:\/\/oyprojects.com\/wp-content\/uploads\/2021\/06\/ozlem-yetkin-01-1.jpg"},{"@type":"BreadcrumbList","@id":"https:\/\/oyprojects.com\/tr\/kurucumuz\/#breadcrumb","itemListElement":[{"@type":"ListItem","position":1,"name":"Home","item":"https:\/\/oyprojects.com\/tr\/"},{"@type":"ListItem","position":2,"name":"Kurucumuz"}]},{"@type":"WebSite","@id":"https:\/\/oyprojects.com\/tr\/#website","url":"https:\/\/oyprojects.com\/tr\/","name":"OYPROJECTS","description":"Interior Design &amp; International Trade","publisher":{"@id":"https:\/\/oyprojects.com\/tr\/#organization"},"potentialAction":[{"@type":"SearchAction","target":{"@type":"EntryPoint","urlTemplate":"https:\/\/oyprojects.com\/tr\/?s={search_term_string}"},"query-input":"required name=search_term_string"}],"inLanguage":"tr"},{"@type":"Organization","@id":"https:\/\/oyprojects.com\/tr\/#organization","name":"OY PROJECTS\u00ae","url":"https:\/\/oyprojects.com\/tr\/","logo":{"@type":"ImageObject","inLanguage":"tr","@id":"https:\/\/oyprojects.com\/tr\/#\/schema\/logo\/image\/","url":"https:\/\/oyprojects.com\/wp-content\/uploads\/2021\/06\/oyprojects-logo-EN.png","contentUrl":"https:\/\/oyprojects.com\/wp-content\/uploads\/2021\/06\/oyprojects-logo-EN.png","width":1264,"height":346,"caption":"OY PROJECTS\u00ae"},"image":{"@id":"https:\/\/oyprojects.com\/tr\/#\/schema\/logo\/image\/"}}]}},"_links":{"self":[{"href":"https:\/\/oyprojects.com\/tr\/wp-json\/wp\/v2\/pages\/4108"}],"collection":[{"href":"https:\/\/oyprojects.com\/tr\/wp-json\/wp\/v2\/pages"}],"about":[{"href":"https:\/\/oyprojects.com\/tr\/wp-json\/wp\/v2\/types\/page"}],"author":[{"embeddable":true,"href":"https:\/\/oyprojects.com\/tr\/wp-json\/wp\/v2\/users\/1"}],"replies":[{"embeddable":true,"href":"https:\/\/oyprojects.com\/tr\/wp-json\/wp\/v2\/comments?post=4108"}],"version-history":[{"count":0,"href":"https:\/\/oyprojects.com\/tr\/wp-json\/wp\/v2\/pages\/4108\/revisions"}],"wp:attachment":[{"href":"https:\/\/oyprojects.com\/tr\/wp-json\/wp\/v2\/media?parent=4108"}],"curies":[{"name":"wp","href":"https:\/\/api.w.org\/{rel}","templated":true}]}}