{"id":4104,"date":"2021-06-30T21:35:10","date_gmt":"2021-06-30T18:35:10","guid":{"rendered":"https:\/\/oyprojects.com\/urunlerimizin-icerigi\/"},"modified":"2024-04-17T21:35:54","modified_gmt":"2024-04-17T18:35:54","slug":"urunlerimizin-icerigi","status":"publish","type":"page","link":"https:\/\/oyprojects.com\/tr\/urunlerimizin-icerigi\/","title":{"rendered":"\u00dcr\u00fcnlerimizin \u0130\u00e7eri\u011fi"},"content":{"rendered":"\t\t<div data-elementor-type=\"wp-page\" data-elementor-id=\"4104\" class=\"elementor elementor-4104 elementor-1028\">\n\t\t\t\t\t\t<section class=\"elementor-section elementor-top-section elementor-element elementor-element-140fd7b elementor-section-height-min-height elementor-section-boxed elementor-section-height-default elementor-section-items-middle\" data-id=\"140fd7b\" data-element_type=\"section\" data-settings=\"{&quot;background_background&quot;:&quot;classic&quot;}\">\n\t\t\t\t\t\t<div class=\"elementor-container elementor-column-gap-default\">\n\t\t\t\t\t<div class=\"elementor-column elementor-col-100 elementor-top-column elementor-element elementor-element-821f59a\" data-id=\"821f59a\" data-element_type=\"column\">\n\t\t\t<div class=\"elementor-widget-wrap elementor-element-populated\">\n\t\t\t\t\t\t<div class=\"elementor-element elementor-element-00e1732 elementor-widget elementor-widget-heading\" data-id=\"00e1732\" data-element_type=\"widget\" data-widget_type=\"heading.default\">\n\t\t\t\t<div class=\"elementor-widget-container\">\n\t\t\t<h1 class=\"elementor-heading-title elementor-size-default\">\u00dcR\u00dcNLER\u0130M\u0130Z\u0130N \u0130\u00c7ER\u0130\u011e\u0130<\/h1>\t\t<\/div>\n\t\t\t\t<\/div>\n\t\t\t\t<div class=\"elementor-element elementor-element-cafba43 elementor-widget elementor-widget-global elementor-global-5081 elementor-widget-breadcrumbs\" data-id=\"cafba43\" data-element_type=\"widget\" data-widget_type=\"breadcrumbs.default\">\n\t\t\t\t<div class=\"elementor-widget-container\">\n\t\t\t<p id=\"breadcrumbs\"><span><span><a href=\"https:\/\/oyprojects.com\/tr\/\">Home<\/a><\/span><\/span><\/p>\t\t<\/div>\n\t\t\t\t<\/div>\n\t\t\t\t\t<\/div>\n\t\t<\/div>\n\t\t\t\t\t<\/div>\n\t\t<\/section>\n\t\t\t\t<section class=\"elementor-section elementor-top-section elementor-element elementor-element-e8cd02b elementor-section-boxed elementor-section-height-default elementor-section-height-default\" data-id=\"e8cd02b\" data-element_type=\"section\" data-settings=\"{&quot;background_background&quot;:&quot;classic&quot;}\">\n\t\t\t\t\t\t<div class=\"elementor-container elementor-column-gap-default\">\n\t\t\t\t\t<div class=\"elementor-column elementor-col-25 elementor-top-column elementor-element elementor-element-aab3e5f\" data-id=\"aab3e5f\" data-element_type=\"column\">\n\t\t\t<div class=\"elementor-widget-wrap elementor-element-populated\">\n\t\t\t\t\t\t<div class=\"elementor-element elementor-element-c60713c elementor-widget elementor-widget-image\" data-id=\"c60713c\" data-element_type=\"widget\" data-widget_type=\"image.default\">\n\t\t\t\t<div class=\"elementor-widget-container\">\n\t\t\t\t\t\t\t\t\t\t\t\t\t<img fetchpriority=\"high\" decoding=\"async\" width=\"710\" height=\"710\" src=\"https:\/\/oyprojects.com\/wp-content\/uploads\/2021\/06\/oyprojects-56.png\" class=\"attachment-large size-large wp-image-2599\" alt=\"\" srcset=\"https:\/\/oyprojects.com\/wp-content\/uploads\/2021\/06\/oyprojects-56.png 710w, https:\/\/oyprojects.com\/wp-content\/uploads\/2021\/06\/oyprojects-56-300x300.png 300w, https:\/\/oyprojects.com\/wp-content\/uploads\/2021\/06\/oyprojects-56-150x150.png 150w\" sizes=\"(max-width: 710px) 100vw, 710px\" \/>\t\t\t\t\t\t\t\t\t\t\t\t\t<\/div>\n\t\t\t\t<\/div>\n\t\t\t\t\t<\/div>\n\t\t<\/div>\n\t\t\t\t<div class=\"elementor-column elementor-col-25 elementor-top-column elementor-element elementor-element-fccf697\" data-id=\"fccf697\" data-element_type=\"column\">\n\t\t\t<div class=\"elementor-widget-wrap elementor-element-populated\">\n\t\t\t\t\t\t<div class=\"elementor-element elementor-element-c1d900a elementor-widget elementor-widget-image\" data-id=\"c1d900a\" data-element_type=\"widget\" data-widget_type=\"image.default\">\n\t\t\t\t<div class=\"elementor-widget-container\">\n\t\t\t\t\t\t\t\t\t\t\t\t\t<img decoding=\"async\" width=\"710\" height=\"710\" src=\"https:\/\/oyprojects.com\/wp-content\/uploads\/2021\/06\/oyprojects-54.png\" class=\"attachment-large size-large wp-image-2597\" alt=\"\" srcset=\"https:\/\/oyprojects.com\/wp-content\/uploads\/2021\/06\/oyprojects-54.png 710w, https:\/\/oyprojects.com\/wp-content\/uploads\/2021\/06\/oyprojects-54-300x300.png 300w, https:\/\/oyprojects.com\/wp-content\/uploads\/2021\/06\/oyprojects-54-150x150.png 150w\" sizes=\"(max-width: 710px) 100vw, 710px\" \/>\t\t\t\t\t\t\t\t\t\t\t\t\t<\/div>\n\t\t\t\t<\/div>\n\t\t\t\t\t<\/div>\n\t\t<\/div>\n\t\t\t\t<div class=\"elementor-column elementor-col-25 elementor-top-column elementor-element elementor-element-7188e84\" data-id=\"7188e84\" data-element_type=\"column\">\n\t\t\t<div class=\"elementor-widget-wrap elementor-element-populated\">\n\t\t\t\t\t\t<div class=\"elementor-element elementor-element-2bd1756 elementor-widget elementor-widget-image\" data-id=\"2bd1756\" data-element_type=\"widget\" data-widget_type=\"image.default\">\n\t\t\t\t<div class=\"elementor-widget-container\">\n\t\t\t\t\t\t\t\t\t\t\t\t\t<img decoding=\"async\" src=\"https:\/\/oyprojects.com\/wp-content\/uploads\/2021\/06\/oyprojects-55.png\" title=\"\" alt=\"\" loading=\"lazy\" \/>\t\t\t\t\t\t\t\t\t\t\t\t\t<\/div>\n\t\t\t\t<\/div>\n\t\t\t\t<div class=\"elementor-element elementor-element-81be078 elementor-widget elementor-widget-text-editor\" data-id=\"81be078\" data-element_type=\"widget\" data-widget_type=\"text-editor.default\">\n\t\t\t\t<div class=\"elementor-widget-container\">\n\t\t\t\t\t\t\t<div class=\"x-el c1-1 c1-2 c1-22 c1-23 c1-5a c1-1e c1-1g c1-8i c1-8j c1-8k c1-8l c1-8m c1-8n c1-8o c1-8p c1-8q c1-8r c1-8s c1-8t c1-8u c1-8v c1-8w c1-8x c1-8y c1-8z c1-90 c1-91 c1-92 c1-93 c1-94 c1-95 c1-96 c1-97 c1-98 c1-99 c1-4 c1-2m c1-b c1-6e c1-c c1-44 c1-d c1-e c1-f c1-g x-rt\" data-ux=\"ContentCardText\" data-aid=\"CONTENT_DESCRIPTION3_RENDERED\" data-typography=\"BodyAlpha\">\n<p>Biz hayvan severiz ve onlar\u0131n ya\u015fam haklar\u0131n\u0131 savunuyoruz! \ud83d\udc3e\u2763\ufe0f<\/p>\n<\/div>\n\t\t\t\t\t\t<\/div>\n\t\t\t\t<\/div>\n\t\t\t\t\t<\/div>\n\t\t<\/div>\n\t\t\t\t<div class=\"elementor-column elementor-col-25 elementor-top-column elementor-element elementor-element-2c4a716\" data-id=\"2c4a716\" data-element_type=\"column\">\n\t\t\t<div class=\"elementor-widget-wrap elementor-element-populated\">\n\t\t\t\t\t\t<div class=\"elementor-element elementor-element-1264661 elementor-widget elementor-widget-text-editor\" data-id=\"1264661\" data-element_type=\"widget\" data-widget_type=\"text-editor.default\">\n\t\t\t\t<div class=\"elementor-widget-container\">\n\t\t\t\t\t\t\t<p> Mottolar\u0131m\u0131z:<\/p>\n\t\t\t\t\t\t<\/div>\n\t\t\t\t<\/div>\n\t\t\t\t<div class=\"elementor-element elementor-element-39e8769 elementor-widget elementor-widget-text-editor\" data-id=\"39e8769\" data-element_type=\"widget\" data-widget_type=\"text-editor.default\">\n\t\t\t\t<div class=\"elementor-widget-container\">\n\t\t\t\t\t\t\t<ul>\n<li>YOKSULLU\u011eA SON<\/li>\n<li>A\u00c7LI\u011eA SON<\/li>\n<li>SA\u011eLIK VE KAL\u0130TEL\u0130 YA\u015eAM<\/li>\n<li>SORUMLU T\u00dcKET\u0130M VE \u00dcRET\u0130M <\/li>\n<li>\u0130KL\u0130M EYLEM\u0130 <\/li>\n<li>SUDAK\u0130 YA\u015eAM <\/li>\n<li>KARASAL YA\u015eAM<\/li>\n<\/ul>\n\t\t\t\t\t\t<\/div>\n\t\t\t\t<\/div>\n\t\t\t\t\t<\/div>\n\t\t<\/div>\n\t\t\t\t\t<\/div>\n\t\t<\/section>\n\t\t\t\t<\/div>\n\t\t","protected":false},"excerpt":{"rendered":"<p>\u00dcR\u00dcNLER\u0130M\u0130Z\u0130N \u0130\u00c7ER\u0130\u011e\u0130 Biz hayvan severiz ve onlar\u0131n ya\u015fam haklar\u0131n\u0131 savunuyoruz! \ud83d\udc3e\u2763\ufe0f Mottolar\u0131m\u0131z: YOKSULLU\u011eA SON A\u00c7LI\u011eA SON SA\u011eLIK VE KAL\u0130TEL\u0130 YA\u015eAM SORUMLU T\u00dcKET\u0130M VE \u00dcRET\u0130M \u0130KL\u0130M EYLEM\u0130 SUDAK\u0130 YA\u015eAM KARASAL YA\u015eAM<\/p>\n","protected":false},"author":1,"featured_media":0,"parent":0,"menu_order":0,"comment_status":"closed","ping_status":"closed","template":"","meta":{"footnotes":""},"yoast_head":"<!-- This site is optimized with the Yoast SEO plugin v22.5 - https:\/\/yoast.com\/wordpress\/plugins\/seo\/ -->\n<title>\u00dcr\u00fcnlerimizin \u0130\u00e7eri\u011fi - OYPROJECTS<\/title>\n<meta name=\"robots\" content=\"index, follow, max-snippet:-1, max-image-preview:large, max-video-preview:-1\" \/>\n<link rel=\"canonical\" href=\"https:\/\/oyprojects.com\/tr\/urunlerimizin-icerigi\/\" \/>\n<meta property=\"og:locale\" content=\"tr_TR\" \/>\n<meta property=\"og:type\" content=\"article\" \/>\n<meta property=\"og:title\" content=\"\u00dcr\u00fcnlerimizin \u0130\u00e7eri\u011fi - OYPROJECTS\" \/>\n<meta property=\"og:description\" content=\"\u00dcR\u00dcNLER\u0130M\u0130Z\u0130N \u0130\u00c7ER\u0130\u011e\u0130 Biz hayvan severiz ve onlar\u0131n ya\u015fam haklar\u0131n\u0131 savunuyoruz! \ud83d\udc3e\u2763\ufe0f Mottolar\u0131m\u0131z: YOKSULLU\u011eA SON A\u00c7LI\u011eA SON SA\u011eLIK VE KAL\u0130TEL\u0130 YA\u015eAM SORUMLU T\u00dcKET\u0130M VE \u00dcRET\u0130M \u0130KL\u0130M EYLEM\u0130 SUDAK\u0130 YA\u015eAM KARASAL YA\u015eAM\" \/>\n<meta property=\"og:url\" content=\"https:\/\/oyprojects.com\/tr\/urunlerimizin-icerigi\/\" \/>\n<meta property=\"og:site_name\" content=\"OYPROJECTS\" \/>\n<meta property=\"article:modified_time\" content=\"2024-04-17T18:35:54+00:00\" \/>\n<meta property=\"og:image\" content=\"https:\/\/oyprojects.com\/wp-content\/uploads\/2021\/06\/oyprojects-56.png\" \/>\n<meta name=\"twitter:card\" content=\"summary_large_image\" \/>\n<script type=\"application\/ld+json\" class=\"yoast-schema-graph\">{\"@context\":\"https:\/\/schema.org\",\"@graph\":[{\"@type\":\"WebPage\",\"@id\":\"https:\/\/oyprojects.com\/tr\/urunlerimizin-icerigi\/\",\"url\":\"https:\/\/oyprojects.com\/tr\/urunlerimizin-icerigi\/\",\"name\":\"\u00dcr\u00fcnlerimizin \u0130\u00e7eri\u011fi - OYPROJECTS\",\"isPartOf\":{\"@id\":\"https:\/\/oyprojects.com\/tr\/#website\"},\"primaryImageOfPage\":{\"@id\":\"https:\/\/oyprojects.com\/tr\/urunlerimizin-icerigi\/#primaryimage\"},\"image\":{\"@id\":\"https:\/\/oyprojects.com\/tr\/urunlerimizin-icerigi\/#primaryimage\"},\"thumbnailUrl\":\"https:\/\/oyprojects.com\/wp-content\/uploads\/2021\/06\/oyprojects-56.png\",\"datePublished\":\"2021-06-30T18:35:10+00:00\",\"dateModified\":\"2024-04-17T18:35:54+00:00\",\"breadcrumb\":{\"@id\":\"https:\/\/oyprojects.com\/tr\/urunlerimizin-icerigi\/#breadcrumb\"},\"inLanguage\":\"tr\",\"potentialAction\":[{\"@type\":\"ReadAction\",\"target\":[\"https:\/\/oyprojects.com\/tr\/urunlerimizin-icerigi\/\"]}]},{\"@type\":\"ImageObject\",\"inLanguage\":\"tr\",\"@id\":\"https:\/\/oyprojects.com\/tr\/urunlerimizin-icerigi\/#primaryimage\",\"url\":\"https:\/\/oyprojects.com\/wp-content\/uploads\/2021\/06\/oyprojects-56.png\",\"contentUrl\":\"https:\/\/oyprojects.com\/wp-content\/uploads\/2021\/06\/oyprojects-56.png\"},{\"@type\":\"BreadcrumbList\",\"@id\":\"https:\/\/oyprojects.com\/tr\/urunlerimizin-icerigi\/#breadcrumb\",\"itemListElement\":[{\"@type\":\"ListItem\",\"position\":1,\"name\":\"Home\",\"item\":\"https:\/\/oyprojects.com\/tr\/\"},{\"@type\":\"ListItem\",\"position\":2,\"name\":\"\u00dcr\u00fcnlerimizin \u0130\u00e7eri\u011fi\"}]},{\"@type\":\"WebSite\",\"@id\":\"https:\/\/oyprojects.com\/tr\/#website\",\"url\":\"https:\/\/oyprojects.com\/tr\/\",\"name\":\"OYPROJECTS\",\"description\":\"Interior Design &amp; International Trade\",\"publisher\":{\"@id\":\"https:\/\/oyprojects.com\/tr\/#organization\"},\"potentialAction\":[{\"@type\":\"SearchAction\",\"target\":{\"@type\":\"EntryPoint\",\"urlTemplate\":\"https:\/\/oyprojects.com\/tr\/?s={search_term_string}\"},\"query-input\":\"required name=search_term_string\"}],\"inLanguage\":\"tr\"},{\"@type\":\"Organization\",\"@id\":\"https:\/\/oyprojects.com\/tr\/#organization\",\"name\":\"OY PROJECTS\u00ae\",\"url\":\"https:\/\/oyprojects.com\/tr\/\",\"logo\":{\"@type\":\"ImageObject\",\"inLanguage\":\"tr\",\"@id\":\"https:\/\/oyprojects.com\/tr\/#\/schema\/logo\/image\/\",\"url\":\"https:\/\/oyprojects.com\/wp-content\/uploads\/2021\/06\/oyprojects-logo-EN.png\",\"contentUrl\":\"https:\/\/oyprojects.com\/wp-content\/uploads\/2021\/06\/oyprojects-logo-EN.png\",\"width\":1264,\"height\":346,\"caption\":\"OY PROJECTS\u00ae\"},\"image\":{\"@id\":\"https:\/\/oyprojects.com\/tr\/#\/schema\/logo\/image\/\"}}]}<\/script>\n<!-- \/ Yoast SEO plugin. -->","yoast_head_json":{"title":"\u00dcr\u00fcnlerimizin \u0130\u00e7eri\u011fi - OYPROJECTS","robots":{"index":"index","follow":"follow","max-snippet":"max-snippet:-1","max-image-preview":"max-image-preview:large","max-video-preview":"max-video-preview:-1"},"canonical":"https:\/\/oyprojects.com\/tr\/urunlerimizin-icerigi\/","og_locale":"tr_TR","og_type":"article","og_title":"\u00dcr\u00fcnlerimizin \u0130\u00e7eri\u011fi - OYPROJECTS","og_description":"\u00dcR\u00dcNLER\u0130M\u0130Z\u0130N \u0130\u00c7ER\u0130\u011e\u0130 Biz hayvan severiz ve onlar\u0131n ya\u015fam haklar\u0131n\u0131 savunuyoruz! \ud83d\udc3e\u2763\ufe0f Mottolar\u0131m\u0131z: YOKSULLU\u011eA SON A\u00c7LI\u011eA SON SA\u011eLIK VE KAL\u0130TEL\u0130 YA\u015eAM SORUMLU T\u00dcKET\u0130M VE \u00dcRET\u0130M \u0130KL\u0130M EYLEM\u0130 SUDAK\u0130 YA\u015eAM KARASAL YA\u015eAM","og_url":"https:\/\/oyprojects.com\/tr\/urunlerimizin-icerigi\/","og_site_name":"OYPROJECTS","article_modified_time":"2024-04-17T18:35:54+00:00","og_image":[{"url":"https:\/\/oyprojects.com\/wp-content\/uploads\/2021\/06\/oyprojects-56.png"}],"twitter_card":"summary_large_image","schema":{"@context":"https:\/\/schema.org","@graph":[{"@type":"WebPage","@id":"https:\/\/oyprojects.com\/tr\/urunlerimizin-icerigi\/","url":"https:\/\/oyprojects.com\/tr\/urunlerimizin-icerigi\/","name":"\u00dcr\u00fcnlerimizin \u0130\u00e7eri\u011fi - OYPROJECTS","isPartOf":{"@id":"https:\/\/oyprojects.com\/tr\/#website"},"primaryImageOfPage":{"@id":"https:\/\/oyprojects.com\/tr\/urunlerimizin-icerigi\/#primaryimage"},"image":{"@id":"https:\/\/oyprojects.com\/tr\/urunlerimizin-icerigi\/#primaryimage"},"thumbnailUrl":"https:\/\/oyprojects.com\/wp-content\/uploads\/2021\/06\/oyprojects-56.png","datePublished":"2021-06-30T18:35:10+00:00","dateModified":"2024-04-17T18:35:54+00:00","breadcrumb":{"@id":"https:\/\/oyprojects.com\/tr\/urunlerimizin-icerigi\/#breadcrumb"},"inLanguage":"tr","potentialAction":[{"@type":"ReadAction","target":["https:\/\/oyprojects.com\/tr\/urunlerimizin-icerigi\/"]}]},{"@type":"ImageObject","inLanguage":"tr","@id":"https:\/\/oyprojects.com\/tr\/urunlerimizin-icerigi\/#primaryimage","url":"https:\/\/oyprojects.com\/wp-content\/uploads\/2021\/06\/oyprojects-56.png","contentUrl":"https:\/\/oyprojects.com\/wp-content\/uploads\/2021\/06\/oyprojects-56.png"},{"@type":"BreadcrumbList","@id":"https:\/\/oyprojects.com\/tr\/urunlerimizin-icerigi\/#breadcrumb","itemListElement":[{"@type":"ListItem","position":1,"name":"Home","item":"https:\/\/oyprojects.com\/tr\/"},{"@type":"ListItem","position":2,"name":"\u00dcr\u00fcnlerimizin \u0130\u00e7eri\u011fi"}]},{"@type":"WebSite","@id":"https:\/\/oyprojects.com\/tr\/#website","url":"https:\/\/oyprojects.com\/tr\/","name":"OYPROJECTS","description":"Interior Design &amp; International Trade","publisher":{"@id":"https:\/\/oyprojects.com\/tr\/#organization"},"potentialAction":[{"@type":"SearchAction","target":{"@type":"EntryPoint","urlTemplate":"https:\/\/oyprojects.com\/tr\/?s={search_term_string}"},"query-input":"required name=search_term_string"}],"inLanguage":"tr"},{"@type":"Organization","@id":"https:\/\/oyprojects.com\/tr\/#organization","name":"OY PROJECTS\u00ae","url":"https:\/\/oyprojects.com\/tr\/","logo":{"@type":"ImageObject","inLanguage":"tr","@id":"https:\/\/oyprojects.com\/tr\/#\/schema\/logo\/image\/","url":"https:\/\/oyprojects.com\/wp-content\/uploads\/2021\/06\/oyprojects-logo-EN.png","contentUrl":"https:\/\/oyprojects.com\/wp-content\/uploads\/2021\/06\/oyprojects-logo-EN.png","width":1264,"height":346,"caption":"OY PROJECTS\u00ae"},"image":{"@id":"https:\/\/oyprojects.com\/tr\/#\/schema\/logo\/image\/"}}]}},"_links":{"self":[{"href":"https:\/\/oyprojects.com\/tr\/wp-json\/wp\/v2\/pages\/4104"}],"collection":[{"href":"https:\/\/oyprojects.com\/tr\/wp-json\/wp\/v2\/pages"}],"about":[{"href":"https:\/\/oyprojects.com\/tr\/wp-json\/wp\/v2\/types\/page"}],"author":[{"embeddable":true,"href":"https:\/\/oyprojects.com\/tr\/wp-json\/wp\/v2\/users\/1"}],"replies":[{"embeddable":true,"href":"https:\/\/oyprojects.com\/tr\/wp-json\/wp\/v2\/comments?post=4104"}],"version-history":[{"count":0,"href":"https:\/\/oyprojects.com\/tr\/wp-json\/wp\/v2\/pages\/4104\/revisions"}],"wp:attachment":[{"href":"https:\/\/oyprojects.com\/tr\/wp-json\/wp\/v2\/media?parent=4104"}],"curies":[{"name":"wp","href":"https:\/\/api.w.org\/{rel}","templated":true}]}}