{"id":4078,"date":"2021-06-30T18:01:26","date_gmt":"2021-06-30T15:01:26","guid":{"rendered":"https:\/\/oyprojects.com\/proje-tasarlama\/"},"modified":"2024-04-23T23:57:25","modified_gmt":"2024-04-23T20:57:25","slug":"proje-tasarlama","status":"publish","type":"page","link":"https:\/\/oyprojects.com\/tr\/proje-tasarlama\/","title":{"rendered":"Proje Tasarlama"},"content":{"rendered":"\t\t<div data-elementor-type=\"wp-page\" data-elementor-id=\"4078\" class=\"elementor elementor-4078 elementor-1622\">\n\t\t\t\t\t\t<section class=\"elementor-section elementor-top-section elementor-element elementor-element-69e6edc7 elementor-section-height-min-height elementor-section-boxed elementor-section-height-default elementor-section-items-middle\" data-id=\"69e6edc7\" data-element_type=\"section\" data-settings=\"{&quot;background_background&quot;:&quot;classic&quot;}\">\n\t\t\t\t\t\t<div class=\"elementor-container elementor-column-gap-default\">\n\t\t\t\t\t<div class=\"elementor-column elementor-col-100 elementor-top-column elementor-element elementor-element-7de0e98d\" data-id=\"7de0e98d\" data-element_type=\"column\">\n\t\t\t<div class=\"elementor-widget-wrap elementor-element-populated\">\n\t\t\t\t\t\t<div class=\"elementor-element elementor-element-4807e3a elementor-widget elementor-widget-heading\" data-id=\"4807e3a\" data-element_type=\"widget\" data-widget_type=\"heading.default\">\n\t\t\t\t<div class=\"elementor-widget-container\">\n\t\t\t<h1 class=\"elementor-heading-title elementor-size-default\">PROJE TASARLAMA<\/h1>\t\t<\/div>\n\t\t\t\t<\/div>\n\t\t\t\t<div class=\"elementor-element elementor-element-54bd368 elementor-widget elementor-widget-global elementor-global-5081 elementor-widget-breadcrumbs\" data-id=\"54bd368\" data-element_type=\"widget\" data-widget_type=\"breadcrumbs.default\">\n\t\t\t\t<div class=\"elementor-widget-container\">\n\t\t\t<p id=\"breadcrumbs\"><span><span><a href=\"https:\/\/oyprojects.com\/tr\/\">Home<\/a><\/span><\/span><\/p>\t\t<\/div>\n\t\t\t\t<\/div>\n\t\t\t\t\t<\/div>\n\t\t<\/div>\n\t\t\t\t\t<\/div>\n\t\t<\/section>\n\t\t\t\t<section class=\"elementor-section elementor-top-section elementor-element elementor-element-4df4f80 elementor-section-boxed elementor-section-height-default elementor-section-height-default\" data-id=\"4df4f80\" data-element_type=\"section\" data-settings=\"{&quot;background_background&quot;:&quot;classic&quot;}\">\n\t\t\t\t\t\t<div class=\"elementor-container elementor-column-gap-default\">\n\t\t\t\t\t<div class=\"elementor-column elementor-col-50 elementor-top-column elementor-element elementor-element-f68196e\" data-id=\"f68196e\" data-element_type=\"column\">\n\t\t\t<div class=\"elementor-widget-wrap elementor-element-populated\">\n\t\t\t\t\t\t<div class=\"elementor-element elementor-element-ea45dd1 elementor-widget elementor-widget-image\" data-id=\"ea45dd1\" data-element_type=\"widget\" data-widget_type=\"image.default\">\n\t\t\t\t<div class=\"elementor-widget-container\">\n\t\t\t\t\t\t\t\t\t\t\t\t\t<img fetchpriority=\"high\" decoding=\"async\" width=\"800\" height=\"600\" src=\"https:\/\/oyprojects.com\/wp-content\/uploads\/2021\/06\/oyprojects-01-1024x768.jpg\" class=\"attachment-large size-large wp-image-2531\" alt=\"\" srcset=\"https:\/\/oyprojects.com\/wp-content\/uploads\/2021\/06\/oyprojects-01-1024x768.jpg 1024w, https:\/\/oyprojects.com\/wp-content\/uploads\/2021\/06\/oyprojects-01-300x225.jpg 300w, https:\/\/oyprojects.com\/wp-content\/uploads\/2021\/06\/oyprojects-01-768x576.jpg 768w, https:\/\/oyprojects.com\/wp-content\/uploads\/2021\/06\/oyprojects-01-1536x1152.jpg 1536w, https:\/\/oyprojects.com\/wp-content\/uploads\/2021\/06\/oyprojects-01-2048x1536.jpg 2048w\" sizes=\"(max-width: 800px) 100vw, 800px\" \/>\t\t\t\t\t\t\t\t\t\t\t\t\t<\/div>\n\t\t\t\t<\/div>\n\t\t\t\t\t<\/div>\n\t\t<\/div>\n\t\t\t\t<div class=\"elementor-column elementor-col-50 elementor-top-column elementor-element elementor-element-63c479f\" data-id=\"63c479f\" data-element_type=\"column\">\n\t\t\t<div class=\"elementor-widget-wrap elementor-element-populated\">\n\t\t\t\t\t\t<div class=\"elementor-element elementor-element-c84791e elementor-widget elementor-widget-text-editor\" data-id=\"c84791e\" data-element_type=\"widget\" data-widget_type=\"text-editor.default\">\n\t\t\t\t<div class=\"elementor-widget-container\">\n\t\t\t\t\t\t\t<p>OY PROJECTS\u00ae, projelerimizin ihtiya\u00e7lar\u0131n\u0131 kar\u015f\u0131lamaya kendini adam\u0131\u015f uzman bir i\u00e7 mimar, mimar ve in\u015faat m\u00fchendisi ekibine sahiptir.<\/p>\t\t\t\t\t\t<\/div>\n\t\t\t\t<\/div>\n\t\t\t\t<div class=\"elementor-element elementor-element-c56e147 elementor-widget elementor-widget-text-editor\" data-id=\"c56e147\" data-element_type=\"widget\" data-widget_type=\"text-editor.default\">\n\t\t\t\t<div class=\"elementor-widget-container\">\n\t\t\t\t\t\t\t<p>* Proje Dan\u0131\u015fmanl\u0131\u011f\u0131<br \/>* Gayrimenkul Geli\u015ftirme<br \/>* Temel \u0130htiya\u00e7lar\u0131n Sa\u011flanmas\u0131<\/p>\t\t\t\t\t\t<\/div>\n\t\t\t\t<\/div>\n\t\t\t\t<div class=\"elementor-element elementor-element-cb7f3c1 elementor-widget elementor-widget-text-editor\" data-id=\"cb7f3c1\" data-element_type=\"widget\" data-widget_type=\"text-editor.default\">\n\t\t\t\t<div class=\"elementor-widget-container\">\n\t\t\t\t\t\t\t<p>Projelerimizin tasar\u0131m stili ve temas\u0131 mekan\u0131n ihtiya\u00e7lar\u0131na g\u00f6re de\u011fi\u015fmekte ve m\u00fc\u015fterilerimizin taleplerine g\u00f6re de\u011fi\u015fmektedir. M\u00fc\u015fterilerimizi ve mekan\u0131 \u00e7ok iyi tan\u0131y\u0131p anl\u0131yoruz ve \u0131smarlama tasar\u0131m yaratmaya odaklan\u0131p imzam\u0131z\u0131 at\u0131yoruz.<\/p>\t\t\t\t\t\t<\/div>\n\t\t\t\t<\/div>\n\t\t\t\t\t<\/div>\n\t\t<\/div>\n\t\t\t\t\t<\/div>\n\t\t<\/section>\n\t\t\t\t<\/div>\n\t\t","protected":false},"excerpt":{"rendered":"<p>PROJE TASARLAMA OY PROJECTS\u00ae, projelerimizin ihtiya\u00e7lar\u0131n\u0131 kar\u015f\u0131lamaya kendini adam\u0131\u015f uzman bir i\u00e7 mimar, mimar ve in\u015faat m\u00fchendisi ekibine sahiptir. * Proje Dan\u0131\u015fmanl\u0131\u011f\u0131* Gayrimenkul Geli\u015ftirme* Temel \u0130htiya\u00e7lar\u0131n Sa\u011flanmas\u0131 Projelerimizin tasar\u0131m stili ve temas\u0131 mekan\u0131n ihtiya\u00e7lar\u0131na g\u00f6re de\u011fi\u015fmekte ve m\u00fc\u015fterilerimizin taleplerine g\u00f6re de\u011fi\u015fmektedir. M\u00fc\u015fterilerimizi ve mekan\u0131 \u00e7ok iyi tan\u0131y\u0131p anl\u0131yoruz ve \u0131smarlama tasar\u0131m yaratmaya odaklan\u0131p imzam\u0131z\u0131 at\u0131yoruz.<\/p>\n","protected":false},"author":1,"featured_media":0,"parent":0,"menu_order":0,"comment_status":"closed","ping_status":"closed","template":"","meta":{"footnotes":""},"yoast_head":"<!-- This site is optimized with the Yoast SEO plugin v22.5 - https:\/\/yoast.com\/wordpress\/plugins\/seo\/ -->\n<title>Proje Tasarlama - OYPROJECTS<\/title>\n<meta name=\"description\" content=\"OY PROJECTS, projelerimizin ihtiya\u00e7lar\u0131n\u0131 kar\u015f\u0131lamaya kendini adam\u0131\u015f uzman bir i\u00e7 mimar, mimar ve in\u015faat m\u00fchendisi ekibine sahiptir.Proje tasarlama s\u00fcre\u00e7lerinde size yard\u0131mc\u0131 olur.\" \/>\n<meta name=\"robots\" content=\"index, follow, max-snippet:-1, max-image-preview:large, max-video-preview:-1\" \/>\n<link rel=\"canonical\" href=\"https:\/\/oyprojects.com\/tr\/proje-tasarlama\/\" \/>\n<meta property=\"og:locale\" content=\"tr_TR\" \/>\n<meta property=\"og:type\" content=\"article\" \/>\n<meta property=\"og:title\" content=\"Proje Tasarlama - OYPROJECTS\" \/>\n<meta property=\"og:description\" content=\"OY PROJECTS, projelerimizin ihtiya\u00e7lar\u0131n\u0131 kar\u015f\u0131lamaya kendini adam\u0131\u015f uzman bir i\u00e7 mimar, mimar ve in\u015faat m\u00fchendisi ekibine sahiptir.Proje tasarlama s\u00fcre\u00e7lerinde size yard\u0131mc\u0131 olur.\" \/>\n<meta property=\"og:url\" content=\"https:\/\/oyprojects.com\/tr\/proje-tasarlama\/\" \/>\n<meta property=\"og:site_name\" content=\"OYPROJECTS\" \/>\n<meta property=\"article:modified_time\" content=\"2024-04-23T20:57:25+00:00\" \/>\n<meta property=\"og:image\" content=\"https:\/\/oyprojects.com\/wp-content\/uploads\/2021\/06\/oyprojects-01-1024x768.jpg\" \/>\n<meta name=\"twitter:card\" content=\"summary_large_image\" \/>\n<meta name=\"twitter:label1\" content=\"Tahmini okuma s\u00fcresi\" \/>\n\t<meta name=\"twitter:data1\" content=\"1 dakika\" \/>\n<script type=\"application\/ld+json\" class=\"yoast-schema-graph\">{\"@context\":\"https:\/\/schema.org\",\"@graph\":[{\"@type\":\"WebPage\",\"@id\":\"https:\/\/oyprojects.com\/tr\/proje-tasarlama\/\",\"url\":\"https:\/\/oyprojects.com\/tr\/proje-tasarlama\/\",\"name\":\"Proje Tasarlama - OYPROJECTS\",\"isPartOf\":{\"@id\":\"https:\/\/oyprojects.com\/tr\/#website\"},\"primaryImageOfPage\":{\"@id\":\"https:\/\/oyprojects.com\/tr\/proje-tasarlama\/#primaryimage\"},\"image\":{\"@id\":\"https:\/\/oyprojects.com\/tr\/proje-tasarlama\/#primaryimage\"},\"thumbnailUrl\":\"https:\/\/oyprojects.com\/wp-content\/uploads\/2021\/06\/oyprojects-01-1024x768.jpg\",\"datePublished\":\"2021-06-30T15:01:26+00:00\",\"dateModified\":\"2024-04-23T20:57:25+00:00\",\"description\":\"OY PROJECTS, projelerimizin ihtiya\u00e7lar\u0131n\u0131 kar\u015f\u0131lamaya kendini adam\u0131\u015f uzman bir i\u00e7 mimar, mimar ve in\u015faat m\u00fchendisi ekibine sahiptir.Proje tasarlama s\u00fcre\u00e7lerinde size yard\u0131mc\u0131 olur.\",\"breadcrumb\":{\"@id\":\"https:\/\/oyprojects.com\/tr\/proje-tasarlama\/#breadcrumb\"},\"inLanguage\":\"tr\",\"potentialAction\":[{\"@type\":\"ReadAction\",\"target\":[\"https:\/\/oyprojects.com\/tr\/proje-tasarlama\/\"]}]},{\"@type\":\"ImageObject\",\"inLanguage\":\"tr\",\"@id\":\"https:\/\/oyprojects.com\/tr\/proje-tasarlama\/#primaryimage\",\"url\":\"https:\/\/oyprojects.com\/wp-content\/uploads\/2021\/06\/oyprojects-01-1024x768.jpg\",\"contentUrl\":\"https:\/\/oyprojects.com\/wp-content\/uploads\/2021\/06\/oyprojects-01-1024x768.jpg\"},{\"@type\":\"BreadcrumbList\",\"@id\":\"https:\/\/oyprojects.com\/tr\/proje-tasarlama\/#breadcrumb\",\"itemListElement\":[{\"@type\":\"ListItem\",\"position\":1,\"name\":\"Home\",\"item\":\"https:\/\/oyprojects.com\/tr\/\"},{\"@type\":\"ListItem\",\"position\":2,\"name\":\"Proje Tasarlama\"}]},{\"@type\":\"WebSite\",\"@id\":\"https:\/\/oyprojects.com\/tr\/#website\",\"url\":\"https:\/\/oyprojects.com\/tr\/\",\"name\":\"OYPROJECTS\",\"description\":\"Interior Design &amp; International Trade\",\"publisher\":{\"@id\":\"https:\/\/oyprojects.com\/tr\/#organization\"},\"potentialAction\":[{\"@type\":\"SearchAction\",\"target\":{\"@type\":\"EntryPoint\",\"urlTemplate\":\"https:\/\/oyprojects.com\/tr\/?s={search_term_string}\"},\"query-input\":\"required name=search_term_string\"}],\"inLanguage\":\"tr\"},{\"@type\":\"Organization\",\"@id\":\"https:\/\/oyprojects.com\/tr\/#organization\",\"name\":\"OY PROJECTS\u00ae\",\"url\":\"https:\/\/oyprojects.com\/tr\/\",\"logo\":{\"@type\":\"ImageObject\",\"inLanguage\":\"tr\",\"@id\":\"https:\/\/oyprojects.com\/tr\/#\/schema\/logo\/image\/\",\"url\":\"https:\/\/oyprojects.com\/wp-content\/uploads\/2021\/06\/oyprojects-logo-EN.png\",\"contentUrl\":\"https:\/\/oyprojects.com\/wp-content\/uploads\/2021\/06\/oyprojects-logo-EN.png\",\"width\":1264,\"height\":346,\"caption\":\"OY PROJECTS\u00ae\"},\"image\":{\"@id\":\"https:\/\/oyprojects.com\/tr\/#\/schema\/logo\/image\/\"}}]}<\/script>\n<!-- \/ Yoast SEO plugin. -->","yoast_head_json":{"title":"Proje Tasarlama - OYPROJECTS","description":"OY PROJECTS, projelerimizin ihtiya\u00e7lar\u0131n\u0131 kar\u015f\u0131lamaya kendini adam\u0131\u015f uzman bir i\u00e7 mimar, mimar ve in\u015faat m\u00fchendisi ekibine sahiptir.Proje tasarlama s\u00fcre\u00e7lerinde size yard\u0131mc\u0131 olur.","robots":{"index":"index","follow":"follow","max-snippet":"max-snippet:-1","max-image-preview":"max-image-preview:large","max-video-preview":"max-video-preview:-1"},"canonical":"https:\/\/oyprojects.com\/tr\/proje-tasarlama\/","og_locale":"tr_TR","og_type":"article","og_title":"Proje Tasarlama - OYPROJECTS","og_description":"OY PROJECTS, projelerimizin ihtiya\u00e7lar\u0131n\u0131 kar\u015f\u0131lamaya kendini adam\u0131\u015f uzman bir i\u00e7 mimar, mimar ve in\u015faat m\u00fchendisi ekibine sahiptir.Proje tasarlama s\u00fcre\u00e7lerinde size yard\u0131mc\u0131 olur.","og_url":"https:\/\/oyprojects.com\/tr\/proje-tasarlama\/","og_site_name":"OYPROJECTS","article_modified_time":"2024-04-23T20:57:25+00:00","og_image":[{"url":"https:\/\/oyprojects.com\/wp-content\/uploads\/2021\/06\/oyprojects-01-1024x768.jpg"}],"twitter_card":"summary_large_image","twitter_misc":{"Tahmini okuma s\u00fcresi":"1 dakika"},"schema":{"@context":"https:\/\/schema.org","@graph":[{"@type":"WebPage","@id":"https:\/\/oyprojects.com\/tr\/proje-tasarlama\/","url":"https:\/\/oyprojects.com\/tr\/proje-tasarlama\/","name":"Proje Tasarlama - OYPROJECTS","isPartOf":{"@id":"https:\/\/oyprojects.com\/tr\/#website"},"primaryImageOfPage":{"@id":"https:\/\/oyprojects.com\/tr\/proje-tasarlama\/#primaryimage"},"image":{"@id":"https:\/\/oyprojects.com\/tr\/proje-tasarlama\/#primaryimage"},"thumbnailUrl":"https:\/\/oyprojects.com\/wp-content\/uploads\/2021\/06\/oyprojects-01-1024x768.jpg","datePublished":"2021-06-30T15:01:26+00:00","dateModified":"2024-04-23T20:57:25+00:00","description":"OY PROJECTS, projelerimizin ihtiya\u00e7lar\u0131n\u0131 kar\u015f\u0131lamaya kendini adam\u0131\u015f uzman bir i\u00e7 mimar, mimar ve in\u015faat m\u00fchendisi ekibine sahiptir.Proje tasarlama s\u00fcre\u00e7lerinde size yard\u0131mc\u0131 olur.","breadcrumb":{"@id":"https:\/\/oyprojects.com\/tr\/proje-tasarlama\/#breadcrumb"},"inLanguage":"tr","potentialAction":[{"@type":"ReadAction","target":["https:\/\/oyprojects.com\/tr\/proje-tasarlama\/"]}]},{"@type":"ImageObject","inLanguage":"tr","@id":"https:\/\/oyprojects.com\/tr\/proje-tasarlama\/#primaryimage","url":"https:\/\/oyprojects.com\/wp-content\/uploads\/2021\/06\/oyprojects-01-1024x768.jpg","contentUrl":"https:\/\/oyprojects.com\/wp-content\/uploads\/2021\/06\/oyprojects-01-1024x768.jpg"},{"@type":"BreadcrumbList","@id":"https:\/\/oyprojects.com\/tr\/proje-tasarlama\/#breadcrumb","itemListElement":[{"@type":"ListItem","position":1,"name":"Home","item":"https:\/\/oyprojects.com\/tr\/"},{"@type":"ListItem","position":2,"name":"Proje Tasarlama"}]},{"@type":"WebSite","@id":"https:\/\/oyprojects.com\/tr\/#website","url":"https:\/\/oyprojects.com\/tr\/","name":"OYPROJECTS","description":"Interior Design &amp; International Trade","publisher":{"@id":"https:\/\/oyprojects.com\/tr\/#organization"},"potentialAction":[{"@type":"SearchAction","target":{"@type":"EntryPoint","urlTemplate":"https:\/\/oyprojects.com\/tr\/?s={search_term_string}"},"query-input":"required name=search_term_string"}],"inLanguage":"tr"},{"@type":"Organization","@id":"https:\/\/oyprojects.com\/tr\/#organization","name":"OY PROJECTS\u00ae","url":"https:\/\/oyprojects.com\/tr\/","logo":{"@type":"ImageObject","inLanguage":"tr","@id":"https:\/\/oyprojects.com\/tr\/#\/schema\/logo\/image\/","url":"https:\/\/oyprojects.com\/wp-content\/uploads\/2021\/06\/oyprojects-logo-EN.png","contentUrl":"https:\/\/oyprojects.com\/wp-content\/uploads\/2021\/06\/oyprojects-logo-EN.png","width":1264,"height":346,"caption":"OY PROJECTS\u00ae"},"image":{"@id":"https:\/\/oyprojects.com\/tr\/#\/schema\/logo\/image\/"}}]}},"_links":{"self":[{"href":"https:\/\/oyprojects.com\/tr\/wp-json\/wp\/v2\/pages\/4078"}],"collection":[{"href":"https:\/\/oyprojects.com\/tr\/wp-json\/wp\/v2\/pages"}],"about":[{"href":"https:\/\/oyprojects.com\/tr\/wp-json\/wp\/v2\/types\/page"}],"author":[{"embeddable":true,"href":"https:\/\/oyprojects.com\/tr\/wp-json\/wp\/v2\/users\/1"}],"replies":[{"embeddable":true,"href":"https:\/\/oyprojects.com\/tr\/wp-json\/wp\/v2\/comments?post=4078"}],"version-history":[{"count":9,"href":"https:\/\/oyprojects.com\/tr\/wp-json\/wp\/v2\/pages\/4078\/revisions"}],"predecessor-version":[{"id":5244,"href":"https:\/\/oyprojects.com\/tr\/wp-json\/wp\/v2\/pages\/4078\/revisions\/5244"}],"wp:attachment":[{"href":"https:\/\/oyprojects.com\/tr\/wp-json\/wp\/v2\/media?parent=4078"}],"curies":[{"name":"wp","href":"https:\/\/api.w.org\/{rel}","templated":true}]}}