{"id":4074,"date":"2021-06-30T17:55:08","date_gmt":"2021-06-30T14:55:08","guid":{"rendered":"https:\/\/oyprojects.com\/gayrimenkul-danismanligi\/"},"modified":"2024-04-17T21:33:51","modified_gmt":"2024-04-17T18:33:51","slug":"gayrimenkul-danismanligi","status":"publish","type":"page","link":"https:\/\/oyprojects.com\/tr\/gayrimenkul-danismanligi\/","title":{"rendered":"Gayrimenkul Dan\u0131\u015fmanl\u0131\u011f\u0131"},"content":{"rendered":"\t\t<div data-elementor-type=\"wp-page\" data-elementor-id=\"4074\" class=\"elementor elementor-4074 elementor-1627\">\n\t\t\t\t\t\t<section class=\"elementor-section elementor-top-section elementor-element elementor-element-69e6edc7 elementor-section-height-min-height elementor-section-boxed elementor-section-height-default elementor-section-items-middle\" data-id=\"69e6edc7\" data-element_type=\"section\" data-settings=\"{&quot;background_background&quot;:&quot;classic&quot;}\">\n\t\t\t\t\t\t<div class=\"elementor-container elementor-column-gap-default\">\n\t\t\t\t\t<div class=\"elementor-column elementor-col-100 elementor-top-column elementor-element elementor-element-7de0e98d\" data-id=\"7de0e98d\" data-element_type=\"column\">\n\t\t\t<div class=\"elementor-widget-wrap elementor-element-populated\">\n\t\t\t\t\t\t<div class=\"elementor-element elementor-element-4807e3a elementor-widget elementor-widget-heading\" data-id=\"4807e3a\" data-element_type=\"widget\" data-widget_type=\"heading.default\">\n\t\t\t\t<div class=\"elementor-widget-container\">\n\t\t\t<h1 class=\"elementor-heading-title elementor-size-default\">GAYR\u0130MENKUL dANI\u015eMANLI\u011eI<\/h1>\t\t<\/div>\n\t\t\t\t<\/div>\n\t\t\t\t<div class=\"elementor-element elementor-element-d31fe50 elementor-widget elementor-widget-global elementor-global-5081 elementor-widget-breadcrumbs\" data-id=\"d31fe50\" data-element_type=\"widget\" data-widget_type=\"breadcrumbs.default\">\n\t\t\t\t<div class=\"elementor-widget-container\">\n\t\t\t<p id=\"breadcrumbs\"><span><span><a href=\"https:\/\/oyprojects.com\/tr\/\">Home<\/a><\/span><\/span><\/p>\t\t<\/div>\n\t\t\t\t<\/div>\n\t\t\t\t\t<\/div>\n\t\t<\/div>\n\t\t\t\t\t<\/div>\n\t\t<\/section>\n\t\t\t\t<section class=\"elementor-section elementor-top-section elementor-element elementor-element-e1005e6 elementor-section-boxed elementor-section-height-default elementor-section-height-default\" data-id=\"e1005e6\" data-element_type=\"section\" data-settings=\"{&quot;background_background&quot;:&quot;classic&quot;}\">\n\t\t\t\t\t\t<div class=\"elementor-container elementor-column-gap-default\">\n\t\t\t\t\t<div class=\"elementor-column elementor-col-50 elementor-top-column elementor-element elementor-element-329a7a6\" data-id=\"329a7a6\" data-element_type=\"column\">\n\t\t\t<div class=\"elementor-widget-wrap elementor-element-populated\">\n\t\t\t\t\t\t<div class=\"elementor-element elementor-element-1383716 elementor-widget elementor-widget-image\" data-id=\"1383716\" data-element_type=\"widget\" data-widget_type=\"image.default\">\n\t\t\t\t<div class=\"elementor-widget-container\">\n\t\t\t\t\t\t\t\t\t\t\t\t\t<img fetchpriority=\"high\" decoding=\"async\" width=\"800\" height=\"534\" src=\"https:\/\/oyprojects.com\/wp-content\/uploads\/2021\/06\/real-estate-scaled-1024x684.jpg\" class=\"attachment-large size-large wp-image-2623\" alt=\"DESIGNING PROJECTS\" srcset=\"https:\/\/oyprojects.com\/wp-content\/uploads\/2021\/06\/real-estate-scaled-1024x684.jpg 1024w, https:\/\/oyprojects.com\/wp-content\/uploads\/2021\/06\/real-estate-scaled-300x200.jpg 300w, https:\/\/oyprojects.com\/wp-content\/uploads\/2021\/06\/real-estate-scaled-768x513.jpg 768w, https:\/\/oyprojects.com\/wp-content\/uploads\/2021\/06\/real-estate-scaled-1536x1025.jpg 1536w, https:\/\/oyprojects.com\/wp-content\/uploads\/2021\/06\/real-estate-scaled-2048x1367.jpg 2048w\" sizes=\"(max-width: 800px) 100vw, 800px\" \/>\t\t\t\t\t\t\t\t\t\t\t\t\t<\/div>\n\t\t\t\t<\/div>\n\t\t\t\t\t<\/div>\n\t\t<\/div>\n\t\t\t\t<div class=\"elementor-column elementor-col-50 elementor-top-column elementor-element elementor-element-28ae7c4\" data-id=\"28ae7c4\" data-element_type=\"column\">\n\t\t\t<div class=\"elementor-widget-wrap elementor-element-populated\">\n\t\t\t\t\t\t<div class=\"elementor-element elementor-element-35adc8f elementor-widget elementor-widget-text-editor\" data-id=\"35adc8f\" data-element_type=\"widget\" data-widget_type=\"text-editor.default\">\n\t\t\t\t<div class=\"elementor-widget-container\">\n\t\t\t\t\t\t\t<p>OY PROJECTS\u00ae uluslararas\u0131 geni\u015f bir ba\u011flant\u0131 a\u011f\u0131na ve<\/p>\n<ul>\n<li>\u0130stanbul, Bodrum<\/li>\n<li>New York, Miami<\/li>\n<li>LONDRA<\/li>\n<\/ul>\n<p><br>emlak yat\u0131r\u0131m f\u0131rsatlar\u0131 i\u00e7in olduk\u00e7a \u00f6zel bir portf\u00f6ye sahiptir.&nbsp;<\/p><p>Yat\u0131r\u0131m yapmak isteyen yerli ve yabanc\u0131 m\u00fc\u015fterilerimize \u00f6zel yat\u0131r\u0131m imkanlar\u0131 sunmakla beraber, dan\u0131\u015fmanl\u0131k hizmetimiz \u201c\u0130\u015eTE BU!\u201d m\u00fclk\u00fc bulmaktan, sat\u0131n almaya ve m\u00fclk\u00fcn de\u011feri ve \u00fclkenin hukuki durumu a\u00e7\u0131s\u0131ndan her t\u00fcrl\u00fc do\u011fru, net bilgileri ve ger\u00e7ek ayd\u0131nlatma vaat etmektedir.<\/p>\t\t\t\t\t\t<\/div>\n\t\t\t\t<\/div>\n\t\t\t\t\t<\/div>\n\t\t<\/div>\n\t\t\t\t\t<\/div>\n\t\t<\/section>\n\t\t\t\t<\/div>\n\t\t","protected":false},"excerpt":{"rendered":"<p>GAYR\u0130MENKUL dANI\u015eMANLI\u011eI OY PROJECTS\u00ae uluslararas\u0131 geni\u015f bir ba\u011flant\u0131 a\u011f\u0131na ve \u0130stanbul, Bodrum New York, Miami LONDRA emlak yat\u0131r\u0131m f\u0131rsatlar\u0131 i\u00e7in olduk\u00e7a \u00f6zel bir portf\u00f6ye sahiptir.&nbsp; Yat\u0131r\u0131m yapmak isteyen yerli ve yabanc\u0131 m\u00fc\u015fterilerimize \u00f6zel yat\u0131r\u0131m imkanlar\u0131 sunmakla beraber, dan\u0131\u015fmanl\u0131k hizmetimiz \u201c\u0130\u015eTE BU!\u201d m\u00fclk\u00fc bulmaktan, sat\u0131n almaya ve m\u00fclk\u00fcn de\u011feri ve \u00fclkenin hukuki durumu a\u00e7\u0131s\u0131ndan her t\u00fcrl\u00fc [&hellip;]<\/p>\n","protected":false},"author":1,"featured_media":0,"parent":0,"menu_order":0,"comment_status":"closed","ping_status":"closed","template":"","meta":{"footnotes":""},"yoast_head":"<!-- This site is optimized with the Yoast SEO plugin v22.5 - https:\/\/yoast.com\/wordpress\/plugins\/seo\/ -->\n<title>Gayrimenkul Dan\u0131\u015fmanl\u0131\u011f\u0131 - OYPROJECTS<\/title>\n<meta name=\"robots\" content=\"index, follow, max-snippet:-1, max-image-preview:large, max-video-preview:-1\" \/>\n<link rel=\"canonical\" href=\"https:\/\/oyprojects.com\/tr\/gayrimenkul-danismanligi\/\" \/>\n<meta property=\"og:locale\" content=\"tr_TR\" \/>\n<meta property=\"og:type\" content=\"article\" \/>\n<meta property=\"og:title\" content=\"Gayrimenkul Dan\u0131\u015fmanl\u0131\u011f\u0131 - OYPROJECTS\" \/>\n<meta property=\"og:description\" content=\"GAYR\u0130MENKUL dANI\u015eMANLI\u011eI OY PROJECTS\u00ae uluslararas\u0131 geni\u015f bir ba\u011flant\u0131 a\u011f\u0131na ve \u0130stanbul, Bodrum New York, Miami LONDRA emlak yat\u0131r\u0131m f\u0131rsatlar\u0131 i\u00e7in olduk\u00e7a \u00f6zel bir portf\u00f6ye sahiptir.&nbsp; Yat\u0131r\u0131m yapmak isteyen yerli ve yabanc\u0131 m\u00fc\u015fterilerimize \u00f6zel yat\u0131r\u0131m imkanlar\u0131 sunmakla beraber, dan\u0131\u015fmanl\u0131k hizmetimiz \u201c\u0130\u015eTE BU!\u201d m\u00fclk\u00fc bulmaktan, sat\u0131n almaya ve m\u00fclk\u00fcn de\u011feri ve \u00fclkenin hukuki durumu a\u00e7\u0131s\u0131ndan her t\u00fcrl\u00fc [&hellip;]\" \/>\n<meta property=\"og:url\" content=\"https:\/\/oyprojects.com\/tr\/gayrimenkul-danismanligi\/\" \/>\n<meta property=\"og:site_name\" content=\"OYPROJECTS\" \/>\n<meta property=\"article:modified_time\" content=\"2024-04-17T18:33:51+00:00\" \/>\n<meta property=\"og:image\" content=\"https:\/\/oyprojects.com\/wp-content\/uploads\/2021\/06\/real-estate-scaled-1024x684.jpg\" \/>\n<meta name=\"twitter:card\" content=\"summary_large_image\" \/>\n<meta name=\"twitter:label1\" content=\"Tahmini okuma s\u00fcresi\" \/>\n\t<meta name=\"twitter:data1\" content=\"1 dakika\" \/>\n<script type=\"application\/ld+json\" class=\"yoast-schema-graph\">{\"@context\":\"https:\/\/schema.org\",\"@graph\":[{\"@type\":\"WebPage\",\"@id\":\"https:\/\/oyprojects.com\/tr\/gayrimenkul-danismanligi\/\",\"url\":\"https:\/\/oyprojects.com\/tr\/gayrimenkul-danismanligi\/\",\"name\":\"Gayrimenkul Dan\u0131\u015fmanl\u0131\u011f\u0131 - OYPROJECTS\",\"isPartOf\":{\"@id\":\"https:\/\/oyprojects.com\/tr\/#website\"},\"primaryImageOfPage\":{\"@id\":\"https:\/\/oyprojects.com\/tr\/gayrimenkul-danismanligi\/#primaryimage\"},\"image\":{\"@id\":\"https:\/\/oyprojects.com\/tr\/gayrimenkul-danismanligi\/#primaryimage\"},\"thumbnailUrl\":\"https:\/\/oyprojects.com\/wp-content\/uploads\/2021\/06\/real-estate-scaled-1024x684.jpg\",\"datePublished\":\"2021-06-30T14:55:08+00:00\",\"dateModified\":\"2024-04-17T18:33:51+00:00\",\"breadcrumb\":{\"@id\":\"https:\/\/oyprojects.com\/tr\/gayrimenkul-danismanligi\/#breadcrumb\"},\"inLanguage\":\"tr\",\"potentialAction\":[{\"@type\":\"ReadAction\",\"target\":[\"https:\/\/oyprojects.com\/tr\/gayrimenkul-danismanligi\/\"]}]},{\"@type\":\"ImageObject\",\"inLanguage\":\"tr\",\"@id\":\"https:\/\/oyprojects.com\/tr\/gayrimenkul-danismanligi\/#primaryimage\",\"url\":\"https:\/\/oyprojects.com\/wp-content\/uploads\/2021\/06\/real-estate-scaled-1024x684.jpg\",\"contentUrl\":\"https:\/\/oyprojects.com\/wp-content\/uploads\/2021\/06\/real-estate-scaled-1024x684.jpg\"},{\"@type\":\"BreadcrumbList\",\"@id\":\"https:\/\/oyprojects.com\/tr\/gayrimenkul-danismanligi\/#breadcrumb\",\"itemListElement\":[{\"@type\":\"ListItem\",\"position\":1,\"name\":\"Home\",\"item\":\"https:\/\/oyprojects.com\/tr\/\"},{\"@type\":\"ListItem\",\"position\":2,\"name\":\"Gayrimenkul Dan\u0131\u015fmanl\u0131\u011f\u0131\"}]},{\"@type\":\"WebSite\",\"@id\":\"https:\/\/oyprojects.com\/tr\/#website\",\"url\":\"https:\/\/oyprojects.com\/tr\/\",\"name\":\"OYPROJECTS\",\"description\":\"Interior Design &amp; International Trade\",\"publisher\":{\"@id\":\"https:\/\/oyprojects.com\/tr\/#organization\"},\"potentialAction\":[{\"@type\":\"SearchAction\",\"target\":{\"@type\":\"EntryPoint\",\"urlTemplate\":\"https:\/\/oyprojects.com\/tr\/?s={search_term_string}\"},\"query-input\":\"required name=search_term_string\"}],\"inLanguage\":\"tr\"},{\"@type\":\"Organization\",\"@id\":\"https:\/\/oyprojects.com\/tr\/#organization\",\"name\":\"OY PROJECTS\u00ae\",\"url\":\"https:\/\/oyprojects.com\/tr\/\",\"logo\":{\"@type\":\"ImageObject\",\"inLanguage\":\"tr\",\"@id\":\"https:\/\/oyprojects.com\/tr\/#\/schema\/logo\/image\/\",\"url\":\"https:\/\/oyprojects.com\/wp-content\/uploads\/2021\/06\/oyprojects-logo-EN.png\",\"contentUrl\":\"https:\/\/oyprojects.com\/wp-content\/uploads\/2021\/06\/oyprojects-logo-EN.png\",\"width\":1264,\"height\":346,\"caption\":\"OY PROJECTS\u00ae\"},\"image\":{\"@id\":\"https:\/\/oyprojects.com\/tr\/#\/schema\/logo\/image\/\"}}]}<\/script>\n<!-- \/ Yoast SEO plugin. -->","yoast_head_json":{"title":"Gayrimenkul Dan\u0131\u015fmanl\u0131\u011f\u0131 - OYPROJECTS","robots":{"index":"index","follow":"follow","max-snippet":"max-snippet:-1","max-image-preview":"max-image-preview:large","max-video-preview":"max-video-preview:-1"},"canonical":"https:\/\/oyprojects.com\/tr\/gayrimenkul-danismanligi\/","og_locale":"tr_TR","og_type":"article","og_title":"Gayrimenkul Dan\u0131\u015fmanl\u0131\u011f\u0131 - OYPROJECTS","og_description":"GAYR\u0130MENKUL dANI\u015eMANLI\u011eI OY PROJECTS\u00ae uluslararas\u0131 geni\u015f bir ba\u011flant\u0131 a\u011f\u0131na ve \u0130stanbul, Bodrum New York, Miami LONDRA emlak yat\u0131r\u0131m f\u0131rsatlar\u0131 i\u00e7in olduk\u00e7a \u00f6zel bir portf\u00f6ye sahiptir.&nbsp; Yat\u0131r\u0131m yapmak isteyen yerli ve yabanc\u0131 m\u00fc\u015fterilerimize \u00f6zel yat\u0131r\u0131m imkanlar\u0131 sunmakla beraber, dan\u0131\u015fmanl\u0131k hizmetimiz \u201c\u0130\u015eTE BU!\u201d m\u00fclk\u00fc bulmaktan, sat\u0131n almaya ve m\u00fclk\u00fcn de\u011feri ve \u00fclkenin hukuki durumu a\u00e7\u0131s\u0131ndan her t\u00fcrl\u00fc [&hellip;]","og_url":"https:\/\/oyprojects.com\/tr\/gayrimenkul-danismanligi\/","og_site_name":"OYPROJECTS","article_modified_time":"2024-04-17T18:33:51+00:00","og_image":[{"url":"https:\/\/oyprojects.com\/wp-content\/uploads\/2021\/06\/real-estate-scaled-1024x684.jpg"}],"twitter_card":"summary_large_image","twitter_misc":{"Tahmini okuma s\u00fcresi":"1 dakika"},"schema":{"@context":"https:\/\/schema.org","@graph":[{"@type":"WebPage","@id":"https:\/\/oyprojects.com\/tr\/gayrimenkul-danismanligi\/","url":"https:\/\/oyprojects.com\/tr\/gayrimenkul-danismanligi\/","name":"Gayrimenkul Dan\u0131\u015fmanl\u0131\u011f\u0131 - OYPROJECTS","isPartOf":{"@id":"https:\/\/oyprojects.com\/tr\/#website"},"primaryImageOfPage":{"@id":"https:\/\/oyprojects.com\/tr\/gayrimenkul-danismanligi\/#primaryimage"},"image":{"@id":"https:\/\/oyprojects.com\/tr\/gayrimenkul-danismanligi\/#primaryimage"},"thumbnailUrl":"https:\/\/oyprojects.com\/wp-content\/uploads\/2021\/06\/real-estate-scaled-1024x684.jpg","datePublished":"2021-06-30T14:55:08+00:00","dateModified":"2024-04-17T18:33:51+00:00","breadcrumb":{"@id":"https:\/\/oyprojects.com\/tr\/gayrimenkul-danismanligi\/#breadcrumb"},"inLanguage":"tr","potentialAction":[{"@type":"ReadAction","target":["https:\/\/oyprojects.com\/tr\/gayrimenkul-danismanligi\/"]}]},{"@type":"ImageObject","inLanguage":"tr","@id":"https:\/\/oyprojects.com\/tr\/gayrimenkul-danismanligi\/#primaryimage","url":"https:\/\/oyprojects.com\/wp-content\/uploads\/2021\/06\/real-estate-scaled-1024x684.jpg","contentUrl":"https:\/\/oyprojects.com\/wp-content\/uploads\/2021\/06\/real-estate-scaled-1024x684.jpg"},{"@type":"BreadcrumbList","@id":"https:\/\/oyprojects.com\/tr\/gayrimenkul-danismanligi\/#breadcrumb","itemListElement":[{"@type":"ListItem","position":1,"name":"Home","item":"https:\/\/oyprojects.com\/tr\/"},{"@type":"ListItem","position":2,"name":"Gayrimenkul Dan\u0131\u015fmanl\u0131\u011f\u0131"}]},{"@type":"WebSite","@id":"https:\/\/oyprojects.com\/tr\/#website","url":"https:\/\/oyprojects.com\/tr\/","name":"OYPROJECTS","description":"Interior Design &amp; International Trade","publisher":{"@id":"https:\/\/oyprojects.com\/tr\/#organization"},"potentialAction":[{"@type":"SearchAction","target":{"@type":"EntryPoint","urlTemplate":"https:\/\/oyprojects.com\/tr\/?s={search_term_string}"},"query-input":"required name=search_term_string"}],"inLanguage":"tr"},{"@type":"Organization","@id":"https:\/\/oyprojects.com\/tr\/#organization","name":"OY PROJECTS\u00ae","url":"https:\/\/oyprojects.com\/tr\/","logo":{"@type":"ImageObject","inLanguage":"tr","@id":"https:\/\/oyprojects.com\/tr\/#\/schema\/logo\/image\/","url":"https:\/\/oyprojects.com\/wp-content\/uploads\/2021\/06\/oyprojects-logo-EN.png","contentUrl":"https:\/\/oyprojects.com\/wp-content\/uploads\/2021\/06\/oyprojects-logo-EN.png","width":1264,"height":346,"caption":"OY PROJECTS\u00ae"},"image":{"@id":"https:\/\/oyprojects.com\/tr\/#\/schema\/logo\/image\/"}}]}},"_links":{"self":[{"href":"https:\/\/oyprojects.com\/tr\/wp-json\/wp\/v2\/pages\/4074"}],"collection":[{"href":"https:\/\/oyprojects.com\/tr\/wp-json\/wp\/v2\/pages"}],"about":[{"href":"https:\/\/oyprojects.com\/tr\/wp-json\/wp\/v2\/types\/page"}],"author":[{"embeddable":true,"href":"https:\/\/oyprojects.com\/tr\/wp-json\/wp\/v2\/users\/1"}],"replies":[{"embeddable":true,"href":"https:\/\/oyprojects.com\/tr\/wp-json\/wp\/v2\/comments?post=4074"}],"version-history":[{"count":0,"href":"https:\/\/oyprojects.com\/tr\/wp-json\/wp\/v2\/pages\/4074\/revisions"}],"wp:attachment":[{"href":"https:\/\/oyprojects.com\/tr\/wp-json\/wp\/v2\/media?parent=4074"}],"curies":[{"name":"wp","href":"https:\/\/api.w.org\/{rel}","templated":true}]}}