{"id":4065,"date":"2021-06-30T17:48:40","date_gmt":"2021-06-30T14:48:40","guid":{"rendered":"https:\/\/oyprojects.com\/ithalat-ihracat\/"},"modified":"2024-04-17T21:34:13","modified_gmt":"2024-04-17T18:34:13","slug":"ithalat-ihracat","status":"publish","type":"page","link":"https:\/\/oyprojects.com\/tr\/ithalat-ihracat\/","title":{"rendered":"\u0130thalat &amp; \u0130hracat"},"content":{"rendered":"\t\t<div data-elementor-type=\"wp-page\" data-elementor-id=\"4065\" class=\"elementor elementor-4065 elementor-2350\">\n\t\t\t\t\t\t<section class=\"elementor-section elementor-top-section elementor-element elementor-element-69e6edc7 elementor-section-height-min-height elementor-section-boxed elementor-section-height-default elementor-section-items-middle\" data-id=\"69e6edc7\" data-element_type=\"section\" data-settings=\"{&quot;background_background&quot;:&quot;classic&quot;}\">\n\t\t\t\t\t\t<div class=\"elementor-container elementor-column-gap-default\">\n\t\t\t\t\t<div class=\"elementor-column elementor-col-100 elementor-top-column elementor-element elementor-element-7de0e98d\" data-id=\"7de0e98d\" data-element_type=\"column\">\n\t\t\t<div class=\"elementor-widget-wrap elementor-element-populated\">\n\t\t\t\t\t\t<div class=\"elementor-element elementor-element-4807e3a elementor-widget elementor-widget-heading\" data-id=\"4807e3a\" data-element_type=\"widget\" data-widget_type=\"heading.default\">\n\t\t\t\t<div class=\"elementor-widget-container\">\n\t\t\t<h1 class=\"elementor-heading-title elementor-size-default\">\u0130THALAT &amp; \u0130HRACAT<\/h1>\t\t<\/div>\n\t\t\t\t<\/div>\n\t\t\t\t<div class=\"elementor-element elementor-element-3de4591 elementor-widget elementor-widget-global elementor-global-5081 elementor-widget-breadcrumbs\" data-id=\"3de4591\" data-element_type=\"widget\" data-widget_type=\"breadcrumbs.default\">\n\t\t\t\t<div class=\"elementor-widget-container\">\n\t\t\t<p id=\"breadcrumbs\"><span><span><a href=\"https:\/\/oyprojects.com\/tr\/\">Home<\/a><\/span><\/span><\/p>\t\t<\/div>\n\t\t\t\t<\/div>\n\t\t\t\t\t<\/div>\n\t\t<\/div>\n\t\t\t\t\t<\/div>\n\t\t<\/section>\n\t\t\t\t<section class=\"elementor-section elementor-top-section elementor-element elementor-element-8748d90 elementor-section-boxed elementor-section-height-default elementor-section-height-default\" data-id=\"8748d90\" data-element_type=\"section\" data-settings=\"{&quot;background_background&quot;:&quot;classic&quot;}\">\n\t\t\t\t\t\t<div class=\"elementor-container elementor-column-gap-default\">\n\t\t\t\t\t<div class=\"elementor-column elementor-col-50 elementor-top-column elementor-element elementor-element-50ef80a\" data-id=\"50ef80a\" data-element_type=\"column\">\n\t\t\t<div class=\"elementor-widget-wrap elementor-element-populated\">\n\t\t\t\t\t\t<div class=\"elementor-element elementor-element-d799fdc elementor-widget elementor-widget-image\" data-id=\"d799fdc\" data-element_type=\"widget\" data-widget_type=\"image.default\">\n\t\t\t\t<div class=\"elementor-widget-container\">\n\t\t\t\t\t\t\t\t\t\t\t\t\t<img fetchpriority=\"high\" decoding=\"async\" width=\"800\" height=\"520\" src=\"https:\/\/oyprojects.com\/wp-content\/uploads\/2021\/06\/oyprojects-02-1024x666.jpg\" class=\"attachment-large size-large wp-image-2532\" alt=\"\" srcset=\"https:\/\/oyprojects.com\/wp-content\/uploads\/2021\/06\/oyprojects-02-1024x666.jpg 1024w, https:\/\/oyprojects.com\/wp-content\/uploads\/2021\/06\/oyprojects-02-300x195.jpg 300w, https:\/\/oyprojects.com\/wp-content\/uploads\/2021\/06\/oyprojects-02-768x499.jpg 768w, https:\/\/oyprojects.com\/wp-content\/uploads\/2021\/06\/oyprojects-02-1536x999.jpg 1536w, https:\/\/oyprojects.com\/wp-content\/uploads\/2021\/06\/oyprojects-02-2048x1332.jpg 2048w\" sizes=\"(max-width: 800px) 100vw, 800px\" \/>\t\t\t\t\t\t\t\t\t\t\t\t\t<\/div>\n\t\t\t\t<\/div>\n\t\t\t\t\t<\/div>\n\t\t<\/div>\n\t\t\t\t<div class=\"elementor-column elementor-col-50 elementor-top-column elementor-element elementor-element-0e4127b\" data-id=\"0e4127b\" data-element_type=\"column\">\n\t\t\t<div class=\"elementor-widget-wrap elementor-element-populated\">\n\t\t\t\t\t\t<div class=\"elementor-element elementor-element-6d4effe elementor-widget elementor-widget-text-editor\" data-id=\"6d4effe\" data-element_type=\"widget\" data-widget_type=\"text-editor.default\">\n\t\t\t\t<div class=\"elementor-widget-container\">\n\t\t\t\t\t\t\t<p>OY PROJECTS\u00ae, EV Tekstilleri ve Temel Malzemelerinin \u00fcretimi, ithalat\u0131, ihracat\u0131 ve sat\u0131\u015f\u0131 konusunda uzmanla\u015fm\u0131\u015ft\u0131r.<\/p><p>Uluslararas\u0131 ticaret uzmanlar\u0131ndan olu\u015fan bir ekiple, EN \u0130Y\u0130 \u00fcr\u00fcn\u00fc EN \u0130Y\u0130 fiyata sunabilmemiz i\u00e7in \u00fcr\u00fcnlerin orijinal kayna\u011f\u0131na ula\u015farak bulma yetene\u011fine sahibiz.<\/p><p>\u0130ngiltere, \u0130spanya, T\u00fcrkiye ve Orta Do\u011fu&#8217;daki geni\u015f ticari ba\u011flant\u0131 a\u011f\u0131m\u0131z, DO\u011eRU \u00dcRET\u0130C\u0130&#8217;yi bulmam\u0131z\u0131, b\u00f6ylelikle m\u00fc\u015fterilerimizin ihtiya\u00e7lar\u0131n\u0131 ilk elden kar\u015f\u0131lamam\u0131z\u0131 sa\u011flamaktad\u0131r.<\/p><p>T\u00fcrk Sanayi Sekt\u00f6r\u00fc, TEKST\u0130L ve A\u011eIR METAL Sanayi \u00fcretimi i\u00e7in b\u00fcy\u00fck potansiyele sahip \u00e7ok g\u00fc\u00e7l\u00fc ve geni\u015f bir pazard\u0131r.\u00a0<\/p><p>Ana \u015firketimiz YETK\u0130N A.\u015e., \u0130stanbul, T\u00fcrkiye\u2019de, sanayi b\u00f6lgesinin merkezinde yer almakta, T\u00fcrkiye&#8217;deki t\u00fcm fabrikalara \u00f6zel End\u00fcstriyel Ya\u011flar tedarik etmektedir.\u00a0<\/p><p>Lojistik ve \u0130\u015f\u00e7ilik avantajlar\u0131, Y\u00fcksek \u00dcr\u00fcn Biti\u015f Kalitesi standard\u0131na sahip entegre fabrikalar\u0131 T\u00fcrkiye&#8217;yi, Amerika Birle\u015fik Devletleri&#8217;nin ithalat ihtiya\u00e7lar\u0131n\u0131 kar\u015f\u0131lamak i\u00e7in y\u00fckselen bir y\u0131ld\u0131z haline getirmi\u015ftir.\u00a0<\/p><p>OY PROJECTS\u00ae&#8217;, g\u00fcc\u00fcn\u00fc bunlardan alarak, kendi sekt\u00f6r\u00fcnde gerekli ihtiya\u00e7lar\u0131 do\u011frudan bu fabrikalardan, \u00f6zellikle EN \u0130Y\u0130 fiyata sa\u011flamay\u0131 ama\u00e7lamaktad\u0131r.<\/p><p>Sa\u011flad\u0131\u011f\u0131m\u0131z her \u00fcr\u00fcn gerekli dok\u00fcmanlarla desteklenmektedir;<\/p><ul><li>Teknik Veri Sayfalar\u0131<\/li><li>Sa\u011fl\u0131k ve G\u00fcvenlik Bilgi Formlar\u0131<\/li><li>ISO\/CE\/FDA Belgesi<\/li><\/ul><p><br \/>Tedarik etti\u011fimiz \u00fcr\u00fcnlerin orijinalli\u011fi gerekli AKRED\u0130TE MUAYENE F\u0130RMALARININ ONAY RAPORLARI ile sa\u011flanarak m\u00fc\u015fterilerimize sunulmaktad\u0131r.<\/p>\t\t\t\t\t\t<\/div>\n\t\t\t\t<\/div>\n\t\t\t\t\t<\/div>\n\t\t<\/div>\n\t\t\t\t\t<\/div>\n\t\t<\/section>\n\t\t\t\t<\/div>\n\t\t","protected":false},"excerpt":{"rendered":"<p>\u0130THALAT &amp; \u0130HRACAT OY PROJECTS\u00ae, EV Tekstilleri ve Temel Malzemelerinin \u00fcretimi, ithalat\u0131, ihracat\u0131 ve sat\u0131\u015f\u0131 konusunda uzmanla\u015fm\u0131\u015ft\u0131r. Uluslararas\u0131 ticaret uzmanlar\u0131ndan olu\u015fan bir ekiple, EN \u0130Y\u0130 \u00fcr\u00fcn\u00fc EN \u0130Y\u0130 fiyata sunabilmemiz i\u00e7in \u00fcr\u00fcnlerin orijinal kayna\u011f\u0131na ula\u015farak bulma yetene\u011fine sahibiz. \u0130ngiltere, \u0130spanya, T\u00fcrkiye ve Orta Do\u011fu&#8217;daki geni\u015f ticari ba\u011flant\u0131 a\u011f\u0131m\u0131z, DO\u011eRU \u00dcRET\u0130C\u0130&#8217;yi bulmam\u0131z\u0131, b\u00f6ylelikle m\u00fc\u015fterilerimizin ihtiya\u00e7lar\u0131n\u0131 ilk [&hellip;]<\/p>\n","protected":false},"author":1,"featured_media":0,"parent":0,"menu_order":0,"comment_status":"closed","ping_status":"closed","template":"","meta":{"footnotes":""},"yoast_head":"<!-- This site is optimized with the Yoast SEO plugin v22.5 - https:\/\/yoast.com\/wordpress\/plugins\/seo\/ -->\n<title>\u0130thalat &amp; \u0130hracat - OYPROJECTS<\/title>\n<meta name=\"description\" content=\"OY PROJECTS\u00ae, a\u015fa\u011f\u0131dakilerin ithalat ve ihracat\u0131nda ve sat\u0131\u015f\u0131nda uzmanla\u015fm\u0131\u015ft\u0131r: EV Tekstilleri ve Temel \u00dcr\u00fcnler - HOTEL Textiles &amp; Essentials - HASTANE Textiles &amp; Essentials\" \/>\n<meta name=\"robots\" content=\"noindex, nofollow\" \/>\n<meta property=\"og:locale\" content=\"tr_TR\" \/>\n<meta property=\"og:type\" content=\"article\" \/>\n<meta property=\"og:title\" content=\"\u0130thalat &amp; \u0130hracat - OYPROJECTS\" \/>\n<meta property=\"og:description\" content=\"OY PROJECTS\u00ae, a\u015fa\u011f\u0131dakilerin ithalat ve ihracat\u0131nda ve sat\u0131\u015f\u0131nda uzmanla\u015fm\u0131\u015ft\u0131r: EV Tekstilleri ve Temel \u00dcr\u00fcnler - HOTEL Textiles &amp; Essentials - HASTANE Textiles &amp; Essentials\" \/>\n<meta property=\"og:url\" content=\"https:\/\/oyprojects.com\/tr\/ithalat-ihracat\/\" \/>\n<meta property=\"og:site_name\" content=\"OYPROJECTS\" \/>\n<meta property=\"article:modified_time\" content=\"2024-04-17T18:34:13+00:00\" \/>\n<meta property=\"og:image\" content=\"https:\/\/oyprojects.com\/wp-content\/uploads\/2021\/06\/oyprojects-02-1024x666.jpg\" \/>\n<meta name=\"twitter:card\" content=\"summary_large_image\" \/>\n<meta name=\"twitter:label1\" content=\"Tahmini okuma s\u00fcresi\" \/>\n\t<meta name=\"twitter:data1\" content=\"1 dakika\" \/>\n<script type=\"application\/ld+json\" class=\"yoast-schema-graph\">{\"@context\":\"https:\/\/schema.org\",\"@graph\":[{\"@type\":\"WebPage\",\"@id\":\"https:\/\/oyprojects.com\/tr\/ithalat-ihracat\/\",\"url\":\"https:\/\/oyprojects.com\/tr\/ithalat-ihracat\/\",\"name\":\"\u0130thalat &amp; \u0130hracat - OYPROJECTS\",\"isPartOf\":{\"@id\":\"https:\/\/oyprojects.com\/tr\/#website\"},\"primaryImageOfPage\":{\"@id\":\"https:\/\/oyprojects.com\/tr\/ithalat-ihracat\/#primaryimage\"},\"image\":{\"@id\":\"https:\/\/oyprojects.com\/tr\/ithalat-ihracat\/#primaryimage\"},\"thumbnailUrl\":\"https:\/\/oyprojects.com\/wp-content\/uploads\/2021\/06\/oyprojects-02-1024x666.jpg\",\"datePublished\":\"2021-06-30T14:48:40+00:00\",\"dateModified\":\"2024-04-17T18:34:13+00:00\",\"description\":\"OY PROJECTS\u00ae, a\u015fa\u011f\u0131dakilerin ithalat ve ihracat\u0131nda ve sat\u0131\u015f\u0131nda uzmanla\u015fm\u0131\u015ft\u0131r: EV Tekstilleri ve Temel \u00dcr\u00fcnler - HOTEL Textiles & Essentials - HASTANE Textiles & Essentials\",\"breadcrumb\":{\"@id\":\"https:\/\/oyprojects.com\/tr\/ithalat-ihracat\/#breadcrumb\"},\"inLanguage\":\"tr\",\"potentialAction\":[{\"@type\":\"ReadAction\",\"target\":[\"https:\/\/oyprojects.com\/tr\/ithalat-ihracat\/\"]}]},{\"@type\":\"ImageObject\",\"inLanguage\":\"tr\",\"@id\":\"https:\/\/oyprojects.com\/tr\/ithalat-ihracat\/#primaryimage\",\"url\":\"https:\/\/oyprojects.com\/wp-content\/uploads\/2021\/06\/oyprojects-02-1024x666.jpg\",\"contentUrl\":\"https:\/\/oyprojects.com\/wp-content\/uploads\/2021\/06\/oyprojects-02-1024x666.jpg\"},{\"@type\":\"BreadcrumbList\",\"@id\":\"https:\/\/oyprojects.com\/tr\/ithalat-ihracat\/#breadcrumb\",\"itemListElement\":[{\"@type\":\"ListItem\",\"position\":1,\"name\":\"Home\",\"item\":\"https:\/\/oyprojects.com\/tr\/\"},{\"@type\":\"ListItem\",\"position\":2,\"name\":\"\u0130thalat &amp; \u0130hracat\"}]},{\"@type\":\"WebSite\",\"@id\":\"https:\/\/oyprojects.com\/tr\/#website\",\"url\":\"https:\/\/oyprojects.com\/tr\/\",\"name\":\"OYPROJECTS\",\"description\":\"Interior Design &amp; International Trade\",\"publisher\":{\"@id\":\"https:\/\/oyprojects.com\/tr\/#organization\"},\"potentialAction\":[{\"@type\":\"SearchAction\",\"target\":{\"@type\":\"EntryPoint\",\"urlTemplate\":\"https:\/\/oyprojects.com\/tr\/?s={search_term_string}\"},\"query-input\":\"required name=search_term_string\"}],\"inLanguage\":\"tr\"},{\"@type\":\"Organization\",\"@id\":\"https:\/\/oyprojects.com\/tr\/#organization\",\"name\":\"OY PROJECTS\u00ae\",\"url\":\"https:\/\/oyprojects.com\/tr\/\",\"logo\":{\"@type\":\"ImageObject\",\"inLanguage\":\"tr\",\"@id\":\"https:\/\/oyprojects.com\/tr\/#\/schema\/logo\/image\/\",\"url\":\"https:\/\/oyprojects.com\/wp-content\/uploads\/2021\/06\/oyprojects-logo-EN.png\",\"contentUrl\":\"https:\/\/oyprojects.com\/wp-content\/uploads\/2021\/06\/oyprojects-logo-EN.png\",\"width\":1264,\"height\":346,\"caption\":\"OY PROJECTS\u00ae\"},\"image\":{\"@id\":\"https:\/\/oyprojects.com\/tr\/#\/schema\/logo\/image\/\"}}]}<\/script>\n<!-- \/ Yoast SEO plugin. -->","yoast_head_json":{"title":"\u0130thalat &amp; \u0130hracat - OYPROJECTS","description":"OY PROJECTS\u00ae, a\u015fa\u011f\u0131dakilerin ithalat ve ihracat\u0131nda ve sat\u0131\u015f\u0131nda uzmanla\u015fm\u0131\u015ft\u0131r: EV Tekstilleri ve Temel \u00dcr\u00fcnler - HOTEL Textiles & Essentials - HASTANE Textiles & Essentials","robots":{"index":"noindex","follow":"nofollow"},"og_locale":"tr_TR","og_type":"article","og_title":"\u0130thalat &amp; \u0130hracat - OYPROJECTS","og_description":"OY PROJECTS\u00ae, a\u015fa\u011f\u0131dakilerin ithalat ve ihracat\u0131nda ve sat\u0131\u015f\u0131nda uzmanla\u015fm\u0131\u015ft\u0131r: EV Tekstilleri ve Temel \u00dcr\u00fcnler - HOTEL Textiles & Essentials - HASTANE Textiles & Essentials","og_url":"https:\/\/oyprojects.com\/tr\/ithalat-ihracat\/","og_site_name":"OYPROJECTS","article_modified_time":"2024-04-17T18:34:13+00:00","og_image":[{"url":"https:\/\/oyprojects.com\/wp-content\/uploads\/2021\/06\/oyprojects-02-1024x666.jpg"}],"twitter_card":"summary_large_image","twitter_misc":{"Tahmini okuma s\u00fcresi":"1 dakika"},"schema":{"@context":"https:\/\/schema.org","@graph":[{"@type":"WebPage","@id":"https:\/\/oyprojects.com\/tr\/ithalat-ihracat\/","url":"https:\/\/oyprojects.com\/tr\/ithalat-ihracat\/","name":"\u0130thalat &amp; \u0130hracat - OYPROJECTS","isPartOf":{"@id":"https:\/\/oyprojects.com\/tr\/#website"},"primaryImageOfPage":{"@id":"https:\/\/oyprojects.com\/tr\/ithalat-ihracat\/#primaryimage"},"image":{"@id":"https:\/\/oyprojects.com\/tr\/ithalat-ihracat\/#primaryimage"},"thumbnailUrl":"https:\/\/oyprojects.com\/wp-content\/uploads\/2021\/06\/oyprojects-02-1024x666.jpg","datePublished":"2021-06-30T14:48:40+00:00","dateModified":"2024-04-17T18:34:13+00:00","description":"OY PROJECTS\u00ae, a\u015fa\u011f\u0131dakilerin ithalat ve ihracat\u0131nda ve sat\u0131\u015f\u0131nda uzmanla\u015fm\u0131\u015ft\u0131r: EV Tekstilleri ve Temel \u00dcr\u00fcnler - HOTEL Textiles & Essentials - HASTANE Textiles & Essentials","breadcrumb":{"@id":"https:\/\/oyprojects.com\/tr\/ithalat-ihracat\/#breadcrumb"},"inLanguage":"tr","potentialAction":[{"@type":"ReadAction","target":["https:\/\/oyprojects.com\/tr\/ithalat-ihracat\/"]}]},{"@type":"ImageObject","inLanguage":"tr","@id":"https:\/\/oyprojects.com\/tr\/ithalat-ihracat\/#primaryimage","url":"https:\/\/oyprojects.com\/wp-content\/uploads\/2021\/06\/oyprojects-02-1024x666.jpg","contentUrl":"https:\/\/oyprojects.com\/wp-content\/uploads\/2021\/06\/oyprojects-02-1024x666.jpg"},{"@type":"BreadcrumbList","@id":"https:\/\/oyprojects.com\/tr\/ithalat-ihracat\/#breadcrumb","itemListElement":[{"@type":"ListItem","position":1,"name":"Home","item":"https:\/\/oyprojects.com\/tr\/"},{"@type":"ListItem","position":2,"name":"\u0130thalat &amp; \u0130hracat"}]},{"@type":"WebSite","@id":"https:\/\/oyprojects.com\/tr\/#website","url":"https:\/\/oyprojects.com\/tr\/","name":"OYPROJECTS","description":"Interior Design &amp; International Trade","publisher":{"@id":"https:\/\/oyprojects.com\/tr\/#organization"},"potentialAction":[{"@type":"SearchAction","target":{"@type":"EntryPoint","urlTemplate":"https:\/\/oyprojects.com\/tr\/?s={search_term_string}"},"query-input":"required name=search_term_string"}],"inLanguage":"tr"},{"@type":"Organization","@id":"https:\/\/oyprojects.com\/tr\/#organization","name":"OY PROJECTS\u00ae","url":"https:\/\/oyprojects.com\/tr\/","logo":{"@type":"ImageObject","inLanguage":"tr","@id":"https:\/\/oyprojects.com\/tr\/#\/schema\/logo\/image\/","url":"https:\/\/oyprojects.com\/wp-content\/uploads\/2021\/06\/oyprojects-logo-EN.png","contentUrl":"https:\/\/oyprojects.com\/wp-content\/uploads\/2021\/06\/oyprojects-logo-EN.png","width":1264,"height":346,"caption":"OY PROJECTS\u00ae"},"image":{"@id":"https:\/\/oyprojects.com\/tr\/#\/schema\/logo\/image\/"}}]}},"_links":{"self":[{"href":"https:\/\/oyprojects.com\/tr\/wp-json\/wp\/v2\/pages\/4065"}],"collection":[{"href":"https:\/\/oyprojects.com\/tr\/wp-json\/wp\/v2\/pages"}],"about":[{"href":"https:\/\/oyprojects.com\/tr\/wp-json\/wp\/v2\/types\/page"}],"author":[{"embeddable":true,"href":"https:\/\/oyprojects.com\/tr\/wp-json\/wp\/v2\/users\/1"}],"replies":[{"embeddable":true,"href":"https:\/\/oyprojects.com\/tr\/wp-json\/wp\/v2\/comments?post=4065"}],"version-history":[{"count":0,"href":"https:\/\/oyprojects.com\/tr\/wp-json\/wp\/v2\/pages\/4065\/revisions"}],"wp:attachment":[{"href":"https:\/\/oyprojects.com\/tr\/wp-json\/wp\/v2\/media?parent=4065"}],"curies":[{"name":"wp","href":"https:\/\/api.w.org\/{rel}","templated":true}]}}