{"id":4058,"date":"2021-06-30T17:07:20","date_gmt":"2021-06-30T14:07:20","guid":{"rendered":"https:\/\/oyprojects.com\/felsefemiz\/"},"modified":"2024-04-17T21:35:02","modified_gmt":"2024-04-17T18:35:02","slug":"felsefemiz","status":"publish","type":"page","link":"https:\/\/oyprojects.com\/tr\/felsefemiz\/","title":{"rendered":"Felsefemiz"},"content":{"rendered":"\t\t<div data-elementor-type=\"wp-page\" data-elementor-id=\"4058\" class=\"elementor elementor-4058 elementor-2036\">\n\t\t\t\t\t\t<section class=\"elementor-section elementor-top-section elementor-element elementor-element-140fd7b elementor-section-height-min-height elementor-section-boxed elementor-section-height-default elementor-section-items-middle\" data-id=\"140fd7b\" data-element_type=\"section\" data-settings=\"{&quot;background_background&quot;:&quot;classic&quot;}\">\n\t\t\t\t\t\t<div class=\"elementor-container elementor-column-gap-default\">\n\t\t\t\t\t<div class=\"elementor-column elementor-col-100 elementor-top-column elementor-element elementor-element-821f59a\" data-id=\"821f59a\" data-element_type=\"column\">\n\t\t\t<div class=\"elementor-widget-wrap elementor-element-populated\">\n\t\t\t\t\t\t<div class=\"elementor-element elementor-element-00e1732 elementor-widget elementor-widget-heading\" data-id=\"00e1732\" data-element_type=\"widget\" data-widget_type=\"heading.default\">\n\t\t\t\t<div class=\"elementor-widget-container\">\n\t\t\t<h1 class=\"elementor-heading-title elementor-size-default\">FELSEFEM\u0130Z<\/h1>\t\t<\/div>\n\t\t\t\t<\/div>\n\t\t\t\t<div class=\"elementor-element elementor-element-33c656c elementor-widget elementor-widget-global elementor-global-5081 elementor-widget-breadcrumbs\" data-id=\"33c656c\" data-element_type=\"widget\" data-widget_type=\"breadcrumbs.default\">\n\t\t\t\t<div class=\"elementor-widget-container\">\n\t\t\t<p id=\"breadcrumbs\"><span><span><a href=\"https:\/\/oyprojects.com\/tr\/\">Home<\/a><\/span><\/span><\/p>\t\t<\/div>\n\t\t\t\t<\/div>\n\t\t\t\t\t<\/div>\n\t\t<\/div>\n\t\t\t\t\t<\/div>\n\t\t<\/section>\n\t\t\t\t<section class=\"elementor-section elementor-top-section elementor-element elementor-element-e8cd02b elementor-section-boxed elementor-section-height-default elementor-section-height-default\" data-id=\"e8cd02b\" data-element_type=\"section\" data-settings=\"{&quot;background_background&quot;:&quot;classic&quot;}\">\n\t\t\t\t\t\t<div class=\"elementor-container elementor-column-gap-default\">\n\t\t\t\t\t<div class=\"elementor-column elementor-col-50 elementor-top-column elementor-element elementor-element-fccf697\" data-id=\"fccf697\" data-element_type=\"column\">\n\t\t\t<div class=\"elementor-widget-wrap elementor-element-populated\">\n\t\t\t\t\t\t<div class=\"elementor-element elementor-element-cc7b520 elementor-widget elementor-widget-image\" data-id=\"cc7b520\" data-element_type=\"widget\" data-widget_type=\"image.default\">\n\t\t\t\t<div class=\"elementor-widget-container\">\n\t\t\t\t\t\t\t\t\t\t\t\t\t<img fetchpriority=\"high\" decoding=\"async\" width=\"800\" height=\"534\" src=\"https:\/\/oyprojects.com\/wp-content\/uploads\/2022\/02\/oy-projects-2-1024x683.jpg\" class=\"attachment-large size-large wp-image-5016\" alt=\"\" srcset=\"https:\/\/oyprojects.com\/wp-content\/uploads\/2022\/02\/oy-projects-2-1024x683.jpg 1024w, https:\/\/oyprojects.com\/wp-content\/uploads\/2022\/02\/oy-projects-2-300x200.jpg 300w, https:\/\/oyprojects.com\/wp-content\/uploads\/2022\/02\/oy-projects-2-768x512.jpg 768w, https:\/\/oyprojects.com\/wp-content\/uploads\/2022\/02\/oy-projects-2-1536x1024.jpg 1536w, https:\/\/oyprojects.com\/wp-content\/uploads\/2022\/02\/oy-projects-2-2048x1365.jpg 2048w\" sizes=\"(max-width: 800px) 100vw, 800px\" \/>\t\t\t\t\t\t\t\t\t\t\t\t\t<\/div>\n\t\t\t\t<\/div>\n\t\t\t\t\t<\/div>\n\t\t<\/div>\n\t\t\t\t<div class=\"elementor-column elementor-col-50 elementor-top-column elementor-element elementor-element-7188e84\" data-id=\"7188e84\" data-element_type=\"column\">\n\t\t\t<div class=\"elementor-widget-wrap elementor-element-populated\">\n\t\t\t\t\t\t<div class=\"elementor-element elementor-element-81be078 elementor-widget elementor-widget-text-editor\" data-id=\"81be078\" data-element_type=\"widget\" data-widget_type=\"text-editor.default\">\n\t\t\t\t<div class=\"elementor-widget-container\">\n\t\t\t\t\t\t\t<p>Sa\u011fl\u0131k \u00f6nceli\u011fimiz, <strong>4D <\/strong>felsefemiz!<\/p><p>\u0130nsan DOSTU Hayvan DOSTU<\/p><p>Do\u011fa DOSTU Ekoloji DOSTU<\/p><p>Bu evrende yaln\u0131z olmad\u0131\u011f\u0131m\u0131z\u0131, sadece onun bir par\u00e7as\u0131 oldu\u011fumuzu biliyoruz.\u00a0<\/p><p>Sa\u011fl\u0131kl\u0131 ve ya\u015fanabilir bir \u00e7evrede ya\u015faman\u0131n herkesin hakk\u0131 oldu\u011funa inan\u0131yoruz.<\/p><p>Su alt\u0131ndaki ya\u015fam\u0131, karadaki ya\u015fam\u0131 ve iklim eylemlerini iyile\u015ftirmek gereklili\u011fini biliyor, bunun i\u00e7in etkin olacak her harekette yer almay\u0131 ve i\u015fbirli\u011fi yapmay\u0131 ama\u00e7l\u0131yoruz.<\/p><p>D\u00fcnyada yoksullu\u011fun bitmesi, a\u00e7l\u0131\u011f\u0131n s\u0131f\u0131rlanmas\u0131, her insan\u0131n sa\u011fl\u0131k ve esenlik haklar\u0131 oldu\u011funu biliyor, bunlar\u0131n ger\u00e7ekle\u015fmesinde katk\u0131m\u0131z olsun istiyoruz.\u00a0<\/p><p>\u00c7evre dostu, sorumlu insanlarla birlikte kaliteli ve rafine bir gelecek in\u015fa edebilece\u011fimize inan\u0131yoruz.<\/p>\t\t\t\t\t\t<\/div>\n\t\t\t\t<\/div>\n\t\t\t\t\t<\/div>\n\t\t<\/div>\n\t\t\t\t\t<\/div>\n\t\t<\/section>\n\t\t\t\t<\/div>\n\t\t","protected":false},"excerpt":{"rendered":"<p>FELSEFEM\u0130Z Sa\u011fl\u0131k \u00f6nceli\u011fimiz, 4D felsefemiz! \u0130nsan DOSTU Hayvan DOSTU Do\u011fa DOSTU Ekoloji DOSTU Bu evrende yaln\u0131z olmad\u0131\u011f\u0131m\u0131z\u0131, sadece onun bir par\u00e7as\u0131 oldu\u011fumuzu biliyoruz.\u00a0 Sa\u011fl\u0131kl\u0131 ve ya\u015fanabilir bir \u00e7evrede ya\u015faman\u0131n herkesin hakk\u0131 oldu\u011funa inan\u0131yoruz. Su alt\u0131ndaki ya\u015fam\u0131, karadaki ya\u015fam\u0131 ve iklim eylemlerini iyile\u015ftirmek gereklili\u011fini biliyor, bunun i\u00e7in etkin olacak her harekette yer almay\u0131 ve i\u015fbirli\u011fi yapmay\u0131 [&hellip;]<\/p>\n","protected":false},"author":1,"featured_media":0,"parent":0,"menu_order":0,"comment_status":"closed","ping_status":"closed","template":"","meta":{"footnotes":""},"yoast_head":"<!-- This site is optimized with the Yoast SEO plugin v22.5 - https:\/\/yoast.com\/wordpress\/plugins\/seo\/ -->\n<title>Felsefemiz - OYPROJECTS<\/title>\n<meta name=\"robots\" content=\"index, follow, max-snippet:-1, max-image-preview:large, max-video-preview:-1\" \/>\n<link rel=\"canonical\" href=\"https:\/\/oyprojects.com\/tr\/felsefemiz\/\" \/>\n<meta property=\"og:locale\" content=\"tr_TR\" \/>\n<meta property=\"og:type\" content=\"article\" \/>\n<meta property=\"og:title\" content=\"Felsefemiz - OYPROJECTS\" \/>\n<meta property=\"og:description\" content=\"FELSEFEM\u0130Z Sa\u011fl\u0131k \u00f6nceli\u011fimiz, 4D felsefemiz! \u0130nsan DOSTU Hayvan DOSTU Do\u011fa DOSTU Ekoloji DOSTU Bu evrende yaln\u0131z olmad\u0131\u011f\u0131m\u0131z\u0131, sadece onun bir par\u00e7as\u0131 oldu\u011fumuzu biliyoruz.\u00a0 Sa\u011fl\u0131kl\u0131 ve ya\u015fanabilir bir \u00e7evrede ya\u015faman\u0131n herkesin hakk\u0131 oldu\u011funa inan\u0131yoruz. Su alt\u0131ndaki ya\u015fam\u0131, karadaki ya\u015fam\u0131 ve iklim eylemlerini iyile\u015ftirmek gereklili\u011fini biliyor, bunun i\u00e7in etkin olacak her harekette yer almay\u0131 ve i\u015fbirli\u011fi yapmay\u0131 [&hellip;]\" \/>\n<meta property=\"og:url\" content=\"https:\/\/oyprojects.com\/tr\/felsefemiz\/\" \/>\n<meta property=\"og:site_name\" content=\"OYPROJECTS\" \/>\n<meta property=\"article:modified_time\" content=\"2024-04-17T18:35:02+00:00\" \/>\n<meta property=\"og:image\" content=\"https:\/\/oyprojects.com\/wp-content\/uploads\/2022\/02\/oy-projects-2-1024x683.jpg\" \/>\n<meta name=\"twitter:card\" content=\"summary_large_image\" \/>\n<meta name=\"twitter:label1\" content=\"Tahmini okuma s\u00fcresi\" \/>\n\t<meta name=\"twitter:data1\" content=\"1 dakika\" \/>\n<script type=\"application\/ld+json\" class=\"yoast-schema-graph\">{\"@context\":\"https:\/\/schema.org\",\"@graph\":[{\"@type\":\"WebPage\",\"@id\":\"https:\/\/oyprojects.com\/tr\/felsefemiz\/\",\"url\":\"https:\/\/oyprojects.com\/tr\/felsefemiz\/\",\"name\":\"Felsefemiz - OYPROJECTS\",\"isPartOf\":{\"@id\":\"https:\/\/oyprojects.com\/tr\/#website\"},\"primaryImageOfPage\":{\"@id\":\"https:\/\/oyprojects.com\/tr\/felsefemiz\/#primaryimage\"},\"image\":{\"@id\":\"https:\/\/oyprojects.com\/tr\/felsefemiz\/#primaryimage\"},\"thumbnailUrl\":\"https:\/\/oyprojects.com\/wp-content\/uploads\/2022\/02\/oy-projects-2-1024x683.jpg\",\"datePublished\":\"2021-06-30T14:07:20+00:00\",\"dateModified\":\"2024-04-17T18:35:02+00:00\",\"breadcrumb\":{\"@id\":\"https:\/\/oyprojects.com\/tr\/felsefemiz\/#breadcrumb\"},\"inLanguage\":\"tr\",\"potentialAction\":[{\"@type\":\"ReadAction\",\"target\":[\"https:\/\/oyprojects.com\/tr\/felsefemiz\/\"]}]},{\"@type\":\"ImageObject\",\"inLanguage\":\"tr\",\"@id\":\"https:\/\/oyprojects.com\/tr\/felsefemiz\/#primaryimage\",\"url\":\"https:\/\/oyprojects.com\/wp-content\/uploads\/2022\/02\/oy-projects-2-1024x683.jpg\",\"contentUrl\":\"https:\/\/oyprojects.com\/wp-content\/uploads\/2022\/02\/oy-projects-2-1024x683.jpg\"},{\"@type\":\"BreadcrumbList\",\"@id\":\"https:\/\/oyprojects.com\/tr\/felsefemiz\/#breadcrumb\",\"itemListElement\":[{\"@type\":\"ListItem\",\"position\":1,\"name\":\"Home\",\"item\":\"https:\/\/oyprojects.com\/tr\/\"},{\"@type\":\"ListItem\",\"position\":2,\"name\":\"Felsefemiz\"}]},{\"@type\":\"WebSite\",\"@id\":\"https:\/\/oyprojects.com\/tr\/#website\",\"url\":\"https:\/\/oyprojects.com\/tr\/\",\"name\":\"OYPROJECTS\",\"description\":\"Interior Design &amp; International Trade\",\"publisher\":{\"@id\":\"https:\/\/oyprojects.com\/tr\/#organization\"},\"potentialAction\":[{\"@type\":\"SearchAction\",\"target\":{\"@type\":\"EntryPoint\",\"urlTemplate\":\"https:\/\/oyprojects.com\/tr\/?s={search_term_string}\"},\"query-input\":\"required name=search_term_string\"}],\"inLanguage\":\"tr\"},{\"@type\":\"Organization\",\"@id\":\"https:\/\/oyprojects.com\/tr\/#organization\",\"name\":\"OY PROJECTS\u00ae\",\"url\":\"https:\/\/oyprojects.com\/tr\/\",\"logo\":{\"@type\":\"ImageObject\",\"inLanguage\":\"tr\",\"@id\":\"https:\/\/oyprojects.com\/tr\/#\/schema\/logo\/image\/\",\"url\":\"https:\/\/oyprojects.com\/wp-content\/uploads\/2021\/06\/oyprojects-logo-EN.png\",\"contentUrl\":\"https:\/\/oyprojects.com\/wp-content\/uploads\/2021\/06\/oyprojects-logo-EN.png\",\"width\":1264,\"height\":346,\"caption\":\"OY PROJECTS\u00ae\"},\"image\":{\"@id\":\"https:\/\/oyprojects.com\/tr\/#\/schema\/logo\/image\/\"}}]}<\/script>\n<!-- \/ Yoast SEO plugin. -->","yoast_head_json":{"title":"Felsefemiz - OYPROJECTS","robots":{"index":"index","follow":"follow","max-snippet":"max-snippet:-1","max-image-preview":"max-image-preview:large","max-video-preview":"max-video-preview:-1"},"canonical":"https:\/\/oyprojects.com\/tr\/felsefemiz\/","og_locale":"tr_TR","og_type":"article","og_title":"Felsefemiz - OYPROJECTS","og_description":"FELSEFEM\u0130Z Sa\u011fl\u0131k \u00f6nceli\u011fimiz, 4D felsefemiz! \u0130nsan DOSTU Hayvan DOSTU Do\u011fa DOSTU Ekoloji DOSTU Bu evrende yaln\u0131z olmad\u0131\u011f\u0131m\u0131z\u0131, sadece onun bir par\u00e7as\u0131 oldu\u011fumuzu biliyoruz.\u00a0 Sa\u011fl\u0131kl\u0131 ve ya\u015fanabilir bir \u00e7evrede ya\u015faman\u0131n herkesin hakk\u0131 oldu\u011funa inan\u0131yoruz. Su alt\u0131ndaki ya\u015fam\u0131, karadaki ya\u015fam\u0131 ve iklim eylemlerini iyile\u015ftirmek gereklili\u011fini biliyor, bunun i\u00e7in etkin olacak her harekette yer almay\u0131 ve i\u015fbirli\u011fi yapmay\u0131 [&hellip;]","og_url":"https:\/\/oyprojects.com\/tr\/felsefemiz\/","og_site_name":"OYPROJECTS","article_modified_time":"2024-04-17T18:35:02+00:00","og_image":[{"url":"https:\/\/oyprojects.com\/wp-content\/uploads\/2022\/02\/oy-projects-2-1024x683.jpg"}],"twitter_card":"summary_large_image","twitter_misc":{"Tahmini okuma s\u00fcresi":"1 dakika"},"schema":{"@context":"https:\/\/schema.org","@graph":[{"@type":"WebPage","@id":"https:\/\/oyprojects.com\/tr\/felsefemiz\/","url":"https:\/\/oyprojects.com\/tr\/felsefemiz\/","name":"Felsefemiz - OYPROJECTS","isPartOf":{"@id":"https:\/\/oyprojects.com\/tr\/#website"},"primaryImageOfPage":{"@id":"https:\/\/oyprojects.com\/tr\/felsefemiz\/#primaryimage"},"image":{"@id":"https:\/\/oyprojects.com\/tr\/felsefemiz\/#primaryimage"},"thumbnailUrl":"https:\/\/oyprojects.com\/wp-content\/uploads\/2022\/02\/oy-projects-2-1024x683.jpg","datePublished":"2021-06-30T14:07:20+00:00","dateModified":"2024-04-17T18:35:02+00:00","breadcrumb":{"@id":"https:\/\/oyprojects.com\/tr\/felsefemiz\/#breadcrumb"},"inLanguage":"tr","potentialAction":[{"@type":"ReadAction","target":["https:\/\/oyprojects.com\/tr\/felsefemiz\/"]}]},{"@type":"ImageObject","inLanguage":"tr","@id":"https:\/\/oyprojects.com\/tr\/felsefemiz\/#primaryimage","url":"https:\/\/oyprojects.com\/wp-content\/uploads\/2022\/02\/oy-projects-2-1024x683.jpg","contentUrl":"https:\/\/oyprojects.com\/wp-content\/uploads\/2022\/02\/oy-projects-2-1024x683.jpg"},{"@type":"BreadcrumbList","@id":"https:\/\/oyprojects.com\/tr\/felsefemiz\/#breadcrumb","itemListElement":[{"@type":"ListItem","position":1,"name":"Home","item":"https:\/\/oyprojects.com\/tr\/"},{"@type":"ListItem","position":2,"name":"Felsefemiz"}]},{"@type":"WebSite","@id":"https:\/\/oyprojects.com\/tr\/#website","url":"https:\/\/oyprojects.com\/tr\/","name":"OYPROJECTS","description":"Interior Design &amp; International Trade","publisher":{"@id":"https:\/\/oyprojects.com\/tr\/#organization"},"potentialAction":[{"@type":"SearchAction","target":{"@type":"EntryPoint","urlTemplate":"https:\/\/oyprojects.com\/tr\/?s={search_term_string}"},"query-input":"required name=search_term_string"}],"inLanguage":"tr"},{"@type":"Organization","@id":"https:\/\/oyprojects.com\/tr\/#organization","name":"OY PROJECTS\u00ae","url":"https:\/\/oyprojects.com\/tr\/","logo":{"@type":"ImageObject","inLanguage":"tr","@id":"https:\/\/oyprojects.com\/tr\/#\/schema\/logo\/image\/","url":"https:\/\/oyprojects.com\/wp-content\/uploads\/2021\/06\/oyprojects-logo-EN.png","contentUrl":"https:\/\/oyprojects.com\/wp-content\/uploads\/2021\/06\/oyprojects-logo-EN.png","width":1264,"height":346,"caption":"OY PROJECTS\u00ae"},"image":{"@id":"https:\/\/oyprojects.com\/tr\/#\/schema\/logo\/image\/"}}]}},"_links":{"self":[{"href":"https:\/\/oyprojects.com\/tr\/wp-json\/wp\/v2\/pages\/4058"}],"collection":[{"href":"https:\/\/oyprojects.com\/tr\/wp-json\/wp\/v2\/pages"}],"about":[{"href":"https:\/\/oyprojects.com\/tr\/wp-json\/wp\/v2\/types\/page"}],"author":[{"embeddable":true,"href":"https:\/\/oyprojects.com\/tr\/wp-json\/wp\/v2\/users\/1"}],"replies":[{"embeddable":true,"href":"https:\/\/oyprojects.com\/tr\/wp-json\/wp\/v2\/comments?post=4058"}],"version-history":[{"count":0,"href":"https:\/\/oyprojects.com\/tr\/wp-json\/wp\/v2\/pages\/4058\/revisions"}],"wp:attachment":[{"href":"https:\/\/oyprojects.com\/tr\/wp-json\/wp\/v2\/media?parent=4058"}],"curies":[{"name":"wp","href":"https:\/\/api.w.org\/{rel}","templated":true}]}}