{"id":2652,"date":"2021-06-25T17:27:39","date_gmt":"2021-06-25T14:27:39","guid":{"rendered":"https:\/\/oyprojects.com\/ana-sayfa\/"},"modified":"2024-04-16T13:23:28","modified_gmt":"2024-04-16T10:23:28","slug":"ana-sayfa","status":"publish","type":"page","link":"https:\/\/oyprojects.com\/tr\/","title":{"rendered":"ANA SAYFA"},"content":{"rendered":"\t\t<div data-elementor-type=\"wp-page\" data-elementor-id=\"2652\" class=\"elementor elementor-2652 elementor-6\">\n\t\t\t\t\t\t<section class=\"elementor-section elementor-top-section elementor-element elementor-element-706b4663 elementor-section-content-middle elementor-section-boxed elementor-section-height-default elementor-section-height-default\" data-id=\"706b4663\" data-element_type=\"section\" data-settings=\"{&quot;background_background&quot;:&quot;classic&quot;}\">\n\t\t\t\t\t\t<div class=\"elementor-container elementor-column-gap-no\">\n\t\t\t\t\t<div class=\"elementor-column elementor-col-100 elementor-top-column elementor-element elementor-element-6002c457\" data-id=\"6002c457\" data-element_type=\"column\">\n\t\t\t<div class=\"elementor-widget-wrap elementor-element-populated\">\n\t\t\t\t\t\t<div class=\"elementor-element elementor-element-0b9d806 elementor-widget elementor-widget-heading\" data-id=\"0b9d806\" data-element_type=\"widget\" data-widget_type=\"heading.default\">\n\t\t\t\t<div class=\"elementor-widget-container\">\n\t\t\t<h2 class=\"elementor-heading-title elementor-size-default\">OY PROJECTS\u00ae<br><span style=\"caret-color: rgb(10, 9, 8); color: rgb(10, 9, 8); font-family: HeptaSlab-Regular, sans-serif; font-size: 14px; white-space: normal;\">M\u0130MARLIK ve ULUSLARARASI T\u0130CARET \u015firketleri<\/span><span style=\"caret-color: rgb(10, 9, 8); color: rgb(10, 9, 8); font-family: HeptaSlab-Regular, sans-serif; font-size: 14px; white-space: normal;\"> olarak faaliyet g\u00f6steren \u0130stanbul, T\u00fcrkiye ve Miami, ABD merkezli bir kurulu\u015ftur.<\/span>&nbsp;<br><span style=\"caret-color: rgb(10, 9, 8); color: rgb(10, 9, 8); font-family: HeptaSlab-Regular, sans-serif; font-size: 14px; white-space: normal;\">Her iki \u015firket de \u00f6zel konut ve ticari binalar\u0131n TASARIM ve UYGULAMASI konusunda uzmanla\u015fm\u0131\u015f olup, bu projelere kaynak ve malzeme temini yapmaktad\u0131r.<\/span><\/h2>\t\t<\/div>\n\t\t\t\t<\/div>\n\t\t\t\t\t<\/div>\n\t\t<\/div>\n\t\t\t\t\t<\/div>\n\t\t<\/section>\n\t\t\t\t<section class=\"elementor-section elementor-top-section elementor-element elementor-element-6cf15f6 elementor-section-height-min-height elementor-section-full_width elementor-section-height-default elementor-section-items-middle\" data-id=\"6cf15f6\" data-element_type=\"section\">\n\t\t\t\t\t\t<div class=\"elementor-container elementor-column-gap-no\">\n\t\t\t\t\t<div class=\"elementor-column elementor-col-100 elementor-top-column elementor-element elementor-element-da9c631\" data-id=\"da9c631\" data-element_type=\"column\">\n\t\t\t<div class=\"elementor-widget-wrap elementor-element-populated\">\n\t\t\t\t\t\t<div class=\"elementor-element elementor-element-9c28545 elementor-pagination-position-outside elementor--h-position-center elementor--v-position-middle elementor-arrows-position-inside elementor-widget elementor-widget-slides\" data-id=\"9c28545\" data-element_type=\"widget\" data-settings=\"{&quot;navigation&quot;:&quot;both&quot;,&quot;autoplay&quot;:&quot;yes&quot;,&quot;pause_on_hover&quot;:&quot;yes&quot;,&quot;pause_on_interaction&quot;:&quot;yes&quot;,&quot;autoplay_speed&quot;:5000,&quot;infinite&quot;:&quot;yes&quot;,&quot;transition&quot;:&quot;slide&quot;,&quot;transition_speed&quot;:500}\" data-widget_type=\"slides.default\">\n\t\t\t\t<div class=\"elementor-widget-container\">\n\t\t\t\t\t<div class=\"elementor-swiper\">\n\t\t\t<div class=\"elementor-slides-wrapper elementor-main-swiper swiper\" dir=\"ltr\" data-animation=\"fadeInUp\">\n\t\t\t\t<div class=\"swiper-wrapper elementor-slides\">\n\t\t\t\t\t\t\t\t\t\t<div class=\"elementor-repeater-item-f6cd16b swiper-slide\"><div class=\"swiper-slide-bg elementor-ken-burns elementor-ken-burns--in\" role=\"img\"><\/div><div class=\"elementor-background-overlay\"><\/div><a class=\"swiper-slide-inner\" href=\"https:\/\/oyprojects.com\/tr\/proje-tasarlama\/\"><div class=\"swiper-slide-contents\"><div class=\"elementor-slide-heading\">\u0130\u00c7 M\u0130MARLIK<\/div><div  class=\"elementor-button elementor-slide-button elementor-size-xs\">Detayl\u0131 Bilgi<\/div><\/div><\/a><\/div><div class=\"elementor-repeater-item-1197743 swiper-slide\"><div class=\"swiper-slide-bg elementor-ken-burns elementor-ken-burns--in\" role=\"img\"><\/div><div class=\"elementor-background-overlay\"><\/div><a class=\"swiper-slide-inner\" href=\"https:\/\/oyprojects.com\/tr\/ithalat-ihracat\/\"><div class=\"swiper-slide-contents\"><div class=\"elementor-slide-heading\">ULUSLARARASI T\u0130CARET<\/div><div  class=\"elementor-button elementor-slide-button elementor-size-xs\">Detayl\u0131 Bilgi<\/div><\/div><\/a><\/div>\t\t\t\t<\/div>\n\t\t\t\t\t\t\t\t\t\t\t\t\t\t\t<div class=\"swiper-pagination\"><\/div>\n\t\t\t\t\t\t\t\t\t\t\t\t\t\t\t\t<div class=\"elementor-swiper-button elementor-swiper-button-prev\" role=\"button\" tabindex=\"0\">\n\t\t\t\t\t\t\t<i aria-hidden=\"true\" class=\"eicon-chevron-left\"><\/i>\t\t\t\t\t\t\t<span class=\"elementor-screen-only\">Previous slide<\/span>\n\t\t\t\t\t\t<\/div>\n\t\t\t\t\t\t<div class=\"elementor-swiper-button elementor-swiper-button-next\" role=\"button\" tabindex=\"0\">\n\t\t\t\t\t\t\t<i aria-hidden=\"true\" class=\"eicon-chevron-right\"><\/i>\t\t\t\t\t\t\t<span class=\"elementor-screen-only\">Next slide<\/span>\n\t\t\t\t\t\t<\/div>\n\t\t\t\t\t\t\t\t\t\t\t\t<\/div>\n\t\t<\/div>\n\t\t\t\t<\/div>\n\t\t\t\t<\/div>\n\t\t\t\t\t<\/div>\n\t\t<\/div>\n\t\t\t\t\t<\/div>\n\t\t<\/section>\n\t\t\t\t<\/div>\n\t\t","protected":false},"excerpt":{"rendered":"<p>OY PROJECTS\u00aeM\u0130MARLIK ve ULUSLARARASI T\u0130CARET \u015firketleri olarak faaliyet g\u00f6steren \u0130stanbul, T\u00fcrkiye ve Miami, ABD merkezli bir kurulu\u015ftur.&nbsp;Her iki \u015firket de \u00f6zel konut ve ticari binalar\u0131n TASARIM ve UYGULAMASI konusunda uzmanla\u015fm\u0131\u015f olup, bu projelere kaynak ve malzeme temini yapmaktad\u0131r. \u0130\u00c7 M\u0130MARLIKDetayl\u0131 BilgiULUSLARARASI T\u0130CARETDetayl\u0131 Bilgi Previous Next<\/p>\n","protected":false},"author":1,"featured_media":0,"parent":0,"menu_order":0,"comment_status":"closed","ping_status":"closed","template":"","meta":{"footnotes":""},"yoast_head":"<!-- This site is optimized with the Yoast SEO plugin v22.5 - https:\/\/yoast.com\/wordpress\/plugins\/seo\/ -->\n<title>ANA SAYFA - OYPROJECTS<\/title>\n<meta name=\"robots\" content=\"index, follow, max-snippet:-1, max-image-preview:large, max-video-preview:-1\" \/>\n<link rel=\"canonical\" href=\"https:\/\/oyprojects.com\/tr\/\" \/>\n<meta property=\"og:locale\" content=\"tr_TR\" \/>\n<meta property=\"og:type\" content=\"article\" \/>\n<meta property=\"og:title\" content=\"ANA SAYFA - OYPROJECTS\" \/>\n<meta property=\"og:description\" content=\"OY PROJECTS\u00aeM\u0130MARLIK ve ULUSLARARASI T\u0130CARET \u015firketleri olarak faaliyet g\u00f6steren \u0130stanbul, T\u00fcrkiye ve Miami, ABD merkezli bir kurulu\u015ftur.&nbsp;Her iki \u015firket de \u00f6zel konut ve ticari binalar\u0131n TASARIM ve UYGULAMASI konusunda uzmanla\u015fm\u0131\u015f olup, bu projelere kaynak ve malzeme temini yapmaktad\u0131r. \u0130\u00c7 M\u0130MARLIKDetayl\u0131 BilgiULUSLARARASI T\u0130CARETDetayl\u0131 Bilgi Previous Next\" \/>\n<meta property=\"og:url\" content=\"https:\/\/oyprojects.com\/tr\/\" \/>\n<meta property=\"og:site_name\" content=\"OYPROJECTS\" \/>\n<meta property=\"article:modified_time\" content=\"2024-04-16T10:23:28+00:00\" \/>\n<meta name=\"twitter:card\" content=\"summary_large_image\" \/>\n<meta name=\"twitter:label1\" content=\"Tahmini okuma s\u00fcresi\" \/>\n\t<meta name=\"twitter:data1\" content=\"1 dakika\" \/>\n<script type=\"application\/ld+json\" class=\"yoast-schema-graph\">{\"@context\":\"https:\/\/schema.org\",\"@graph\":[{\"@type\":\"WebPage\",\"@id\":\"https:\/\/oyprojects.com\/tr\/\",\"url\":\"https:\/\/oyprojects.com\/tr\/\",\"name\":\"ANA SAYFA - OYPROJECTS\",\"isPartOf\":{\"@id\":\"https:\/\/oyprojects.com\/tr\/#website\"},\"datePublished\":\"2021-06-25T14:27:39+00:00\",\"dateModified\":\"2024-04-16T10:23:28+00:00\",\"breadcrumb\":{\"@id\":\"https:\/\/oyprojects.com\/tr\/#breadcrumb\"},\"inLanguage\":\"tr\",\"potentialAction\":[{\"@type\":\"ReadAction\",\"target\":[\"https:\/\/oyprojects.com\/tr\/\"]}]},{\"@type\":\"BreadcrumbList\",\"@id\":\"https:\/\/oyprojects.com\/tr\/#breadcrumb\",\"itemListElement\":[{\"@type\":\"ListItem\",\"position\":1,\"name\":\"Home\",\"item\":\"https:\/\/oyprojects.com\/tr\/\"},{\"@type\":\"ListItem\",\"position\":2,\"name\":\"ANA SAYFA\"}]},{\"@type\":\"WebSite\",\"@id\":\"https:\/\/oyprojects.com\/tr\/#website\",\"url\":\"https:\/\/oyprojects.com\/tr\/\",\"name\":\"OYPROJECTS\",\"description\":\"Interior Design &amp; International Trade\",\"publisher\":{\"@id\":\"https:\/\/oyprojects.com\/tr\/#organization\"},\"potentialAction\":[{\"@type\":\"SearchAction\",\"target\":{\"@type\":\"EntryPoint\",\"urlTemplate\":\"https:\/\/oyprojects.com\/tr\/?s={search_term_string}\"},\"query-input\":\"required name=search_term_string\"}],\"inLanguage\":\"tr\"},{\"@type\":\"Organization\",\"@id\":\"https:\/\/oyprojects.com\/tr\/#organization\",\"name\":\"OY PROJECTS\u00ae\",\"url\":\"https:\/\/oyprojects.com\/tr\/\",\"logo\":{\"@type\":\"ImageObject\",\"inLanguage\":\"tr\",\"@id\":\"https:\/\/oyprojects.com\/tr\/#\/schema\/logo\/image\/\",\"url\":\"https:\/\/oyprojects.com\/wp-content\/uploads\/2021\/06\/oyprojects-logo-EN.png\",\"contentUrl\":\"https:\/\/oyprojects.com\/wp-content\/uploads\/2021\/06\/oyprojects-logo-EN.png\",\"width\":1264,\"height\":346,\"caption\":\"OY PROJECTS\u00ae\"},\"image\":{\"@id\":\"https:\/\/oyprojects.com\/tr\/#\/schema\/logo\/image\/\"}}]}<\/script>\n<!-- \/ Yoast SEO plugin. -->","yoast_head_json":{"title":"ANA SAYFA - OYPROJECTS","robots":{"index":"index","follow":"follow","max-snippet":"max-snippet:-1","max-image-preview":"max-image-preview:large","max-video-preview":"max-video-preview:-1"},"canonical":"https:\/\/oyprojects.com\/tr\/","og_locale":"tr_TR","og_type":"article","og_title":"ANA SAYFA - OYPROJECTS","og_description":"OY PROJECTS\u00aeM\u0130MARLIK ve ULUSLARARASI T\u0130CARET \u015firketleri olarak faaliyet g\u00f6steren \u0130stanbul, T\u00fcrkiye ve Miami, ABD merkezli bir kurulu\u015ftur.&nbsp;Her iki \u015firket de \u00f6zel konut ve ticari binalar\u0131n TASARIM ve UYGULAMASI konusunda uzmanla\u015fm\u0131\u015f olup, bu projelere kaynak ve malzeme temini yapmaktad\u0131r. \u0130\u00c7 M\u0130MARLIKDetayl\u0131 BilgiULUSLARARASI T\u0130CARETDetayl\u0131 Bilgi Previous Next","og_url":"https:\/\/oyprojects.com\/tr\/","og_site_name":"OYPROJECTS","article_modified_time":"2024-04-16T10:23:28+00:00","twitter_card":"summary_large_image","twitter_misc":{"Tahmini okuma s\u00fcresi":"1 dakika"},"schema":{"@context":"https:\/\/schema.org","@graph":[{"@type":"WebPage","@id":"https:\/\/oyprojects.com\/tr\/","url":"https:\/\/oyprojects.com\/tr\/","name":"ANA SAYFA - OYPROJECTS","isPartOf":{"@id":"https:\/\/oyprojects.com\/tr\/#website"},"datePublished":"2021-06-25T14:27:39+00:00","dateModified":"2024-04-16T10:23:28+00:00","breadcrumb":{"@id":"https:\/\/oyprojects.com\/tr\/#breadcrumb"},"inLanguage":"tr","potentialAction":[{"@type":"ReadAction","target":["https:\/\/oyprojects.com\/tr\/"]}]},{"@type":"BreadcrumbList","@id":"https:\/\/oyprojects.com\/tr\/#breadcrumb","itemListElement":[{"@type":"ListItem","position":1,"name":"Home","item":"https:\/\/oyprojects.com\/tr\/"},{"@type":"ListItem","position":2,"name":"ANA SAYFA"}]},{"@type":"WebSite","@id":"https:\/\/oyprojects.com\/tr\/#website","url":"https:\/\/oyprojects.com\/tr\/","name":"OYPROJECTS","description":"Interior Design &amp; International Trade","publisher":{"@id":"https:\/\/oyprojects.com\/tr\/#organization"},"potentialAction":[{"@type":"SearchAction","target":{"@type":"EntryPoint","urlTemplate":"https:\/\/oyprojects.com\/tr\/?s={search_term_string}"},"query-input":"required name=search_term_string"}],"inLanguage":"tr"},{"@type":"Organization","@id":"https:\/\/oyprojects.com\/tr\/#organization","name":"OY PROJECTS\u00ae","url":"https:\/\/oyprojects.com\/tr\/","logo":{"@type":"ImageObject","inLanguage":"tr","@id":"https:\/\/oyprojects.com\/tr\/#\/schema\/logo\/image\/","url":"https:\/\/oyprojects.com\/wp-content\/uploads\/2021\/06\/oyprojects-logo-EN.png","contentUrl":"https:\/\/oyprojects.com\/wp-content\/uploads\/2021\/06\/oyprojects-logo-EN.png","width":1264,"height":346,"caption":"OY PROJECTS\u00ae"},"image":{"@id":"https:\/\/oyprojects.com\/tr\/#\/schema\/logo\/image\/"}}]}},"_links":{"self":[{"href":"https:\/\/oyprojects.com\/tr\/wp-json\/wp\/v2\/pages\/2652"}],"collection":[{"href":"https:\/\/oyprojects.com\/tr\/wp-json\/wp\/v2\/pages"}],"about":[{"href":"https:\/\/oyprojects.com\/tr\/wp-json\/wp\/v2\/types\/page"}],"author":[{"embeddable":true,"href":"https:\/\/oyprojects.com\/tr\/wp-json\/wp\/v2\/users\/1"}],"replies":[{"embeddable":true,"href":"https:\/\/oyprojects.com\/tr\/wp-json\/wp\/v2\/comments?post=2652"}],"version-history":[{"count":0,"href":"https:\/\/oyprojects.com\/tr\/wp-json\/wp\/v2\/pages\/2652\/revisions"}],"wp:attachment":[{"href":"https:\/\/oyprojects.com\/tr\/wp-json\/wp\/v2\/media?parent=2652"}],"curies":[{"name":"wp","href":"https:\/\/api.w.org\/{rel}","templated":true}]}}